{"id":41307,"date":"2024-05-28T12:52:30","date_gmt":"2024-05-28T12:52:30","guid":{"rendered":"https:\/\/nevenacolor.co.rs\/proizvod\/cool-boja-baze-per-metal-me-tharje-te-shpejte\/"},"modified":"2024-05-28T12:52:30","modified_gmt":"2024-05-28T12:52:30","slug":"cool-boja-baze-per-metal-me-tharje-te-shpejte","status":"publish","type":"product","link":"https:\/\/nevenacolor.co.rs\/sq\/proizvod\/cool-boja-baze-per-metal-me-tharje-te-shpejte\/","title":{"rendered":"Cool boja baz\u00eb p\u00ebr metal me tharje t\u00eb shpejt\u00eb"},"content":{"rendered":"<h3><strong>P\u00cbRSHKRIM DHE P\u00cbRDORIMI<\/strong><\/h3>\n<p class=\"p1\"><strong>Cool boja baz\u00eb me tharje t\u00eb shpejt\u00eb p\u00ebr metal<\/strong> \u00ebsht\u00eb nj\u00eb material nj\u00ebkomponent\u00ebsh baz\u00eb p\u00ebr lyerje, i bazuar n\u00eb lidh\u00ebs alkidik t\u00eb modifikuar, pigmente aktive antikorrozive, mbush\u00ebs dhe aditiv\u00eb. P\u00ebrdoret si shtres\u00eb baz\u00eb p\u00ebr mbrojtjen e t\u00eb gjitha llojeve t\u00eb sip\u00ebrfaqeve dhe pajisjeve metalike ku k\u00ebrkohet tharje e shpejt\u00eb. \u00cbsht\u00eb shtres\u00eb baz\u00eb p\u00ebr mbrojtjen e pajisjeve industriale metalike, makinave bujq\u00ebsore, konstruksioneve etj.  <\/p>\n<h3><strong>UDH\u00cbZIME P\u00cbR P\u00cbRDORIM<\/strong><\/h3>\n<p class=\"p1\">Sip\u00ebrfaqja e koroduar duhet t\u00eb pastrohet me rrym\u00eb abrasive (r\u00ebr\u00ebzim) ose t\u00eb g\u00ebrryhet me let\u00ebr g\u00ebrryese apo fur\u00e7\u00eb \u00e7eliku. Para aplikimit, sip\u00ebrfaqja duhet t\u00eb jet\u00eb e yndyrashuar, e that\u00eb dhe pa papast\u00ebrti. Aplikohet n\u00eb nj\u00eb ose dy shtresa me fur\u00e7\u00eb, rul, sp\u00ebrkatje ose zhytje. Hollohet me holluesin BS, i cili p\u00ebrdoret gjithashtu edhe p\u00ebr pastrimin e veglave.   <\/p>\n<h3><strong>KONSUMI<\/strong><\/h3>\n<p class=\"p1\">8-10 m<sup>\u00b2<\/sup>\/l p\u00ebr nj\u00eb shtres\u00eb.<\/p>\n<h3><strong>PAKIMI<\/strong><\/h3>\n<p class=\"p1\">0.9 kg, 3.5 kg dhe 25 kg<\/p>\n<h3><strong>AFATI I P\u00cbRDORIMIT DHE RUHATJA<\/strong><\/h3>\n<p class=\"p1\">Cool Radijator Lak ka nj\u00eb afat p\u00ebrdorimi prej 36 muajsh nga data e shtypur n\u00eb ambalazh. Duhet t\u00eb ruhet n\u00eb ambalazh origjinal, t\u00eb mbyllur mir\u00eb dhe t\u00eb paprekur, n\u00eb nj\u00eb temperatur\u00eb prej +5\u00baC deri n\u00eb +25\u00baC. <\/p>\n<h3><strong>DOKUMENTACIONI<\/strong><\/h3>\n<div class=\"dokumentacija\">\n<p><a class=\"dugmeproizvod\" href=\"https:\/\/nevenacolor.co.rs\/wp-content\/uploads\/2024\/11\/Tehnicka-dokumentacija-brzosusiva-temeljna.pdf\" target=\"_blank\" rel=\"noopener\">DOKUMENTACIONI TEKNIK<\/a><\/p>\n<p><a class=\"dugmeproizvod\" href=\"https:\/\/nevenacolor.co.rs\/wp-content\/uploads\/2024\/11\/Bezbedonosni-list-brzosusiva-temeljna.pdf\" target=\"_blank\" rel=\"noopener\">FLET\u00cbPAJISJE P\u00cbR SIGURI<\/a><\/p>\n<\/div>\n<p>&nbsp;<\/p>\n","protected":false},"excerpt":{"rendered":"<p>P\u00cbRSHKRIM DHE P\u00cbRDORIMI Cool boja baz\u00eb me tharje t\u00eb shpejt\u00eb p\u00ebr metal \u00ebsht\u00eb nj\u00eb material nj\u00ebkomponent\u00ebsh baz\u00eb p\u00ebr lyerje, i<\/p>\n","protected":false},"featured_media":30262,"template":"","meta":{"_monsterinsights_skip_tracking":false,"_monsterinsights_sitenote_active":false,"_monsterinsights_sitenote_note":"","_monsterinsights_sitenote_category":0},"product_brand":[],"product_cat":[563,564,562],"product_tag":[],"class_list":{"0":"post-41307","1":"product","2":"type-product","3":"status-publish","4":"has-post-thumbnail","6":"product_cat-mbrojtja-themelore-e-metalit","7":"product_cat-shtrese-e-tharjes-se-shpejte","8":"product_cat-shtrese-per-metal","10":"first","11":"instock","12":"shipping-taxable","13":"product-type-simple"},"_links":{"self":[{"href":"https:\/\/nevenacolor.co.rs\/sq\/wp-json\/wp\/v2\/product\/41307","targetHints":{"allow":["GET"]}}],"collection":[{"href":"https:\/\/nevenacolor.co.rs\/sq\/wp-json\/wp\/v2\/product"}],"about":[{"href":"https:\/\/nevenacolor.co.rs\/sq\/wp-json\/wp\/v2\/types\/product"}],"version-history":[{"count":0,"href":"https:\/\/nevenacolor.co.rs\/sq\/wp-json\/wp\/v2\/product\/41307\/revisions"}],"wp:featuredmedia":[{"embeddable":true,"href":"https:\/\/nevenacolor.co.rs\/sq\/wp-json\/wp\/v2\/media\/30262"}],"wp:attachment":[{"href":"https:\/\/nevenacolor.co.rs\/sq\/wp-json\/wp\/v2\/media?parent=41307"}],"wp:term":[{"taxonomy":"product_brand","embeddable":true,"href":"https:\/\/nevenacolor.co.rs\/sq\/wp-json\/wp\/v2\/product_brand?post=41307"},{"taxonomy":"product_cat","embeddable":true,"href":"https:\/\/nevenacolor.co.rs\/sq\/wp-json\/wp\/v2\/product_cat?post=41307"},{"taxonomy":"product_tag","embeddable":true,"href":"https:\/\/nevenacolor.co.rs\/sq\/wp-json\/wp\/v2\/product_tag?post=41307"}],"curies":[{"name":"wp","href":"https:\/\/api.w.org\/{rel}","templated":true}]}}