{"id":41309,"date":"2024-05-28T12:51:49","date_gmt":"2024-05-28T12:51:49","guid":{"rendered":"https:\/\/nevenacolor.co.rs\/proizvod\/cool-nitro-boja-baze-per-metal\/"},"modified":"2024-05-28T12:51:49","modified_gmt":"2024-05-28T12:51:49","slug":"cool-nitro-boja-baze-per-metal","status":"publish","type":"product","link":"https:\/\/nevenacolor.co.rs\/sq\/proizvod\/cool-nitro-boja-baze-per-metal\/","title":{"rendered":"Cool nitro boja baz\u00eb p\u00ebr metal"},"content":{"rendered":"<h3><strong>P\u00cbRSHKRIM DHE P\u00cbRDORIMI<\/strong><\/h3>\n<p class=\"p1\"><b>Cool nitro boja baz\u00eb p\u00ebr metal<\/b> p\u00ebrdoret p\u00ebr mbrojtjen antikorrozive t\u00eb sip\u00ebrfaqeve metalike n\u00eb ambiente t\u00eb brendshme dhe t\u00eb jashtme. Karakterizohet nga tharja e shpejt\u00eb, ngjitje e mir\u00eb, ngurt\u00ebsi dhe elasticitet. \u00cbsht\u00eb e b\u00ebr\u00eb nga lidh\u00ebs sintetike n\u00eb kombinim me nitroceluloz\u00ebn, pigmente, mbush\u00ebs, hollues dhe aditiv\u00eb special\u00eb.  <\/p>\n<h3><strong>UDH\u00cbZIME P\u00cbR P\u00cbRDORIM<\/strong><\/h3>\n<p class=\"p1\">Para p\u00ebrdorimit, p\u00ebrziejeni mir\u00eb. Aplikohet me fur\u00e7\u00eb, rul ose me sp\u00ebrkatje n\u00eb dy shtresa. Sip\u00ebrfaqja p\u00ebr aplikim duhet t\u00eb jet\u00eb e that\u00eb, e past\u00ebr, pa pluhur dhe yndyr\u00eb. P\u00ebr hollim dhe pastrim t\u00eb veglave p\u00ebrdoret holluesi nitro.   <\/p>\n<h3><strong>KONSUMI<\/strong><\/h3>\n<p class=\"p1\">8-10 m<span class=\"s1\"><sup>\u00b2<\/sup><\/span>\/l p\u00ebr nj\u00eb shtres\u00eb.<\/p>\n<h3><strong>PAKIMI<\/strong><\/h3>\n<p class=\"p1\">0.9 kg, 3.5 kg dhe 25 kg<\/p>\n<h3><strong>AFATI I P\u00cbRDORIMIT DHE RUHATJA<\/strong><\/h3>\n<p class=\"p1\">18 muaj nga data e shtypur n\u00eb paketim. Ruajeni n\u00eb paketim origjinal, <span class=\"Apple-converted-space\">  <\/span>t\u00eb mbyllur mir\u00eb dhe t\u00eb paprekur n\u00eb temperatur\u00eb prej +5\u00baC deri n\u00eb +25\u00baC, t\u00eb mbrojtur nga drita e drejtp\u00ebrdrejt\u00eb e diellit.<\/p>\n<h3><strong>DOKUMENTACIONI<\/strong><\/h3>\n<div class=\"dokumentacija\">\n<p><a class=\"dugmeproizvod\" href=\"https:\/\/nevenacolor.co.rs\/wp-content\/uploads\/2024\/11\/Tehnicka-dokumentacija-osnovna-boja.pdf\" target=\"_blank\" rel=\"noopener\">DOKUMENTACIONI TEKNIK<\/a><\/p>\n<p><a class=\"dugmeproizvod\" href=\"https:\/\/nevenacolor.co.rs\/wp-content\/uploads\/2024\/11\/Bezbedonosni-list-osnovna-boja.pdf\" target=\"_blank\" rel=\"noopener\">FLET\u00cbPAJISJE P\u00cbR SIGURI<\/a><\/p>\n<\/div>\n<p>&nbsp;<\/p>\n<p><iframe loading=\"lazy\" title=\"YouTube video player\" src=\"https:\/\/www.youtube.com\/embed\/pMJUKnWVNP8?si=rcyGHmfvEsLJ1FCk\" width=\"560\" height=\"415\" frameborder=\"0\" allowfullscreen=\"allowfullscreen\"><span data-mce-type=\"bookmark\" style=\"display: inline-block; width: 0px; overflow: hidden; line-height: 0;\" class=\"mce_SELRES_start\"><\/span><\/iframe><\/p>\n","protected":false},"excerpt":{"rendered":"<p>P\u00cbRSHKRIM DHE P\u00cbRDORIMI Cool nitro boja baz\u00eb p\u00ebr metal p\u00ebrdoret p\u00ebr mbrojtjen antikorrozive t\u00eb sip\u00ebrfaqeve metalike n\u00eb ambiente t\u00eb brendshme<\/p>\n","protected":false},"featured_media":30178,"template":"","meta":{"_monsterinsights_skip_tracking":false,"_monsterinsights_sitenote_active":false,"_monsterinsights_sitenote_note":"","_monsterinsights_sitenote_category":0},"product_brand":[],"product_cat":[563,562,565],"product_tag":[],"class_list":{"0":"post-41309","1":"product","2":"type-product","3":"status-publish","4":"has-post-thumbnail","6":"product_cat-mbrojtja-themelore-e-metalit","7":"product_cat-shtrese-per-metal","8":"product_cat-veshje-nitro","10":"first","11":"instock","12":"shipping-taxable","13":"product-type-simple"},"_links":{"self":[{"href":"https:\/\/nevenacolor.co.rs\/sq\/wp-json\/wp\/v2\/product\/41309","targetHints":{"allow":["GET"]}}],"collection":[{"href":"https:\/\/nevenacolor.co.rs\/sq\/wp-json\/wp\/v2\/product"}],"about":[{"href":"https:\/\/nevenacolor.co.rs\/sq\/wp-json\/wp\/v2\/types\/product"}],"version-history":[{"count":0,"href":"https:\/\/nevenacolor.co.rs\/sq\/wp-json\/wp\/v2\/product\/41309\/revisions"}],"wp:featuredmedia":[{"embeddable":true,"href":"https:\/\/nevenacolor.co.rs\/sq\/wp-json\/wp\/v2\/media\/30178"}],"wp:attachment":[{"href":"https:\/\/nevenacolor.co.rs\/sq\/wp-json\/wp\/v2\/media?parent=41309"}],"wp:term":[{"taxonomy":"product_brand","embeddable":true,"href":"https:\/\/nevenacolor.co.rs\/sq\/wp-json\/wp\/v2\/product_brand?post=41309"},{"taxonomy":"product_cat","embeddable":true,"href":"https:\/\/nevenacolor.co.rs\/sq\/wp-json\/wp\/v2\/product_cat?post=41309"},{"taxonomy":"product_tag","embeddable":true,"href":"https:\/\/nevenacolor.co.rs\/sq\/wp-json\/wp\/v2\/product_tag?post=41309"}],"curies":[{"name":"wp","href":"https:\/\/api.w.org\/{rel}","templated":true}]}}