{"id":41310,"date":"2024-05-28T12:51:29","date_gmt":"2024-05-28T12:51:29","guid":{"rendered":"https:\/\/nevenacolor.co.rs\/proizvod\/cool-boja-baze-per-metal\/"},"modified":"2024-05-28T12:51:29","modified_gmt":"2024-05-28T12:51:29","slug":"cool-boja-baze-per-metal","status":"publish","type":"product","link":"https:\/\/nevenacolor.co.rs\/sq\/proizvod\/cool-boja-baze-per-metal\/","title":{"rendered":"Cool boja baz\u00eb p\u00ebr metal"},"content":{"rendered":"<h3><strong>P\u00cbRSHKRIM DHE P\u00cbRDORIMI<\/strong><\/h3>\n<p class=\"p1\">Cool boja baz\u00eb p\u00ebr metal \u00ebsht\u00eb nj\u00eb material nj\u00ebkomponent\u00ebsh p\u00ebr lyerje, i bazuar n\u00eb lidh\u00ebs alkidik me cil\u00ebsi t\u00eb lart\u00eb, pigmente antikorrozive, aditiv\u00eb dhe hollues. P\u00ebrdoret p\u00ebr mbrojtjen e sip\u00ebrfaqeve metalike nga korrozioni si material baz\u00eb p\u00ebr lyerje.<\/p>\n<h3><strong>UDH\u00cbZIME P\u00cbR P\u00cbRDORIM<\/strong><\/h3>\n<p class=\"p1\">Aplikohet me fur\u00e7\u00eb, rul ose pistolet\u00eb mbi sip\u00ebrfaqe t\u00eb that\u00eb, t\u00eb past\u00ebr dhe t\u00eb yndyrashuar n\u00eb dy shtresa. Sip\u00ebrfaqja \u00ebsht\u00eb e that\u00eb p\u00ebr t&#8217;u prekur pas 4-6 or\u00ebsh. Para aplikimit t\u00eb shtres\u00ebs tjet\u00ebr, pritet 24 or\u00eb.   P\u00ebr hollim dhe pastrim t\u00eb veglave p\u00ebrdoret holluesi vajor.<\/p>\n<h3><strong>KONSUMI<\/strong><\/h3>\n<p class=\"p1\">0.9kg, 3.5kg, 25kg<\/p>\n<h3><strong>PAKIMI<\/strong><\/h3>\n<p class=\"p1\">Me 1 kg boje mund t\u00eb mbulohet 8-10 m\u00b2\/l n\u00eb nj\u00eb shtres\u00eb.<\/p>\n<h3><strong>AFATI I P\u00cbRDORIMIT DHE RUHATJA<\/strong><\/h3>\n<p class=\"p1\">Cool Radijator Lak ka nj\u00eb afat p\u00ebrdorimi prej 36 muajsh nga data e shtypur n\u00eb ambalazh. Duhet t\u00eb ruhet n\u00eb ambalazh origjinal, t\u00eb mbyllur mir\u00eb dhe t\u00eb paprekur, n\u00eb nj\u00eb temperatur\u00eb prej +5\u00baC deri n\u00eb +25\u00baC. <\/p>\n<h3><strong>DOKUMENTACIONI<\/strong><\/h3>\n<div class=\"dokumentacija\">\n<p><a class=\"dugmeproizvod\" href=\"https:\/\/nevenacolor.co.rs\/wp-content\/uploads\/2024\/11\/Tehnicka-dokumentacija-osnovna-metal.pdf\" target=\"_blank\" rel=\"noopener\">DOKUMENTACIONI TEKNIK<\/a><\/p>\n<p><a class=\"dugmeproizvod\" href=\"https:\/\/nevenacolor.co.rs\/wp-content\/uploads\/2024\/11\/Bezbednonsni-list-osnovna-metal.pdf\" target=\"_blank\" rel=\"noopener\">FLET\u00cbPAJISJE P\u00cbR SIGURI<\/a><\/p>\n<p>&nbsp;<\/p>\n<\/div>\n","protected":false},"excerpt":{"rendered":"<p>P\u00cbRSHKRIM DHE P\u00cbRDORIMI Cool boja baz\u00eb p\u00ebr metal \u00ebsht\u00eb nj\u00eb material nj\u00ebkomponent\u00ebsh p\u00ebr lyerje, i bazuar n\u00eb lidh\u00ebs alkidik me<\/p>\n","protected":false},"featured_media":30200,"template":"","meta":{"_monsterinsights_skip_tracking":false,"_monsterinsights_sitenote_active":false,"_monsterinsights_sitenote_note":"","_monsterinsights_sitenote_category":0},"product_brand":[],"product_cat":[563,562,566],"product_tag":[],"class_list":{"0":"post-41310","1":"product","2":"type-product","3":"status-publish","4":"has-post-thumbnail","6":"product_cat-mbrojtja-themelore-e-metalit","7":"product_cat-shtrese-per-metal","8":"product_cat-veshje-alkidi-me-baze-vaj","10":"first","11":"instock","12":"shipping-taxable","13":"product-type-simple"},"_links":{"self":[{"href":"https:\/\/nevenacolor.co.rs\/sq\/wp-json\/wp\/v2\/product\/41310","targetHints":{"allow":["GET"]}}],"collection":[{"href":"https:\/\/nevenacolor.co.rs\/sq\/wp-json\/wp\/v2\/product"}],"about":[{"href":"https:\/\/nevenacolor.co.rs\/sq\/wp-json\/wp\/v2\/types\/product"}],"version-history":[{"count":0,"href":"https:\/\/nevenacolor.co.rs\/sq\/wp-json\/wp\/v2\/product\/41310\/revisions"}],"wp:featuredmedia":[{"embeddable":true,"href":"https:\/\/nevenacolor.co.rs\/sq\/wp-json\/wp\/v2\/media\/30200"}],"wp:attachment":[{"href":"https:\/\/nevenacolor.co.rs\/sq\/wp-json\/wp\/v2\/media?parent=41310"}],"wp:term":[{"taxonomy":"product_brand","embeddable":true,"href":"https:\/\/nevenacolor.co.rs\/sq\/wp-json\/wp\/v2\/product_brand?post=41310"},{"taxonomy":"product_cat","embeddable":true,"href":"https:\/\/nevenacolor.co.rs\/sq\/wp-json\/wp\/v2\/product_cat?post=41310"},{"taxonomy":"product_tag","embeddable":true,"href":"https:\/\/nevenacolor.co.rs\/sq\/wp-json\/wp\/v2\/product_tag?post=41310"}],"curies":[{"name":"wp","href":"https:\/\/api.w.org\/{rel}","templated":true}]}}