{"id":41311,"date":"2024-05-28T12:51:01","date_gmt":"2024-05-28T12:51:01","guid":{"rendered":"https:\/\/nevenacolor.co.rs\/proizvod\/cool-akrilna-boja-baze-per-metal\/"},"modified":"2024-05-28T12:51:01","modified_gmt":"2024-05-28T12:51:01","slug":"cool-akrilna-boja-baze-per-metal","status":"publish","type":"product","link":"https:\/\/nevenacolor.co.rs\/sq\/proizvod\/cool-akrilna-boja-baze-per-metal\/","title":{"rendered":"Cool akrilna boja baz\u00eb p\u00ebr metal"},"content":{"rendered":"<h3><strong>P\u00cbRSHKRIM DHE P\u00cbRDORIMI<\/strong><\/h3>\n<p class=\"p1\">COOL akrilna boja baz\u00eb p\u00ebr metal p\u00ebrdoret p\u00ebr mbrojtjen e sip\u00ebrfaqeve t\u00eb hekurit dhe \u00e7elikut nga korrozioni n\u00eb ambiente t\u00eb mbyllura dhe n\u00eb hap\u00ebsira t\u00eb jashtme. \u00cbsht\u00eb e b\u00ebr\u00eb nga dispersio akrilik, pigmente, pigmente speciale antikorrozive dhe mbush\u00ebs. \u00cbsht\u00eb nj\u00eb produkt ekolojik, pa er\u00eb t\u00eb pak\u00ebndshme, thahet shpejt dhe ngjitet mjaft mir\u00eb n\u00eb sip\u00ebrfaqet metalike.  <\/p>\n<h3><strong>UDH\u00cbZIME P\u00cbR P\u00cbRDORIM<\/strong><\/h3>\n<p class=\"p1\">Sip\u00ebrfaqja mbi t\u00eb cil\u00ebn aplikohet COOL akrilna boja baz\u00eb p\u00ebr metal duhet t\u00eb jet\u00eb e that\u00eb, e past\u00ebr dhe pa yndyr\u00eb. \u00cbsht\u00eb e nevojshme t\u00eb hiqet pluhuri me mjete mekanike, duke p\u00ebrdorur fur\u00e7\u00eb metalike, nd\u00ebrsa yndyr\u00ebn dhe papast\u00ebrtit\u00eb e tjera mund t\u00eb hiqen me holluesin Nitro. <\/p>\n<p class=\"p1\">Aplikohet me fur\u00e7\u00eb, rul ose me sp\u00ebrkatje n\u00eb dy shtresa. Para p\u00ebrdorimit, lyejeni boj\u00ebn me 5-10% uj\u00eb p\u00ebr sp\u00ebrkatje me aj\u00ebr, nd\u00ebrsa p\u00ebr fur\u00e7\u00eb dhe rul, holloni sipas nevoj\u00ebs. Shtres\u00ebn e dyt\u00eb aplikoni pas 4-6 or\u00ebsh.   Mjetet duhet t\u00eb lahen menj\u00ebher\u00eb me uj\u00eb.<\/p>\n<h3><strong>KONSUMI<\/strong><\/h3>\n<p class=\"p1\">8-10 m<span class=\"s1\"><sup>\u00b2<\/sup><\/span>\/l p\u00ebr nj\u00eb shtres\u00eb<\/p>\n<h3><strong>PAKIMI<\/strong><\/h3>\n<p class=\"p1\">0.65 l<\/p>\n<h3><strong>AFATI I P\u00cbRDORIMIT DHE RUHATJA<\/strong><\/h3>\n<p class=\"p1\">18 muaj nga data e shtypur n\u00eb paketim. Ruajeni n\u00eb paketim origjinal, <span class=\"Apple-converted-space\">  <\/span>t\u00eb mbyllur mir\u00eb dhe t\u00eb pa d\u00ebmtuar n\u00eb temperatur\u00eb nga +5\u00baC deri n\u00eb +25\u00baC.<\/p>\n<h3><strong>DOKUMENTACIONI<\/strong><\/h3>\n<div class=\"dokumentacija\">\n<p><a class=\"dugmeproizvod\" href=\"https:\/\/nevenacolor.co.rs\/wp-content\/uploads\/2024\/11\/Tehnicka-dokumentacija-akrilna-metal.pdf\" target=\"_blank\" rel=\"noopener\">DOKUMENTACIONI TEKNIK<\/a><\/p>\n<p><a class=\"dugmeproizvod\" href=\"https:\/\/nevenacolor.co.rs\/wp-content\/uploads\/2024\/11\/Bezbedonosni-list-akrilna-metal.pdf\" target=\"_blank\" rel=\"noopener\">FLET\u00cbPAJISJE P\u00cbR SIGURI<\/a><\/p>\n<\/div>\n<p>&nbsp;<\/p>\n<p><iframe loading=\"lazy\" title=\"YouTube video player\" src=\"https:\/\/www.youtube.com\/embed\/wnFX2ueaLFE?si=7wLoNR96VoXYGIZJ\" width=\"560\" height=\"415\" frameborder=\"0\" allowfullscreen=\"allowfullscreen\"><\/iframe><\/p>\n","protected":false},"excerpt":{"rendered":"<p>P\u00cbRSHKRIM DHE P\u00cbRDORIMI COOL akrilna boja baz\u00eb p\u00ebr metal p\u00ebrdoret p\u00ebr mbrojtjen e sip\u00ebrfaqeve t\u00eb hekurit dhe \u00e7elikut nga korrozioni<\/p>\n","protected":false},"featured_media":30163,"template":"","meta":{"_monsterinsights_skip_tracking":false,"_monsterinsights_sitenote_active":false,"_monsterinsights_sitenote_note":"","_monsterinsights_sitenote_category":0},"product_brand":[],"product_cat":[563,562,566],"product_tag":[],"class_list":{"0":"post-41311","1":"product","2":"type-product","3":"status-publish","4":"has-post-thumbnail","6":"product_cat-mbrojtja-themelore-e-metalit","7":"product_cat-shtrese-per-metal","8":"product_cat-veshje-alkidi-me-baze-vaj","10":"first","11":"instock","12":"shipping-taxable","13":"product-type-simple"},"_links":{"self":[{"href":"https:\/\/nevenacolor.co.rs\/sq\/wp-json\/wp\/v2\/product\/41311","targetHints":{"allow":["GET"]}}],"collection":[{"href":"https:\/\/nevenacolor.co.rs\/sq\/wp-json\/wp\/v2\/product"}],"about":[{"href":"https:\/\/nevenacolor.co.rs\/sq\/wp-json\/wp\/v2\/types\/product"}],"version-history":[{"count":0,"href":"https:\/\/nevenacolor.co.rs\/sq\/wp-json\/wp\/v2\/product\/41311\/revisions"}],"wp:featuredmedia":[{"embeddable":true,"href":"https:\/\/nevenacolor.co.rs\/sq\/wp-json\/wp\/v2\/media\/30163"}],"wp:attachment":[{"href":"https:\/\/nevenacolor.co.rs\/sq\/wp-json\/wp\/v2\/media?parent=41311"}],"wp:term":[{"taxonomy":"product_brand","embeddable":true,"href":"https:\/\/nevenacolor.co.rs\/sq\/wp-json\/wp\/v2\/product_brand?post=41311"},{"taxonomy":"product_cat","embeddable":true,"href":"https:\/\/nevenacolor.co.rs\/sq\/wp-json\/wp\/v2\/product_cat?post=41311"},{"taxonomy":"product_tag","embeddable":true,"href":"https:\/\/nevenacolor.co.rs\/sq\/wp-json\/wp\/v2\/product_tag?post=41311"}],"curies":[{"name":"wp","href":"https:\/\/api.w.org\/{rel}","templated":true}]}}