{"id":41312,"date":"2024-05-28T11:52:52","date_gmt":"2024-05-28T11:52:52","guid":{"rendered":"https:\/\/nevenacolor.co.rs\/proizvod\/cool-3x1-dtz-emajl-lak-2\/"},"modified":"2025-10-02T11:56:18","modified_gmt":"2025-10-02T11:56:18","slug":"cool-3x1-dtz-emajl-lak-2","status":"publish","type":"product","link":"https:\/\/nevenacolor.co.rs\/sq\/proizvod\/cool-3x1-dtz-emajl-lak-2\/","title":{"rendered":"Cool 3&#215;1 DTZ emajl lak"},"content":{"rendered":"<h3><strong>VETIT\u00cb DHE P\u00cbRDORIMI<\/strong><\/h3>\n<p class=\"p1\"><b>COOL 3&#215;1 DTZ EMAJL<\/b> \u00ebsht\u00eb nj\u00eb premaz antikorroziv baz\u00eb dhe p\u00ebrfundimtar, i b\u00ebr\u00eb nga lidh\u00ebs alkidik t\u00eb modifikuar, pigmente speciale dhe aditiv\u00eb. P\u00ebrdoret p\u00ebr mbrojtjen e objekteve nga flet\u00eb \u00e7eliku t\u00eb galvanizuar, alumini, bakri dhe \u00e7eliku, si n\u00eb ambiente t\u00eb brendshme ashtu edhe t\u00eb jashtme. Karakterizohet nga ngjitje e mir\u00eb, q\u00ebndrueshm\u00ebri e lart\u00eb ndaj kushteve atmosferike dhe q\u00ebndrueshm\u00ebri ndaj rrezatimit UV.  <\/p>\n<h3><strong>P\u00cbRGATITJA E SIP\u00cbRFAQ\u00cbSIS\u00cb<\/strong><\/h3>\n<p class=\"p1\">Sip\u00ebrfaqja mbi t\u00eb cil\u00ebn aplikohet COOL 3&#215;1 DTZ EMAJL duhet t\u00eb jet\u00eb e fort\u00eb, e that\u00eb, pa njolla yndyre dhe papast\u00ebrtira. Hiqni mbetjet e mundshme t\u00eb boj\u00ebs s\u00eb vjet\u00ebr ose shenjat e oksidimit. Pastrojeni sip\u00ebrfaqen me let\u00ebr g\u00ebrryese t\u00eb im\u00ebt N\u00b0220\/320. P\u00ebrdorni hollues p\u00ebr ta pastruar dhe dekoloruar. P\u00ebrziejeni mir\u00eb boj\u00ebn para p\u00ebrdorimit. N\u00ebse \u00ebsht\u00eb e nevojshme, holloni me maksimum 5% COOL 3&#215;1 hollues. Mund t\u00eb aplikohet direkt mbi sip\u00ebrfaqet e pastruara nga korrozioni. Aplikohet me fur\u00e7\u00eb, rul ose me sp\u00ebrkatje n\u00eb dy shtresa. Shtres\u00ebn e dyt\u00eb aplikohet pas 1-2 or\u00ebsh. COOL 3&#215;1 DTZ EMAJL \u00ebsht\u00eb i that\u00eb p\u00ebr t&#8217;u prekur brenda 2 or\u00ebve, dhe \u00ebsht\u00eb plot\u00ebsisht i thar\u00eb pas 24 or\u00ebsh.          Lajeni mjetin menj\u00ebher\u00eb pas p\u00ebrdorimit me hollues Nitro.<\/p>\n<h3><strong>KONSUMI<\/strong><\/h3>\n<p class=\"p1\">6-8 m<span class=\"s1\"><br \/>\n  <sup>2<\/sup><br \/>\n<\/span>\/l n\u00eb dy shtresa<\/p>\n<h3><strong>PAKIMI<\/strong><\/h3>\n<p class=\"p1\">0.75 l<\/p>\n<h3><strong>AFATI I P\u00cbRDORIMIT DHE RUHATJA<\/strong><\/h3>\n<p class=\"p1\">36 muaj nga data e shtypur n\u00eb paketim. T\u00eb ruhet n\u00eb ambalazhin origjinal, mir\u00eb t\u00eb mbyllur dhe t\u00eb pad\u00ebmtuar t\u00eb fabrik\u00ebs, n\u00eb temperatur\u00eb nga +5\u00baC deri n\u00eb +25\u00baC. <\/p>\n<h3><strong>DOKUMENTACIONI<\/strong><\/h3>\n<div class=\"dokumentacija\">\n<p><a class=\"dugmeproizvod\" href=\"https:\/\/nevenacolor.co.rs\/wp-content\/uploads\/2024\/10\/Tehnicka-dokumentacija-emajl.pdf\" target=\"_blank\" rel=\"noopener\">DOKUMENTACIONI TEKNIK<\/a><\/p>\n<p><a class=\"dugmeproizvod\" href=\"https:\/\/nevenacolor.co.rs\/wp-content\/uploads\/2024\/10\/Bezbedonosni-list-4.pdf\" target=\"_blank\" rel=\"noopener\">FLET\u00cbPAJISJE P\u00cbR SIGURI<\/a><\/p>\n<\/div>\n<p>&nbsp;<\/p>\n<p>&nbsp;<\/p>\n<p><iframe loading=\"lazy\" title=\"YouTube video player\" src=\"https:\/\/www.youtube.com\/embed\/NM1Fx-MQP6Y?si=LJhOFU8_fZal4UDm\" width=\"560\" height=\"415\" frameborder=\"0\" allowfullscreen=\"allowfullscreen\"><span data-mce-type=\"bookmark\" style=\"display: inline-block; width: 0px; overflow: hidden; line-height: 0;\" class=\"mce_SELRES_start\"><\/span><\/iframe><\/p>\n","protected":false},"excerpt":{"rendered":"<h3><strong>KARTELA TONE<\/strong><\/h3>\n[elementor-template id=\"42540\"]\n<div><a class=\"tonkarta\" href=\"#dtz-tonkarta\" rel=\"noopener\"><img decoding=\"async\" src=\"https:\/\/nevenacolor.co.rs\/wp-content\/uploads\/2024\/06\/pantone-color-scheme.png\" width=\"40px\"> KARTELA TONE<\/a><\/div>\n","protected":false},"featured_media":41125,"template":"","meta":{"_monsterinsights_skip_tracking":false,"_monsterinsights_sitenote_active":false,"_monsterinsights_sitenote_note":"","_monsterinsights_sitenote_category":0},"product_brand":[],"product_cat":[557,561],"product_tag":[],"class_list":{"0":"post-41312","1":"product","2":"type-product","3":"status-publish","4":"has-post-thumbnail","6":"product_cat-veshje-per-sipas-plastike-dhe-te-galvanizuara","7":"product_cat-veshje-perfundimtare-per-fleten-e-galvanizuar","9":"first","10":"instock","11":"shipping-taxable","12":"product-type-simple"},"_links":{"self":[{"href":"https:\/\/nevenacolor.co.rs\/sq\/wp-json\/wp\/v2\/product\/41312","targetHints":{"allow":["GET"]}}],"collection":[{"href":"https:\/\/nevenacolor.co.rs\/sq\/wp-json\/wp\/v2\/product"}],"about":[{"href":"https:\/\/nevenacolor.co.rs\/sq\/wp-json\/wp\/v2\/types\/product"}],"version-history":[{"count":1,"href":"https:\/\/nevenacolor.co.rs\/sq\/wp-json\/wp\/v2\/product\/41312\/revisions"}],"predecessor-version":[{"id":42644,"href":"https:\/\/nevenacolor.co.rs\/sq\/wp-json\/wp\/v2\/product\/41312\/revisions\/42644"}],"wp:featuredmedia":[{"embeddable":true,"href":"https:\/\/nevenacolor.co.rs\/sq\/wp-json\/wp\/v2\/media\/41125"}],"wp:attachment":[{"href":"https:\/\/nevenacolor.co.rs\/sq\/wp-json\/wp\/v2\/media?parent=41312"}],"wp:term":[{"taxonomy":"product_brand","embeddable":true,"href":"https:\/\/nevenacolor.co.rs\/sq\/wp-json\/wp\/v2\/product_brand?post=41312"},{"taxonomy":"product_cat","embeddable":true,"href":"https:\/\/nevenacolor.co.rs\/sq\/wp-json\/wp\/v2\/product_cat?post=41312"},{"taxonomy":"product_tag","embeddable":true,"href":"https:\/\/nevenacolor.co.rs\/sq\/wp-json\/wp\/v2\/product_tag?post=41312"}],"curies":[{"name":"wp","href":"https:\/\/api.w.org\/{rel}","templated":true}]}}