{"id":41314,"date":"2024-05-28T11:47:58","date_gmt":"2024-05-28T11:47:58","guid":{"rendered":"https:\/\/nevenacolor.co.rs\/proizvod\/cool-razredjivac-za-brzosusive-boje-2\/"},"modified":"2024-05-28T11:47:58","modified_gmt":"2024-05-28T11:47:58","slug":"cool-razredjivac-za-brzosusive-boje-2","status":"publish","type":"product","link":"https:\/\/nevenacolor.co.rs\/sq\/proizvod\/cool-razredjivac-za-brzosusive-boje-2\/","title":{"rendered":"Cool razre\u0111iva\u010d za brzosu\u0161ive boje"},"content":{"rendered":"<h3><strong>VETIT\u00cb DHE P\u00cbRDORIMI<\/strong><\/h3>\n<p class=\"p1\"><b>COOL BS RAZRE\u0110IVA\u010c<\/b> p\u00ebrdoret p\u00ebr hollimin ekskluzivisht t\u00eb BS emajlit.<\/p>\n<p class=\"p1\"><b>COOL BS RAZRE\u0110IVA\u010c<\/b> p\u00ebrdoret p\u00ebr hollimin e boj\u00ebs deri n\u00eb viskozitetin e duhur p\u00ebr aplikim dhe p\u00ebr pastrimin e veglave dhe mjeteve.<\/p>\n<h3><strong>PAKIMI<\/strong><\/h3>\n<p class=\"p1\">0.4 l, 0.75 l, 4.8 l<\/p>\n<h3><strong>AFATI I P\u00cbRDORIMIT DHE RUHATJA<\/strong><\/h3>\n<p class=\"p1\">Ruajeni n\u00eb ambalazh\u00ebn origjinale, t\u00eb mbyllur mir\u00eb dhe t\u00eb paprekur, n\u00eb nj\u00eb temperatur\u00eb prej +5\u00baC deri +25\u00baC.<\/p>\n<h3><strong>DOKUMENTACIONI<\/strong><\/h3>\n<div class=\"dokumentacija\">\n<p><a class=\"dugmeproizvod\" href=\"https:\/\/nevenacolor.co.rs\/wp-content\/uploads\/2024\/10\/Tehnicka-dokumentacija-brzosusiva-boja.pdf\" target=\"_blank\" rel=\"noopener\">DOKUMENTACIONI TEKNIK<\/a><\/p>\n<p><a class=\"dugmeproizvod\" href=\"https:\/\/nevenacolor.co.rs\/wp-content\/uploads\/2024\/10\/Bezbedonosni-list-brzosusiva-boja.pdf\" target=\"_blank\" rel=\"noopener\">FLET\u00cbPAJISJE P\u00cbR SIGURI<\/a><\/p>\n<\/div>\n<p>&nbsp;<\/p>\n","protected":false},"excerpt":{"rendered":"<p>VETIT\u00cb DHE P\u00cbRDORIMI COOL BS RAZRE\u0110IVA\u010c p\u00ebrdoret p\u00ebr hollimin ekskluzivisht t\u00eb BS emajlit. COOL BS RAZRE\u0110IVA\u010c p\u00ebrdoret p\u00ebr hollimin e<\/p>\n","protected":false},"featured_media":30124,"template":"","meta":{"_monsterinsights_skip_tracking":false,"_monsterinsights_sitenote_active":false,"_monsterinsights_sitenote_note":"","_monsterinsights_sitenote_category":0},"product_brand":[],"product_cat":[554,556],"product_tag":[],"class_list":{"0":"post-41314","1":"product","2":"type-product","3":"status-publish","4":"has-post-thumbnail","6":"product_cat-holluese","7":"product_cat-holluesit-dhe-mjete-pomese","9":"first","10":"instock","11":"shipping-taxable","12":"product-type-simple"},"_links":{"self":[{"href":"https:\/\/nevenacolor.co.rs\/sq\/wp-json\/wp\/v2\/product\/41314","targetHints":{"allow":["GET"]}}],"collection":[{"href":"https:\/\/nevenacolor.co.rs\/sq\/wp-json\/wp\/v2\/product"}],"about":[{"href":"https:\/\/nevenacolor.co.rs\/sq\/wp-json\/wp\/v2\/types\/product"}],"version-history":[{"count":0,"href":"https:\/\/nevenacolor.co.rs\/sq\/wp-json\/wp\/v2\/product\/41314\/revisions"}],"wp:featuredmedia":[{"embeddable":true,"href":"https:\/\/nevenacolor.co.rs\/sq\/wp-json\/wp\/v2\/media\/30124"}],"wp:attachment":[{"href":"https:\/\/nevenacolor.co.rs\/sq\/wp-json\/wp\/v2\/media?parent=41314"}],"wp:term":[{"taxonomy":"product_brand","embeddable":true,"href":"https:\/\/nevenacolor.co.rs\/sq\/wp-json\/wp\/v2\/product_brand?post=41314"},{"taxonomy":"product_cat","embeddable":true,"href":"https:\/\/nevenacolor.co.rs\/sq\/wp-json\/wp\/v2\/product_cat?post=41314"},{"taxonomy":"product_tag","embeddable":true,"href":"https:\/\/nevenacolor.co.rs\/sq\/wp-json\/wp\/v2\/product_tag?post=41314"}],"curies":[{"name":"wp","href":"https:\/\/api.w.org\/{rel}","templated":true}]}}