{"id":41316,"date":"2024-05-21T14:04:16","date_gmt":"2024-05-21T14:04:16","guid":{"rendered":"https:\/\/nevenacolor.co.rs\/proizvod\/cool-e-lengshme-e-ftohte\/"},"modified":"2024-05-21T14:04:16","modified_gmt":"2024-05-21T14:04:16","slug":"cool-e-lengshme-e-ftohte","status":"publish","type":"product","link":"https:\/\/nevenacolor.co.rs\/sq\/proizvod\/cool-e-lengshme-e-ftohte\/","title":{"rendered":"COOL E L\u00cbNGSHME E FTOHT\u00cb"},"content":{"rendered":"<h3><strong>P\u00cbRSHKRIM DHE P\u00cbRDORIMI<\/strong><\/h3>\n<p><strong>COOL E L\u00cbNGSHME E FTOHT\u00cb<\/strong> \u00ebsht\u00eb nj\u00eb mas\u00eb e p\u00ebrgatitur paraprakisht p\u00ebr nivelimin dhe rrafshimin e sip\u00ebrfaqeve t\u00eb brendshme t\u00eb mureve dhe tavaneve. Shtresa e rekomanduar \u00ebsht\u00eb 2 mm. P\u00ebrshtatet p\u00ebr sip\u00ebrfaqe si maltera minerale, beton dhe pllaka gipsi. Aplikohet me dor\u00eb, \u00ebsht\u00eb e leht\u00eb p\u00ebr t&#8217;u trajtuar dhe f\u00ebrkuar. \u00cbsht\u00eb e b\u00ebr\u00eb nga lidh\u00ebs special\u00eb, mbush\u00ebs t\u00eb cil\u00ebsis\u00eb s\u00eb lart\u00eb dhe aditiv\u00eb special\u00eb.    <\/p>\n<h3><strong>UDH\u00cbZIME P\u00cbR P\u00cbRDORIM<\/strong><\/h3>\n<p><span class=\"s1\">COOL E L\u00cbNGSHME E FTOHT\u00cb<span class=\"Apple-converted-space\">  <\/span>aplikohet n\u00eb sip\u00ebrfaqe q\u00eb duhet t\u00eb jen\u00eb t\u00eb pastra nga pluhuri, yndyra dhe papast\u00ebrtit\u00eb e tjera. \u00c7arjet dhe d\u00ebmet m\u00eb t\u00eb m\u00ebdha duhet t\u00eb mbushen me materialet p\u00ebrkat\u00ebse.  <\/span>Para aplikimit t\u00eb COOL TE\u010cNE GLET MASE, muret duhet t\u00eb trajtohen me COOL n\u00ebnstruktura, n\u00eb var\u00ebsi t\u00eb gjendjes s\u00eb sip\u00ebrfaqes (sipas rekomandimeve t\u00eb prodhuesit). <span class=\"s1\">COOL TE\u010cNU GLET MAS\u00cb aplikohet n\u00eb sip\u00ebrfaqet e mureve duke p\u00ebrdorur nj\u00eb gletar \u00e7eliku. Pas tharjes, \u00e7do shtres\u00eb duhet t\u00eb f\u00ebrkohet mir\u00eb me let\u00ebr g\u00ebrryese t\u00eb p\u00ebrshtatshme. Koha e tharjes, para aplikimit t\u00eb shtres\u00ebs tjet\u00ebr n\u00eb kushte optimale, \u00ebsht\u00eb 10-12 or\u00eb. Sip\u00ebrfaqet q\u00eb jan\u00eb plot\u00ebsisht t\u00eb thata mund t\u00eb lyehen me t\u00eb gjitha llojet e boj\u00ebs disperzionuese.    Pasi p\u00ebrdorimit, mjetet duhet t\u00eb lahen menj\u00ebher\u00eb me uj\u00eb. <\/span>Temperatura optimale e pun\u00ebs \u00ebsht\u00eb nga +10\u00b0C deri n\u00eb +30\u00b0C. Nuk duhet t\u00eb p\u00ebrdoret n\u00ebn +5\u00b0C.<\/p>\n<h3><strong>KONSUMI<\/strong><\/h3>\n<p>1.5-2.0 kg\/m<span class=\"s1\"><sup>\u00b2<\/sup><\/span> n\u00eb dy shtresa dhe trash\u00ebsi prej 2 mm.<\/p>\n<h3><strong>PAKIMI<\/strong><\/h3>\n<p>8 kg dhe 25 kg<\/p>\n<h3><strong>AFATI I P\u00cbRDORIMIT DHE RUHATJA<\/strong><\/h3>\n<p>12 muaj t\u00eb ruhet n\u00eb ambalazh origjinal, mir\u00eb t\u00eb mbyllur dhe t\u00eb pad\u00ebmtuar, n\u00eb temperatur\u00eb nga +5\u00baC deri n\u00eb +25\u00baC.<\/p>\n<h3><strong>DOKUMENTACIONI<\/strong><\/h3>\n<div class=\"dokumentacija\">\n<p><a class=\"dugmeproizvod\" href=\"https:\/\/nevenacolor.co.rs\/wp-content\/uploads\/2024\/10\/Tehnicka-dokumentacija-tecna-glet-masa.pdf\" target=\"_blank\" rel=\"noopener\">DOKUMENTACIONI TEKNIK<\/a><\/p>\n<p><a class=\"dugmeproizvod\" href=\"https:\/\/nevenacolor.co.rs\/wp-content\/uploads\/2024\/10\/Bezbedonosni-list-tecna-glet-masa.pdf\" target=\"_blank\" rel=\"noopener\">FLET\u00cbPAJISJE P\u00cbR SIGURI<\/a><\/p>\n<\/div>\n<p>&nbsp;<\/p>\n<p><iframe loading=\"lazy\" title=\"YouTube video player\" src=\"https:\/\/www.youtube.com\/embed\/DO7hSIhk6Cw?si=_CfmdVAY9NmpUboM\" width=\"560\" height=\"415\" frameborder=\"0\" allowfullscreen=\"allowfullscreen\"><\/iframe><\/p>\n","protected":false},"excerpt":{"rendered":"<p>P\u00cbRSHKRIM DHE P\u00cbRDORIMI COOL E L\u00cbNGSHME E FTOHT\u00cb \u00ebsht\u00eb nj\u00eb mas\u00eb e p\u00ebrgatitur paraprakisht p\u00ebr nivelimin dhe rrafshimin e sip\u00ebrfaqeve<\/p>\n","protected":false},"featured_media":31716,"template":"","meta":{"_monsterinsights_skip_tracking":false,"_monsterinsights_sitenote_active":false,"_monsterinsights_sitenote_note":"","_monsterinsights_sitenote_category":0},"product_brand":[],"product_cat":[545,532],"product_tag":[],"class_list":{"0":"post-41316","1":"product","2":"type-product","3":"status-publish","4":"has-post-thumbnail","6":"product_cat-mase-per-nivelim","7":"product_cat-veshje-ndertimi","9":"first","10":"instock","11":"shipping-taxable","12":"product-type-simple"},"_links":{"self":[{"href":"https:\/\/nevenacolor.co.rs\/sq\/wp-json\/wp\/v2\/product\/41316","targetHints":{"allow":["GET"]}}],"collection":[{"href":"https:\/\/nevenacolor.co.rs\/sq\/wp-json\/wp\/v2\/product"}],"about":[{"href":"https:\/\/nevenacolor.co.rs\/sq\/wp-json\/wp\/v2\/types\/product"}],"version-history":[{"count":0,"href":"https:\/\/nevenacolor.co.rs\/sq\/wp-json\/wp\/v2\/product\/41316\/revisions"}],"wp:featuredmedia":[{"embeddable":true,"href":"https:\/\/nevenacolor.co.rs\/sq\/wp-json\/wp\/v2\/media\/31716"}],"wp:attachment":[{"href":"https:\/\/nevenacolor.co.rs\/sq\/wp-json\/wp\/v2\/media?parent=41316"}],"wp:term":[{"taxonomy":"product_brand","embeddable":true,"href":"https:\/\/nevenacolor.co.rs\/sq\/wp-json\/wp\/v2\/product_brand?post=41316"},{"taxonomy":"product_cat","embeddable":true,"href":"https:\/\/nevenacolor.co.rs\/sq\/wp-json\/wp\/v2\/product_cat?post=41316"},{"taxonomy":"product_tag","embeddable":true,"href":"https:\/\/nevenacolor.co.rs\/sq\/wp-json\/wp\/v2\/product_tag?post=41316"}],"curies":[{"name":"wp","href":"https:\/\/api.w.org\/{rel}","templated":true}]}}