{"id":41317,"date":"2024-05-21T14:25:51","date_gmt":"2024-05-21T14:25:51","guid":{"rendered":"https:\/\/nevenacolor.co.rs\/proizvod\/cool-nova-art-dina-2\/"},"modified":"2024-05-21T14:25:51","modified_gmt":"2024-05-21T14:25:51","slug":"cool-nova-art-dina-2","status":"publish","type":"product","link":"https:\/\/nevenacolor.co.rs\/sq\/proizvod\/cool-nova-art-dina-2\/","title":{"rendered":"COOL NOVA ART DINA"},"content":{"rendered":"<h3><strong>P\u00cbRSHKRIM DHE P\u00cbRDORIMI<\/strong><\/h3>\n<p>COOL NOVA ART DINA \u00ebsht\u00eb nj\u00eb boj\u00eb akrilike e ekologjis\u00eb s\u00eb lart\u00eb, e pastrueshme me uj\u00eb, e b\u00ebr\u00eb nga dispersione speciale uji, mbush\u00ebs cil\u00ebsor\u00eb dhe pigmente efektive speciale. P\u00ebrdoret p\u00ebr dekorimin dhe mbrojtjen e sip\u00ebrfaqeve t\u00eb brendshme t\u00eb mureve, p\u00ebr t\u00eb krijuar sip\u00ebrfaqe reliev t\u00eb bukura vizualisht dhe efekte speciale. Karakterizohet nga kalueshm\u00ebri e mir\u00eb e avujve dhe \u00ebsht\u00eb e leht\u00eb p\u00ebr t&#8217;u aplikuar. Disponohet n\u00eb tri nuanca: argjend, ari dhe bronz.   <\/p>\n<h3><strong>UDH\u00cbZIME P\u00cbR P\u00cbRDORIM<\/strong><\/h3>\n<p>COOL NOVA ART DINA \u00ebsht\u00eb nj\u00eb boj\u00eb e p\u00ebrgatitur p\u00ebr aplikim dhe nuk k\u00ebrkon hollim me uj\u00eb. Sip\u00ebrfaqja mbi t\u00eb cil\u00ebn aplikohet duhet t\u00eb jet\u00eb e fort\u00eb, e that\u00eb, e past\u00ebr, pa pjes\u00eb t\u00eb lidhura dob\u00ebt, njolla yndyre etj. Sip\u00ebrfaqet e pasinqerta duhet t\u00eb nivelohen me COOL GLET MAS\u00cb. Para aplikimit t\u00eb teknikave dekorative, sip\u00ebrfaqet duhet t\u00eb mbulohen me COOL NOVA ART PRAJMER, me nj\u00eb koh\u00eb tharjeje t\u00eb prajmerit minimalisht 6 or\u00eb.   <\/p>\n<p>COOL NOVA ART DINA aplikohet me nj\u00eb fur\u00e7\u00eb t\u00eb gjer\u00eb pikture, zakonisht n\u00eb nj\u00eb shtres\u00eb, dhe n\u00eb var\u00ebsi t\u00eb efektit t\u00eb d\u00ebshiruar, mund t\u00eb aplikohet edhe n\u00eb dy shtresa. Disa pamje t\u00eb ndryshme t\u00eb sip\u00ebrfaqes mund t\u00eb krijohen duke p\u00ebrdorur teknika t\u00eb ndryshme aplikimi. N\u00eb var\u00ebsi t\u00eb l\u00ebvizjeve t\u00eb ndryshme dhe teknikave t\u00eb aplikuesit, krijohen shtresa t\u00eb ndryshme n\u00eb mur.<br \/>Teknika e aplikimit: 1. Aplikoni COOL NOVA ART DINA n\u00eb nj\u00eb shtres\u00eb me l\u00ebvizje t\u00eb lehta t\u00eb fur\u00e7\u00ebs n\u00eb t\u00eb gjitha drejtimet mbi sip\u00ebrfaqen prej 1-2 m<sup>\u00b2<\/sup>. Pas 5 deri 10 minutash, kaloni p\u00ebrs\u00ebri but\u00ebsisht me nj\u00eb fur\u00e7\u00eb t\u00eb that\u00eb mbi materialin e aplikuar p\u00ebr t\u00eb krijuar pamjen p\u00ebrfundimtare dhe p\u00ebr t\u00eb hequr shenjat e fur\u00e7\u00ebs.      2. Materialin n\u00eb sasi t\u00eb vogla aplikohet gradualisht n\u00eb nj\u00eb shtres\u00eb me l\u00ebvizje t\u00eb prera, vertikale ose horizontale t\u00eb fur\u00e7\u00ebs mbi sip\u00ebrfaqen prej 1-2 m<sup>\u00b2<\/sup>. Pas 5 deri 10 minutash, kaloni p\u00ebrs\u00ebri but\u00ebsisht me nj\u00eb fur\u00e7\u00eb t\u00eb that\u00eb mbi materialin e aplikuar n\u00eb l\u00ebvizje t\u00eb kund\u00ebrta nga ato t\u00eb m\u00ebparshme p\u00ebr t\u00eb arritur pamjen p\u00ebrfundimtare. Shtresa e par\u00eb \u00ebsht\u00eb e that\u00eb n\u00eb kushte normale tharjeje pas 4 deri 6 or\u00ebsh, dhe varet nga trash\u00ebsia e aplikimit. Temperatura optimale e pun\u00ebs \u00ebsht\u00eb n\u00eb rangun e +10\u00b0C deri n\u00eb +30\u00b0C. Nuk duhet t\u00eb p\u00ebrdoret n\u00ebn +5\u00b0C. Veglat duhet t\u00eb lahen menj\u00ebher\u00eb me uj\u00eb.    <\/p>\n<h3><strong>KONSUMI<\/strong><\/h3>\n<p>7-9 m <sup>2<\/sup>\/l<\/p>\n<h3><strong>PAKIMI<\/strong><\/h3>\n<p>1l<\/p>\n<h3><strong>AFATI I P\u00cbRDORIMIT DHE RUHATJA<\/strong><\/h3>\n<p>18 muaj duhet t\u00eb ruhet n\u00eb ambalazh\u00ebn origjinale, t\u00eb mbyllur mir\u00eb dhe t\u00eb pa d\u00ebmtuar, n\u00eb nj\u00eb temperatur\u00eb nga +5\u00baC deri n\u00eb +25\u00baC, t\u00eb mbrojtur nga ndikimi i drejtp\u00ebrdrejt\u00eb i drit\u00ebs s\u00eb diellit dhe ngrirjes.<\/p>\n<h3><strong>DOKUMENTACIONI<\/strong><\/h3>\n<div class=\"dokumentacija\">\n<p><a class=\"dugmeproizvod\" href=\"https:\/\/nevenacolor.co.rs\/wp-content\/uploads\/2024\/10\/Tehnicka-dokumentacija-dina-art.pdf\" target=\"_blank\" rel=\"noopener\">DOKUMENTACIONI TEKNIK<\/a><\/p>\n<p><a class=\"dugmeproizvod\" href=\"https:\/\/nevenacolor.co.rs\/wp-content\/uploads\/2024\/10\/Bezbedonosni-list-dina-art.pdf\" target=\"_blank\" rel=\"noopener\">FLET\u00cbPAJISJE P\u00cbR SIGURI<\/a><\/p>\n<\/div>\n<p>&nbsp;<\/p>\n<p><iframe loading=\"lazy\" title=\"YouTube video player\" src=\"https:\/\/www.youtube.com\/embed\/NqyJb1SzCXs?si=EUUqcWoJ3pb9COYQ\" width=\"560\" height=\"415\" frameborder=\"0\" allowfullscreen=\"allowfullscreen\"><\/iframe><\/p>\n","protected":false},"excerpt":{"rendered":"<h3><strong>KARTELA TONE<\/strong><\/h3>\n[elementor-template id=\"29894\"]\n<div><a class=\"tonkarta\" href=\"#dina-tonkarta\" rel=\"noopener\"><img decoding=\"async\" src=\"https:\/\/nevenacolor.co.rs\/wp-content\/uploads\/2024\/06\/pantone-color-scheme.png\" width=\"40px\"> KARTELA TONE<\/a><\/div>\n","protected":false},"featured_media":42512,"template":"","meta":{"_monsterinsights_skip_tracking":false,"_monsterinsights_sitenote_active":false,"_monsterinsights_sitenote_note":"","_monsterinsights_sitenote_category":0},"product_brand":[],"product_cat":[540,532],"product_tag":[],"class_list":{"0":"post-41317","1":"product","2":"type-product","3":"status-publish","4":"has-post-thumbnail","6":"product_cat-shtresa-dekorative","7":"product_cat-veshje-ndertimi","9":"first","10":"instock","11":"shipping-taxable","12":"product-type-simple"},"_links":{"self":[{"href":"https:\/\/nevenacolor.co.rs\/sq\/wp-json\/wp\/v2\/product\/41317","targetHints":{"allow":["GET"]}}],"collection":[{"href":"https:\/\/nevenacolor.co.rs\/sq\/wp-json\/wp\/v2\/product"}],"about":[{"href":"https:\/\/nevenacolor.co.rs\/sq\/wp-json\/wp\/v2\/types\/product"}],"version-history":[{"count":0,"href":"https:\/\/nevenacolor.co.rs\/sq\/wp-json\/wp\/v2\/product\/41317\/revisions"}],"wp:featuredmedia":[{"embeddable":true,"href":"https:\/\/nevenacolor.co.rs\/sq\/wp-json\/wp\/v2\/media\/42512"}],"wp:attachment":[{"href":"https:\/\/nevenacolor.co.rs\/sq\/wp-json\/wp\/v2\/media?parent=41317"}],"wp:term":[{"taxonomy":"product_brand","embeddable":true,"href":"https:\/\/nevenacolor.co.rs\/sq\/wp-json\/wp\/v2\/product_brand?post=41317"},{"taxonomy":"product_cat","embeddable":true,"href":"https:\/\/nevenacolor.co.rs\/sq\/wp-json\/wp\/v2\/product_cat?post=41317"},{"taxonomy":"product_tag","embeddable":true,"href":"https:\/\/nevenacolor.co.rs\/sq\/wp-json\/wp\/v2\/product_tag?post=41317"}],"curies":[{"name":"wp","href":"https:\/\/api.w.org\/{rel}","templated":true}]}}