{"id":41319,"date":"2024-05-21T14:08:27","date_gmt":"2024-05-21T14:08:27","guid":{"rendered":"https:\/\/nevenacolor.co.rs\/proizvod\/cool-boja-za-beton-2\/"},"modified":"2025-05-20T08:20:59","modified_gmt":"2025-05-20T08:20:59","slug":"cool-boja-za-beton-2","status":"publish","type":"product","link":"https:\/\/nevenacolor.co.rs\/sq\/proizvod\/cool-boja-za-beton-2\/","title":{"rendered":"COOL BOJA ZA BETON"},"content":{"rendered":"<h3><strong>P\u00cbRSHKRIM DHE P\u00cbRDORIMI<\/strong><\/h3>\n<p>Ngjyra p\u00ebr beton \u00ebsht\u00eb nj\u00eb shtres\u00eb nj\u00ebkomponent\u00ebshe bazuar n\u00eb rezin\u00eb akrilike me cil\u00ebsi t\u00eb lart\u00eb, pigmente, mbush\u00ebs, tret\u00ebs dhe aditiv\u00eb. Ajo \u00ebsht\u00eb e destinuar p\u00ebr mbrojtjen dhe dekorimin e sip\u00ebrfaqeve betoni, asfalt, sip\u00ebrfaqeve me baz\u00eb \u00e7imento-mulliri, salonit, tullave dhe sip\u00ebrfaqeve t\u00eb tjera n\u00eb nd\u00ebrtim (dysheme, terasa, pun\u00ebtori, garazha, hale etj.). Filmi karakterizohet me fort\u00ebsi t\u00eb mir\u00eb. \u00cbsht\u00eb rezistent ndaj konsumimit, ndikimeve atmosferike, benzin\u00ebs, vajrave, ujit, acideve t\u00eb dob\u00ebta dhe alkalive, detergjent\u00ebve dhe t\u00eb tjer\u00ebve.   <\/p>\n<h3><strong>UDH\u00cbZIME P\u00cbR P\u00cbRDORIM<\/strong><\/h3>\n<p>Sip\u00ebrfaqja para aplikimit t\u00eb ngjyr\u00ebs duhet t\u00eb jet\u00eb e that\u00eb, pa njolla nga vaji, yndyra ose materiale biologjike q\u00eb prishen. Betoni duhet t\u00eb jet\u00eb t\u00eb pakt\u00ebn 28 dit\u00eb i vjet\u00ebr me lag\u00ebshti maksimale 5\u20136%. Aplikohet me fur\u00e7\u00eb, pistolet\u00eb ose rul. P\u00ebr hollim dhe pastrim t\u00eb veglave p\u00ebrdoret hollues nitro.  <\/p>\n<h3><strong>KONSUMI<\/strong><\/h3>\n<p>N\u00eb var\u00ebsi t\u00eb cil\u00ebsis\u00eb s\u00eb sip\u00ebrfaqes, 2\u20134 m\u00b2\/kg.<\/p>\n<h3><strong>PAKIMI<\/strong><\/h3>\n<p>1kg 3,5kg 25kg<\/p>\n<h3><strong>AFATI I P\u00cbRDORIMIT DHE RUHATJA<\/strong><\/h3>\n<p>36 muaj nga data e shtypur n\u00eb paketim. Ruajeni n\u00eb ambalazh\u00ebn origjinale, mir\u00eb t\u00eb mbyllur dhe t\u00eb paprekur, n\u00eb temperatur\u00eb prej +5\u00baC deri n\u00eb +25\u00baC.<\/p>\n","protected":false},"excerpt":{"rendered":"<h3><strong>KARTELA TONE<\/strong><\/h3>\n[elementor-template id=\"31551\"]\n<div><a class=\"tonkarta\" href=\"#bojazabeton-tonkarta\" rel=\"noopener\"><img decoding=\"async\" src=\"https:\/\/nevenacolor.co.rs\/wp-content\/uploads\/2024\/06\/pantone-color-scheme.png\" width=\"40px\"> KARTELA TONE<\/a><\/div>\n","protected":false},"featured_media":41131,"template":"","meta":{"_monsterinsights_skip_tracking":false,"_monsterinsights_sitenote_active":false,"_monsterinsights_sitenote_note":"","_monsterinsights_sitenote_category":0},"product_brand":[],"product_cat":[535,534,532],"product_tag":[],"class_list":{"0":"post-41319","1":"product","2":"type-product","3":"status-publish","4":"has-post-thumbnail","6":"product_cat-boje-akrilike-me-baze-tretes","7":"product_cat-boje-betoni","8":"product_cat-veshje-ndertimi","10":"first","11":"instock","12":"shipping-taxable","13":"product-type-simple"},"_links":{"self":[{"href":"https:\/\/nevenacolor.co.rs\/sq\/wp-json\/wp\/v2\/product\/41319","targetHints":{"allow":["GET"]}}],"collection":[{"href":"https:\/\/nevenacolor.co.rs\/sq\/wp-json\/wp\/v2\/product"}],"about":[{"href":"https:\/\/nevenacolor.co.rs\/sq\/wp-json\/wp\/v2\/types\/product"}],"version-history":[{"count":1,"href":"https:\/\/nevenacolor.co.rs\/sq\/wp-json\/wp\/v2\/product\/41319\/revisions"}],"predecessor-version":[{"id":41506,"href":"https:\/\/nevenacolor.co.rs\/sq\/wp-json\/wp\/v2\/product\/41319\/revisions\/41506"}],"wp:featuredmedia":[{"embeddable":true,"href":"https:\/\/nevenacolor.co.rs\/sq\/wp-json\/wp\/v2\/media\/41131"}],"wp:attachment":[{"href":"https:\/\/nevenacolor.co.rs\/sq\/wp-json\/wp\/v2\/media?parent=41319"}],"wp:term":[{"taxonomy":"product_brand","embeddable":true,"href":"https:\/\/nevenacolor.co.rs\/sq\/wp-json\/wp\/v2\/product_brand?post=41319"},{"taxonomy":"product_cat","embeddable":true,"href":"https:\/\/nevenacolor.co.rs\/sq\/wp-json\/wp\/v2\/product_cat?post=41319"},{"taxonomy":"product_tag","embeddable":true,"href":"https:\/\/nevenacolor.co.rs\/sq\/wp-json\/wp\/v2\/product_tag?post=41319"}],"curies":[{"name":"wp","href":"https:\/\/api.w.org\/{rel}","templated":true}]}}