{"id":41320,"date":"2024-05-28T10:38:33","date_gmt":"2024-05-28T10:38:33","guid":{"rendered":"https:\/\/nevenacolor.co.rs\/proizvod\/cool-akrilni-bajc-2\/"},"modified":"2024-05-28T10:38:33","modified_gmt":"2024-05-28T10:38:33","slug":"cool-akrilni-bajc-2","status":"publish","type":"product","link":"https:\/\/nevenacolor.co.rs\/sq\/proizvod\/cool-akrilni-bajc-2\/","title":{"rendered":"Cool akrilni bajc"},"content":{"rendered":"<h3><strong>P\u00cbRSHKRIM DHE P\u00cbRDORIMI<\/strong><\/h3>\n<p class=\"p1\">Cool akrilike e ftoht\u00eb me baz\u00eb uji p\u00ebrdoret p\u00ebr mbrojtjen dhe dekorimin e sip\u00ebrfaqeve t\u00eb dyshemes\u00eb. Ai thekson tekstur\u00ebn natyrale t\u00eb durrit.  \u00cbsht\u00eb b\u00ebr\u00eb nga lidh\u00ebs akrilik, pigmente dhe aditiv\u00eb. Aplikohet n\u00eb nj\u00eb ose dy shtresa duke zhytur ose sp\u00ebrkatur n\u00eb nj\u00eb sip\u00ebrfaqe t\u00eb past\u00ebr, t\u00eb that\u00eb dhe t\u00eb r\u00ebr\u00eb n\u00eb nj\u00eb temperatur\u00eb prej +10\u00b0C deri +25\u00b0C. Uji p\u00ebrdoret p\u00ebr larjen e veglave.  <\/p>\n<h3><strong>KONSUMI<\/strong><\/h3>\n<p class=\"p1\">10-15 m\u00b2\/l n\u00eb nj\u00eb shtres\u00eb<\/p>\n<h3><strong>PAKIMI<\/strong><\/h3>\n<p class=\"p1\">0,65 l<\/p>\n<h3><strong>AFATI I P\u00cbRDORIMIT DHE RUHATJA<\/strong><\/h3>\n<p class=\"p1\">18 muaj nga data e stampuar n\u00eb paketim. Ruani n\u00eb ambalazhin origjinal, t\u00eb mbyllur mir\u00eb dhe t\u00eb pad\u00ebmtuar n\u00eb fabrik\u00eb n\u00eb nj\u00eb temperatur\u00eb prej +5\u00baC deri +25\u00baC <\/p>\n<div class=\"dokumentacija\">\n<p><strong style=\"color: #1b1919; font-size: 22px;\">DOKUMENTACIONI<\/strong><\/p>\n<\/div>\n<div class=\"dokumentacija\">\n<p><a class=\"dugmeproizvod\" href=\"https:\/\/nevenacolor.co.rs\/wp-content\/uploads\/2024\/11\/Tehnicka-dokumentacija-akrilni-bajc.pdf\" target=\"_blank\" rel=\"noopener\">DOKUMENTACIONI TEKNIK<\/a><\/p>\n<p><a class=\"dugmeproizvod\" href=\"https:\/\/nevenacolor.co.rs\/wp-content\/uploads\/2024\/11\/Bezbedonosni-list-akrilni-bajc.pdf\" target=\"_blank\" rel=\"noopener\">FLET\u00cbPAJISJE P\u00cbR SIGURI<\/a><\/p>\n<\/div>\n","protected":false},"excerpt":{"rendered":"<p>P\u00cbRSHKRIM DHE P\u00cbRDORIMI Cool akrilike e ftoht\u00eb me baz\u00eb uji p\u00ebrdoret p\u00ebr mbrojtjen dhe dekorimin e sip\u00ebrfaqeve t\u00eb dyshemes\u00eb. Ai<\/p>\n","protected":false},"featured_media":30503,"template":"","meta":{"_monsterinsights_skip_tracking":false,"_monsterinsights_sitenote_active":false,"_monsterinsights_sitenote_note":"","_monsterinsights_sitenote_category":0},"product_brand":[],"product_cat":[549,551,548],"product_tag":[],"class_list":{"0":"post-41320","1":"product","2":"type-product","3":"status-publish","4":"has-post-thumbnail","6":"product_cat-bajcevi-sq","7":"product_cat-prekur-akrilik-i-hollueshem-me-uje-sq","8":"product_cat-shtrese-per-drure","10":"first","11":"instock","12":"shipping-taxable","13":"product-type-simple"},"_links":{"self":[{"href":"https:\/\/nevenacolor.co.rs\/sq\/wp-json\/wp\/v2\/product\/41320","targetHints":{"allow":["GET"]}}],"collection":[{"href":"https:\/\/nevenacolor.co.rs\/sq\/wp-json\/wp\/v2\/product"}],"about":[{"href":"https:\/\/nevenacolor.co.rs\/sq\/wp-json\/wp\/v2\/types\/product"}],"version-history":[{"count":0,"href":"https:\/\/nevenacolor.co.rs\/sq\/wp-json\/wp\/v2\/product\/41320\/revisions"}],"wp:featuredmedia":[{"embeddable":true,"href":"https:\/\/nevenacolor.co.rs\/sq\/wp-json\/wp\/v2\/media\/30503"}],"wp:attachment":[{"href":"https:\/\/nevenacolor.co.rs\/sq\/wp-json\/wp\/v2\/media?parent=41320"}],"wp:term":[{"taxonomy":"product_brand","embeddable":true,"href":"https:\/\/nevenacolor.co.rs\/sq\/wp-json\/wp\/v2\/product_brand?post=41320"},{"taxonomy":"product_cat","embeddable":true,"href":"https:\/\/nevenacolor.co.rs\/sq\/wp-json\/wp\/v2\/product_cat?post=41320"},{"taxonomy":"product_tag","embeddable":true,"href":"https:\/\/nevenacolor.co.rs\/sq\/wp-json\/wp\/v2\/product_tag?post=41320"}],"curies":[{"name":"wp","href":"https:\/\/api.w.org\/{rel}","templated":true}]}}