{"id":41321,"date":"2024-05-21T14:34:03","date_gmt":"2024-05-21T14:34:03","guid":{"rendered":"https:\/\/nevenacolor.co.rs\/proizvod\/cool-nc-016-2\/"},"modified":"2024-05-21T14:34:03","modified_gmt":"2024-05-21T14:34:03","slug":"cool-nc-016-2","status":"publish","type":"product","link":"https:\/\/nevenacolor.co.rs\/sq\/proizvod\/cool-nc-016-2\/","title":{"rendered":"Cool NC 016"},"content":{"rendered":"<h3><strong>P\u00cbRSHKRIM DHE P\u00cbRDORIMI<\/strong><\/h3>\n<p>Premaz baz\u00eb special p\u00ebr lidhje t\u00eb sigurt t\u00eb ngjit\u00ebsit COOL 016 p\u00ebr pllakat qeramike gjat\u00eb ngjitjes s\u00eb pllakatave mbi pllaka. P\u00ebrdoret p\u00ebr n\u00ebnstruktura q\u00eb thithin dhe sip\u00ebrfaqe problematike me karakteristik\u00eb tharjeje t\u00eb shpejt\u00eb. Aplikohet mbi sip\u00ebrfaqe \u00e7imento dhe t\u00eb thata si pllaka gipsi, beton, pllaka etj.  <\/p>\n<h3><strong>UDH\u00cbZIME P\u00cbR P\u00cbRDORIM<\/strong><\/h3>\n<p>Para aplikimit, COOL NC 016 duhet t\u00eb hollohet me uj\u00eb n\u00eb raportin 1:3 (1 pjes\u00eb NC COOL 016 dhe 3 pjes\u00eb uj\u00eb). P\u00ebrdoret pa hollim mbi sip\u00ebrfaqet e drurit. Aplikoni nj\u00eb shtres\u00eb t\u00eb holl\u00eb dhe t\u00eb barabart\u00eb me fur\u00e7\u00eb, pa krijuar paq\u00ebndrueshm\u00ebri dhe struktura relievi. N\u00eb var\u00ebsi t\u00eb kushteve gjat\u00eb aplikimit t\u00eb p\u00ebrpunimit, koha e tharjes mund t\u00eb zgjatet. Temperatura optimale e pun\u00ebs \u00ebsht\u00eb nga +5\u00b0C deri n\u00eb +30\u00b0C. Nuk duhet t\u00eb p\u00ebrdoret posht\u00eb +5\u00b0C. Pas p\u00ebrdorimit, mjetet duhet t\u00eb lahen menj\u00ebher\u00eb me uj\u00eb.      <\/p>\n<h3><strong>KONSUMI<\/strong><\/h3>\n<p>40-130 ml\/m\u00b2 n\u00eb dy shtresa, n\u00eb var\u00ebsi t\u00eb porozitetit dhe thithjes s\u00eb n\u00ebnstruktur\u00ebs.<\/p>\n<h3><strong>PAKIMI<\/strong><\/h3>\n<p>1 l<\/p>\n<h3><strong>AFATI I P\u00cbRDORIMIT DHE RUHATJA<\/strong><\/h3>\n<p>18 muaj duhet t\u00eb ruhet n\u00eb ambalazhin origjinal, t\u00eb mbyllur mir\u00eb dhe t\u00eb paprekur, n\u00eb temperatur\u00eb nga +5\u00baC deri n\u00eb +25\u00baC, t\u00eb mbrojtur nga ndikimi direkt i drit\u00ebs s\u00eb diellit dhe ngrirjes.<\/p>\n<h3><strong>DOKUMENTACIONI<\/strong><\/h3>\n<div class=\"dokumentacija\">\n<p><a class=\"dugmeproizvod\" href=\"https:\/\/nevenacolor.co.rs\/wp-content\/uploads\/2024\/10\/Tehnicka-dokumtacija-nc016.pdf\" target=\"_blank\" rel=\"noopener\">DOKUMENTACIONI TEKNIK<\/a><\/p>\n<p><a class=\"dugmeproizvod\" href=\"https:\/\/nevenacolor.co.rs\/wp-content\/uploads\/2024\/10\/Bezbedonosni-list-nc016.pdf\" target=\"_blank\" rel=\"noopener\">FLET\u00cbPAJISJE P\u00cbR SIGURI<\/a><\/p>\n<\/div>\n<p>&nbsp;<\/p>\n","protected":false},"excerpt":{"rendered":"<p>P\u00cbRSHKRIM DHE P\u00cbRDORIMI Premaz baz\u00eb special p\u00ebr lidhje t\u00eb sigurt t\u00eb ngjit\u00ebsit COOL 016 p\u00ebr pllakat qeramike gjat\u00eb ngjitjes s\u00eb<\/p>\n","protected":false},"featured_media":31719,"template":"","meta":{"_monsterinsights_skip_tracking":false,"_monsterinsights_sitenote_active":false,"_monsterinsights_sitenote_note":"","_monsterinsights_sitenote_category":0},"product_brand":[],"product_cat":[542,532],"product_tag":[],"class_list":{"0":"post-41321","1":"product","2":"type-product","3":"status-publish","4":"has-post-thumbnail","6":"product_cat-impregnim","7":"product_cat-veshje-ndertimi","9":"first","10":"instock","11":"shipping-taxable","12":"product-type-simple"},"_links":{"self":[{"href":"https:\/\/nevenacolor.co.rs\/sq\/wp-json\/wp\/v2\/product\/41321","targetHints":{"allow":["GET"]}}],"collection":[{"href":"https:\/\/nevenacolor.co.rs\/sq\/wp-json\/wp\/v2\/product"}],"about":[{"href":"https:\/\/nevenacolor.co.rs\/sq\/wp-json\/wp\/v2\/types\/product"}],"version-history":[{"count":0,"href":"https:\/\/nevenacolor.co.rs\/sq\/wp-json\/wp\/v2\/product\/41321\/revisions"}],"wp:featuredmedia":[{"embeddable":true,"href":"https:\/\/nevenacolor.co.rs\/sq\/wp-json\/wp\/v2\/media\/31719"}],"wp:attachment":[{"href":"https:\/\/nevenacolor.co.rs\/sq\/wp-json\/wp\/v2\/media?parent=41321"}],"wp:term":[{"taxonomy":"product_brand","embeddable":true,"href":"https:\/\/nevenacolor.co.rs\/sq\/wp-json\/wp\/v2\/product_brand?post=41321"},{"taxonomy":"product_cat","embeddable":true,"href":"https:\/\/nevenacolor.co.rs\/sq\/wp-json\/wp\/v2\/product_cat?post=41321"},{"taxonomy":"product_tag","embeddable":true,"href":"https:\/\/nevenacolor.co.rs\/sq\/wp-json\/wp\/v2\/product_tag?post=41321"}],"curies":[{"name":"wp","href":"https:\/\/api.w.org\/{rel}","templated":true}]}}