{"id":41322,"date":"2024-05-21T14:40:50","date_gmt":"2024-05-21T14:40:50","guid":{"rendered":"https:\/\/nevenacolor.co.rs\/proizvod\/cool-aqua-paint-acrylic-2\/"},"modified":"2024-05-21T14:40:50","modified_gmt":"2024-05-21T14:40:50","slug":"cool-aqua-paint-acrylic-2","status":"publish","type":"product","link":"https:\/\/nevenacolor.co.rs\/sq\/proizvod\/cool-aqua-paint-acrylic-2\/","title":{"rendered":"COOL AQUA PAINT ACRYLIC"},"content":{"rendered":"<h3><strong>P\u00cbRSHKRIM DHE P\u00cbRDORIMI<\/strong><\/h3>\n<p>COOL AKRYLIC 100% \u00ebsht\u00eb nj\u00eb boj\u00eb ekologjike p\u00ebr brendshme, e b\u00ebr\u00eb nga akrilate, pigmente dhe mbush\u00ebs. P\u00ebrdoret p\u00ebr mbrojtjen dhe dekorimin e sip\u00ebrfaqeve t\u00eb brendshme t\u00eb mureve n\u00eb nd\u00ebrtesa banimi, biznesi dhe objekte publike. Ka fuqin\u00eb e shk\u00eblqyer t\u00eb mbulimit, thithje t\u00eb mir\u00eb t\u00eb avujve dhe \u00ebsht\u00eb e q\u00ebndrueshme ndaj pastrimit me lag\u00ebshtir\u00eb.  <\/p>\n<h3><strong>UDH\u00cbZIME P\u00cbR P\u00cbRDORIM<\/strong><\/h3>\n<p class=\"p1\">COOL AKRYLIC 100% aplikohet n\u00eb sip\u00ebrfaqe q\u00eb jan\u00eb t\u00eb thata, t\u00eb pastra, t\u00eb forta, pa pluhur, vajra, njolla yndyre, kripra q\u00eb tretjen n\u00eb uj\u00eb dhe papast\u00ebrti t\u00eb tjera q\u00eb mund t\u00eb ndikojn\u00eb negativisht n\u00eb adhezionin ndaj n\u00ebnstruktur\u00ebs.<\/p>\n<p class=\"p1\">Para pikturimit, sip\u00ebrfaqja duhet t\u00eb impregnohet me COOL akrilik baz\u00eb. Koha e tharjes s\u00eb baz\u00ebs \u00ebsht\u00eb minimalisht 4-6 or\u00eb. Para p\u00ebrdorimit, duhet t\u00eb p\u00ebrzihet boja dhe t\u00eb b\u00ebhet homogenizimi. Boja aplikohet me rul, fur\u00e7\u00eb ose sp\u00ebrkatje n\u00eb dy shtresa. Shtresa e dyt\u00eb aplikohet mbi shtres\u00ebn e par\u00eb t\u00eb thar\u00eb pas 4-6 or\u00ebsh.     Temperatura optimale e pun\u00ebs \u00ebsht\u00eb nga +10\u00b0C deri n\u00eb +30\u00b0C. Pasi p\u00ebrdorimit, mjetet duhet t\u00eb lahen menj\u00ebher\u00eb me uj\u00eb.<\/p>\n<h3><strong>KONSUMI<\/strong><\/h3>\n<p>7-8 m<span class=\"s1\"><sup>\u00b2<\/sup><\/span>\/l n\u00eb dy shtresa, n\u00eb var\u00ebsi t\u00eb porozitetit dhe thithjes s\u00eb n\u00ebnstruktur\u00ebs.<\/p>\n<h3><strong>PAKIMI<\/strong><\/h3>\n<p>1 l dhe 2.5 l<\/p>\n<h3><strong>AFATI I P\u00cbRDORIMIT DHE RUHATJA<\/strong><\/h3>\n<p>18 muaj duhet t\u00eb ruhet n\u00eb ambalazh\u00ebn origjinale, t\u00eb mbyllur mir\u00eb dhe t\u00eb pa d\u00ebmtuar, n\u00eb nj\u00eb temperatur\u00eb nga +5\u00baC deri n\u00eb +25\u00baC, t\u00eb mbrojtur nga ndikimi i drejtp\u00ebrdrejt\u00eb i drit\u00ebs s\u00eb diellit dhe ngrirjes.<\/p>\n<h3><strong>DOKUMENTACIONI<\/strong><\/h3>\n<div class=\"dokumentacija\">\n<p><a class=\"dugmeproizvod\" href=\"https:\/\/nevenacolor.co.rs\/wp-content\/uploads\/2024\/12\/Tehnicka-dokumentacija-COOL-AQUA-PAINT-ACRYLIC.pdf\" target=\"_blank\" rel=\"noopener\">DOKUMENTACIONI TEKNIK<\/a><\/p>\n<p><a class=\"dugmeproizvod\" href=\"https:\/\/nevenacolor.co.rs\/wp-content\/uploads\/2024\/12\/Bezbedonosni-list-COOL-AQUA-PAINT-ACRYLIC.pdf\" target=\"_blank\" rel=\"noopener\">FLET\u00cbPAJISJE P\u00cbR SIGURI<\/a><\/p>\n<\/div>\n<p>&nbsp;<\/p>\n<p><iframe loading=\"lazy\" title=\"YouTube video player\" src=\"https:\/\/www.youtube.com\/embed\/uQdmtbgXGH8?si=uOxlOoLdoK_31KTf\" width=\"560\" height=\"415\" frameborder=\"0\" allowfullscreen=\"allowfullscreen\"><span data-mce-type=\"bookmark\" style=\"display: inline-block; width: 0px; overflow: hidden; line-height: 0;\" class=\"mce_SELRES_start\"><\/span><\/iframe><\/p>\n","protected":false},"excerpt":{"rendered":"<h3><strong>KARTELA TONE<\/strong><\/h3>\n[elementor-template id=\"31611\"]\n<div><a class=\"tonkarta\" href=\"#acrylic-tonkarta\" rel=\"noopener\"><img decoding=\"async\" src=\"https:\/\/nevenacolor.co.rs\/wp-content\/uploads\/2024\/06\/pantone-color-scheme.png\" width=\"40px\"> KARTELA TONE<\/a><\/div>\n","protected":false},"featured_media":31641,"template":"","meta":{"_monsterinsights_skip_tracking":false,"_monsterinsights_sitenote_active":false,"_monsterinsights_sitenote_note":"","_monsterinsights_sitenote_category":0},"product_brand":[],"product_cat":[538,532],"product_tag":[],"class_list":{"0":"post-41322","1":"product","2":"type-product","3":"status-publish","4":"has-post-thumbnail","6":"product_cat-bjere-muri-te-brendshem","7":"product_cat-veshje-ndertimi","9":"first","10":"instock","11":"featured","12":"shipping-taxable","13":"product-type-simple"},"_links":{"self":[{"href":"https:\/\/nevenacolor.co.rs\/sq\/wp-json\/wp\/v2\/product\/41322","targetHints":{"allow":["GET"]}}],"collection":[{"href":"https:\/\/nevenacolor.co.rs\/sq\/wp-json\/wp\/v2\/product"}],"about":[{"href":"https:\/\/nevenacolor.co.rs\/sq\/wp-json\/wp\/v2\/types\/product"}],"version-history":[{"count":0,"href":"https:\/\/nevenacolor.co.rs\/sq\/wp-json\/wp\/v2\/product\/41322\/revisions"}],"wp:featuredmedia":[{"embeddable":true,"href":"https:\/\/nevenacolor.co.rs\/sq\/wp-json\/wp\/v2\/media\/31641"}],"wp:attachment":[{"href":"https:\/\/nevenacolor.co.rs\/sq\/wp-json\/wp\/v2\/media?parent=41322"}],"wp:term":[{"taxonomy":"product_brand","embeddable":true,"href":"https:\/\/nevenacolor.co.rs\/sq\/wp-json\/wp\/v2\/product_brand?post=41322"},{"taxonomy":"product_cat","embeddable":true,"href":"https:\/\/nevenacolor.co.rs\/sq\/wp-json\/wp\/v2\/product_cat?post=41322"},{"taxonomy":"product_tag","embeddable":true,"href":"https:\/\/nevenacolor.co.rs\/sq\/wp-json\/wp\/v2\/product_tag?post=41322"}],"curies":[{"name":"wp","href":"https:\/\/api.w.org\/{rel}","templated":true}]}}