{"id":41323,"date":"2024-05-21T14:34:57","date_gmt":"2024-05-21T14:34:57","guid":{"rendered":"https:\/\/nevenacolor.co.rs\/proizvod\/cool-nova-art-primer-2\/"},"modified":"2024-05-21T14:34:57","modified_gmt":"2024-05-21T14:34:57","slug":"cool-nova-art-primer-2","status":"publish","type":"product","link":"https:\/\/nevenacolor.co.rs\/sq\/proizvod\/cool-nova-art-primer-2\/","title":{"rendered":"COOL NOVA ART PRIMER"},"content":{"rendered":"<h3><strong>P\u00cbRSHKRIM DHE P\u00cbRDORIMI<\/strong><\/h3>\n<p><b>COOL NOVA ART PRIMER<\/b> \u00ebsht\u00eb nj\u00eb baz\u00eb e b\u00ebr\u00eb nga nj\u00eb emulsioni akrilik i cil\u00ebsis\u00eb s\u00eb lart\u00eb, e destinuar p\u00ebr rrafshimin, neutralizimin dhe p\u00ebrmir\u00ebsimin e adhezionit t\u00eb boj\u00ebrave dekorative t\u00eb brendshme. P\u00ebr shkak t\u00eb shp\u00ebrndarjes s\u00eb im\u00ebt t\u00eb grimcave, krijohet nj\u00eb sip\u00ebrfaqe e leht\u00eb relievi mbi t\u00eb cil\u00ebn \u00ebsht\u00eb e thjesht\u00eb t\u00eb aplikohen mbulimet dekorative. Ky \u00ebsht\u00eb nj\u00eb mbulim ekologjik, me shp\u00ebrndarje t\u00eb lart\u00eb, i pastruesh\u00ebm me uj\u00eb dhe ka kalueshm\u00ebri t\u00eb shk\u00eblqyer t\u00eb avujve. Shp\u00ebrndahet n\u00eb ngjyr\u00eb t\u00eb bardh\u00eb dhe, sipas nevoj\u00ebs, mund t\u00eb ngjyroset n\u00eb nj\u00eb nuanc\u00eb t\u00eb ngjashme me COOL NOVA.  <span class=\"Apple-converted-space\">  <\/span>ART DINE dhe<span class=\"Apple-converted-space\">  <\/span>veshje t\u00eb tjera dekorative.<\/p>\n<h3><strong>UDH\u00cbZIME P\u00cbR P\u00cbRDORIM<\/strong><\/h3>\n<p class=\"p1\">Sip\u00ebrfaqja duhet t\u00eb jet\u00eb e that\u00eb, e fort\u00eb, e past\u00ebr dhe pa pjes\u00eb t\u00eb lidhura dob\u00ebt si pluhur, krip\u00ebra t\u00eb tretshme n\u00eb uj\u00eb dhe papast\u00ebrti t\u00eb tjera. Ngjyra e vjet\u00ebr q\u00eb nuk \u00ebsht\u00eb lidhur mir\u00eb duhet t\u00eb hiqet mekanikisht. Sip\u00ebrfaqet e pastra dhe t\u00eb pa rrafsh\u00ebtuara duhet t\u00eb nivelohen me COOL GLET MAS\u00cb. Para boj\u00ebs, muret duhet t\u00eb impregnohen me baz\u00eb t\u00eb p\u00ebrshtatshme COOL AKRILNE PODLOGE. Aplikimi i COOL NOVA ART PRIMER b\u00ebhet me brush\u00eb, val\u00e7\u00eb me fije t\u00eb shkurtra ose me pajisje sp\u00ebrkat\u00ebse n\u00eb dy shtresa (p\u00ebr t\u00eb p\u00ebrgatitur COOL NOVA ART PRIMER, mund ta holloni me uj\u00eb deri n\u00eb 10%).    <\/p>\n<p class=\"p1\">Shtresa e dyt\u00eb duhet t\u00eb aplikohet pas 6 or\u00ebsh mbi mbulimin e thar\u00eb paraprak.<\/p>\n<p class=\"p1\">Pas p\u00ebrdorimit, pastroni menj\u00ebher\u00eb veglat me uj\u00eb.<\/p>\n<p class=\"p1\">Temperatura optimale e pun\u00ebs \u00ebsht\u00eb nga +10\u00b0C deri n\u00eb +30\u00b0C.<\/p>\n<h3><strong>KONSUMI<\/strong><\/h3>\n<p>4-6 m<span class=\"s1\"><sup>\u00b2<\/sup><\/span>\/l n\u00eb dy shtresa, n\u00eb var\u00ebsi t\u00eb p\u00ebrgatitjes s\u00eb sip\u00ebrfaqes, teknik\u00ebs dhe m\u00ebnyr\u00ebs s\u00eb aplikimit.<\/p>\n<h3><strong>PAKIMI<\/strong><\/h3>\n<p>1 l<\/p>\n<h3><strong>AFATI I P\u00cbRDORIMIT DHE RUHATJA<\/strong><\/h3>\n<p>18 muaj nga data e shtypur n\u00eb paketim. Ruani n\u00eb ambalazhin origjinal, t\u00eb mbyllur mir\u00eb dhe t\u00eb pad\u00ebmtuar n\u00eb fabrik\u00eb n\u00eb nj\u00eb temperatur\u00eb prej +5\u00baC deri +25\u00baC, t\u00eb mbrojtur nga rrezet e diellit direkte. <\/p>\n<h3><strong>DOKUMENTACIONI<\/strong><\/h3>\n<div class=\"dokumentacija\">\n<p><a class=\"dugmeproizvod\" href=\"https:\/\/nevenacolor.co.rs\/wp-content\/uploads\/2024\/10\/Tehnicka-dokumentacija-nova-art-primer.pdf\" target=\"_blank\" rel=\"noopener\">DOKUMENTACIONI TEKNIK<\/a><\/p>\n<p><a class=\"dugmeproizvod\" href=\"https:\/\/nevenacolor.co.rs\/wp-content\/uploads\/2024\/10\/Bezbedonosni-list-nova-art-primer.pdf\" target=\"_blank\" rel=\"noopener\">FLET\u00cbPAJISJE P\u00cbR SIGURI<\/a><\/p>\n<\/div>\n<p>&nbsp;<\/p>\n<p><iframe loading=\"lazy\" width=\"560\" height=\"415\" src=\"https:\/\/www.youtube.com\/embed\/NqyJb1SzCXs?si=C7mVb80akTGQSU8W\" title=\"YouTube video player\" frameborder=\"0\" allow=\"accelerometer; autoplay; clipboard-write; encrypted-media; gyroscope; picture-in-picture; web-share\" referrerpolicy=\"strict-origin-when-cross-origin\" allowfullscreen=\"\"><\/iframe><\/p>\n","protected":false},"excerpt":{"rendered":"<h3><strong>KARTELA TONE<\/strong><\/h3>\n[elementor-template id=\"29120\"]\n<div><a class=\"tonkarta\" href=\"#link-popup\" rel=\"noopener\"><img decoding=\"async\" src=\"https:\/\/nevenacolor.co.rs\/wp-content\/uploads\/2024\/06\/pantone-color-scheme.png\" width=\"40px\"> KARTELA TONE<\/a><\/div>\n","protected":false},"featured_media":29700,"template":"","meta":{"_monsterinsights_skip_tracking":false,"_monsterinsights_sitenote_active":false,"_monsterinsights_sitenote_note":"","_monsterinsights_sitenote_category":0},"product_brand":[],"product_cat":[542,532],"product_tag":[],"class_list":{"0":"post-41323","1":"product","2":"type-product","3":"status-publish","4":"has-post-thumbnail","6":"product_cat-impregnim","7":"product_cat-veshje-ndertimi","9":"first","10":"instock","11":"shipping-taxable","12":"product-type-simple"},"_links":{"self":[{"href":"https:\/\/nevenacolor.co.rs\/sq\/wp-json\/wp\/v2\/product\/41323","targetHints":{"allow":["GET"]}}],"collection":[{"href":"https:\/\/nevenacolor.co.rs\/sq\/wp-json\/wp\/v2\/product"}],"about":[{"href":"https:\/\/nevenacolor.co.rs\/sq\/wp-json\/wp\/v2\/types\/product"}],"version-history":[{"count":0,"href":"https:\/\/nevenacolor.co.rs\/sq\/wp-json\/wp\/v2\/product\/41323\/revisions"}],"wp:featuredmedia":[{"embeddable":true,"href":"https:\/\/nevenacolor.co.rs\/sq\/wp-json\/wp\/v2\/media\/29700"}],"wp:attachment":[{"href":"https:\/\/nevenacolor.co.rs\/sq\/wp-json\/wp\/v2\/media?parent=41323"}],"wp:term":[{"taxonomy":"product_brand","embeddable":true,"href":"https:\/\/nevenacolor.co.rs\/sq\/wp-json\/wp\/v2\/product_brand?post=41323"},{"taxonomy":"product_cat","embeddable":true,"href":"https:\/\/nevenacolor.co.rs\/sq\/wp-json\/wp\/v2\/product_cat?post=41323"},{"taxonomy":"product_tag","embeddable":true,"href":"https:\/\/nevenacolor.co.rs\/sq\/wp-json\/wp\/v2\/product_tag?post=41323"}],"curies":[{"name":"wp","href":"https:\/\/api.w.org\/{rel}","templated":true}]}}