{"id":41324,"date":"2024-05-21T14:32:41","date_gmt":"2024-05-21T14:32:41","guid":{"rendered":"https:\/\/nevenacolor.co.rs\/proizvod\/cool-akrilna-podloga-2\/"},"modified":"2024-05-21T14:32:41","modified_gmt":"2024-05-21T14:32:41","slug":"cool-akrilna-podloga-2","status":"publish","type":"product","link":"https:\/\/nevenacolor.co.rs\/sq\/proizvod\/cool-akrilna-podloga-2\/","title":{"rendered":"COOL AKRILNA PODLOGA"},"content":{"rendered":"<h3><strong>P\u00cbRSHKRIM DHE P\u00cbRDORIMI<\/strong><\/h3>\n<p>COOL AKRILNA PODLOGA \u00ebsht\u00eb nj\u00eb emulsioni i koncentruar p\u00ebr impregnimin e sip\u00ebrfaqeve poroze me baz\u00eb g\u00eblqereje, g\u00eblqere-cement dhe t\u00eb tjera. COOL AKRILNA PODLOGA p\u00ebrdoret p\u00ebr impregnimin e mureve para aplikimit t\u00eb boj\u00ebrave dispersive. P\u00ebrmir\u00ebson ngjitjen e shtresave t\u00eb reja, ul p\u00ebrshkueshm\u00ebrin\u00eb e sip\u00ebrfaqes dhe zvog\u00eblon konsumin e shtresave p\u00ebrfundimtare.  <\/p>\n<h3><strong>UDH\u00cbZIME P\u00cbR P\u00cbRDORIM<\/strong><\/h3>\n<p>Sip\u00ebrfaqja duhet t\u00eb jet\u00eb e that\u00eb, pa pluhur, grimca t\u00eb palidhura dhe papast\u00ebrti t\u00eb tjera, yndyr\u00eb, pjes\u00eb t\u00eb suvas\u00eb dhe betonit t\u00eb vjet\u00ebr. Para p\u00ebrdorimit, produkti duhet t\u00eb hollohet me uj\u00eb n\u00eb raport 1:4, 1:5 ose 1:9. COOL AKRILNA PODLOGA aplikohet me fur\u00e7\u00eb ose me rul. Pas p\u00ebrdorimit, veglat duhet t\u00eb lahen menj\u00ebher\u00eb me uj\u00eb.   <\/p>\n<h3><strong>KONSUMI<\/strong><\/h3>\n<p>3-5 m<span class=\"s1\"><sup>\u00b2<\/sup><\/span>\/l, emulsioni i holluar.<\/p>\n<h3><strong>PAKIMI<\/strong><\/h3>\n<p>1 l<\/p>\n<h3><strong>AFATI I P\u00cbRDORIMIT DHE RUHATJA<\/strong><\/h3>\n<p>18 muaj duhet t\u00eb ruhet n\u00eb ambalazhin origjinal, t\u00eb mbyllur mir\u00eb dhe t\u00eb paprekur, n\u00eb temperatur\u00eb nga +5\u00baC deri n\u00eb +25\u00baC, t\u00eb mbrojtur nga ndikimi direkt i drit\u00ebs s\u00eb diellit dhe ngrirjes.<\/p>\n<h3><strong>DOKUMENTACIONI<\/strong><\/h3>\n<div class=\"dokumentacija\">\n<p><a class=\"dugmeproizvod\" href=\"https:\/\/nevenacolor.co.rs\/wp-content\/uploads\/2024\/12\/Tehicka-dokumentacija-akril-podloga.pdf\" target=\"_blank\" rel=\"noopener\">DOKUMENTACIONI TEKNIK<\/a><\/p>\n<p><a class=\"dugmeproizvod\" href=\"https:\/\/nevenacolor.co.rs\/wp-content\/uploads\/2024\/12\/Bezbedonosni-list-akril-podloga.pdf\" target=\"_blank\" rel=\"noopener\">FLET\u00cbPAJISJE P\u00cbR SIGURI<\/a><\/p>\n<\/div>\n<p>&nbsp;<\/p>\n","protected":false},"excerpt":{"rendered":"<p>P\u00cbRSHKRIM DHE P\u00cbRDORIMI COOL AKRILNA PODLOGA \u00ebsht\u00eb nj\u00eb emulsioni i koncentruar p\u00ebr impregnimin e sip\u00ebrfaqeve poroze me baz\u00eb g\u00eblqereje, g\u00eblqere-cement<\/p>\n","protected":false},"featured_media":31718,"template":"","meta":{"_monsterinsights_skip_tracking":false,"_monsterinsights_sitenote_active":false,"_monsterinsights_sitenote_note":"","_monsterinsights_sitenote_category":0},"product_brand":[],"product_cat":[542,532],"product_tag":[],"class_list":{"0":"post-41324","1":"product","2":"type-product","3":"status-publish","4":"has-post-thumbnail","6":"product_cat-impregnim","7":"product_cat-veshje-ndertimi","9":"first","10":"instock","11":"shipping-taxable","12":"product-type-simple"},"_links":{"self":[{"href":"https:\/\/nevenacolor.co.rs\/sq\/wp-json\/wp\/v2\/product\/41324","targetHints":{"allow":["GET"]}}],"collection":[{"href":"https:\/\/nevenacolor.co.rs\/sq\/wp-json\/wp\/v2\/product"}],"about":[{"href":"https:\/\/nevenacolor.co.rs\/sq\/wp-json\/wp\/v2\/types\/product"}],"version-history":[{"count":0,"href":"https:\/\/nevenacolor.co.rs\/sq\/wp-json\/wp\/v2\/product\/41324\/revisions"}],"wp:featuredmedia":[{"embeddable":true,"href":"https:\/\/nevenacolor.co.rs\/sq\/wp-json\/wp\/v2\/media\/31718"}],"wp:attachment":[{"href":"https:\/\/nevenacolor.co.rs\/sq\/wp-json\/wp\/v2\/media?parent=41324"}],"wp:term":[{"taxonomy":"product_brand","embeddable":true,"href":"https:\/\/nevenacolor.co.rs\/sq\/wp-json\/wp\/v2\/product_brand?post=41324"},{"taxonomy":"product_cat","embeddable":true,"href":"https:\/\/nevenacolor.co.rs\/sq\/wp-json\/wp\/v2\/product_cat?post=41324"},{"taxonomy":"product_tag","embeddable":true,"href":"https:\/\/nevenacolor.co.rs\/sq\/wp-json\/wp\/v2\/product_tag?post=41324"}],"curies":[{"name":"wp","href":"https:\/\/api.w.org\/{rel}","templated":true}]}}