{"id":41328,"date":"2024-05-28T10:47:01","date_gmt":"2024-05-28T10:47:01","guid":{"rendered":"https:\/\/nevenacolor.co.rs\/proizvod\/cool-llak-per-parket-1k\/"},"modified":"2024-05-28T10:47:01","modified_gmt":"2024-05-28T10:47:01","slug":"cool-llak-per-parket-1k","status":"publish","type":"product","link":"https:\/\/nevenacolor.co.rs\/sq\/proizvod\/cool-llak-per-parket-1k\/","title":{"rendered":"Cool llak p\u00ebr parket 1k"},"content":{"rendered":"<h3><strong>P\u00cbRSHKRIM DHE P\u00cbRDORIMI<\/strong><\/h3>\n<p class=\"p1\">P\u00ebr mbrojtjen e dyshemeve prej druri n\u00eb sht\u00ebpi q\u00eb jan\u00eb t\u00eb ekspozuara ndaj ngarkesave t\u00eb vogla, mobiljeve, panelave dhe sip\u00ebrfaqeve t\u00eb tjera prej druri. Aplikohet me fur\u00e7\u00eb, rul ose pistole p\u00ebr llak n\u00eb tri shtresa, duke p\u00ebrdorur shk\u00ebrkimin nd\u00ebrmjet shtresave kur sip\u00ebrfaqja \u00ebsht\u00eb e that\u00eb (me lag\u00ebshti 8-10%) dhe e past\u00ebr (pa pluhur dhe yndyr\u00eb). P\u00ebr shk\u00ebrkim nd\u00ebrmjet shtresave, p\u00ebrdoret let\u00ebr smirgeli No 220. N\u00ebse \u00ebsht\u00eb e nevojshme, holloni me Cool hollues vajor 5-10%, n\u00eb var\u00ebsi t\u00eb m\u00ebnyr\u00ebs s\u00eb aplikimit. Thahet nd\u00ebrmjet shtresave deri n\u00eb 24 or\u00eb, dhe mund t\u00eb ecet pas 7 dit\u00ebsh. Veglat pas p\u00ebrdorimit duhet t\u00eb lahen me Cool hollues vajor. Temperatura optimale e ajrit p\u00ebr pun\u00eb \u00ebsht\u00eb 20\u00b0C, dhe lag\u00ebshtia relative 65%.      <\/p>\n<h3><strong>KONSUMI<\/strong><\/h3>\n<p class=\"p1\">10-12 m\u00b2\/l n\u00eb nj\u00eb shtres\u00eb<\/p>\n<h3><strong>PAKIMI<\/strong><\/h3>\n<p class=\"p1\">2,5 l<\/p>\n<h3><strong>AFATI I P\u00cbRDORIMIT DHE RUHATJA<\/strong><\/h3>\n<p class=\"p1\">36 muaj nga data e shtypur n\u00eb paketim. T\u00eb ruhet n\u00eb ambalazh\u00ebn origjinale, t\u00eb mbyllur mir\u00eb dhe t\u00eb paprekur, n\u00eb temperatur\u00eb nga +5\u00baC deri n\u00eb +25\u00baC<\/p>\n<h3><strong>DOKUMENTACIONI<\/strong><\/h3>\n<div class=\"dokumentacija\">\n<p><a class=\"dugmeproizvod\" href=\"https:\/\/nevenacolor.co.rs\/wp-content\/uploads\/2024\/11\/Tehnicka-dokumentacija-podloga.pdf\" target=\"_blank\" rel=\"noopener\">DOKUMENTACION TEKNIK<\/a><\/p>\n<p>&nbsp;<\/p>\n<\/div>\n","protected":false},"excerpt":{"rendered":"<p>P\u00cbRSHKRIM DHE P\u00cbRDORIMI P\u00ebr mbrojtjen e dyshemeve prej druri n\u00eb sht\u00ebpi q\u00eb jan\u00eb t\u00eb ekspozuara ndaj ngarkesave t\u00eb vogla, mobiljeve,<\/p>\n","protected":false},"featured_media":30434,"template":"","meta":{"_monsterinsights_skip_tracking":false,"_monsterinsights_sitenote_active":false,"_monsterinsights_sitenote_note":"","_monsterinsights_sitenote_category":0},"product_brand":[],"product_cat":[574,548,579],"product_tag":[],"class_list":{"0":"post-41328","1":"product","2":"type-product","3":"status-publish","4":"has-post-thumbnail","6":"product_cat-livar-per-parket","7":"product_cat-shtrese-per-drure","8":"product_cat-veshje-alkidi-me-baze-vaj-sq-4","10":"first","11":"instock","12":"shipping-taxable","13":"product-type-simple"},"_links":{"self":[{"href":"https:\/\/nevenacolor.co.rs\/sq\/wp-json\/wp\/v2\/product\/41328","targetHints":{"allow":["GET"]}}],"collection":[{"href":"https:\/\/nevenacolor.co.rs\/sq\/wp-json\/wp\/v2\/product"}],"about":[{"href":"https:\/\/nevenacolor.co.rs\/sq\/wp-json\/wp\/v2\/types\/product"}],"version-history":[{"count":0,"href":"https:\/\/nevenacolor.co.rs\/sq\/wp-json\/wp\/v2\/product\/41328\/revisions"}],"wp:featuredmedia":[{"embeddable":true,"href":"https:\/\/nevenacolor.co.rs\/sq\/wp-json\/wp\/v2\/media\/30434"}],"wp:attachment":[{"href":"https:\/\/nevenacolor.co.rs\/sq\/wp-json\/wp\/v2\/media?parent=41328"}],"wp:term":[{"taxonomy":"product_brand","embeddable":true,"href":"https:\/\/nevenacolor.co.rs\/sq\/wp-json\/wp\/v2\/product_brand?post=41328"},{"taxonomy":"product_cat","embeddable":true,"href":"https:\/\/nevenacolor.co.rs\/sq\/wp-json\/wp\/v2\/product_cat?post=41328"},{"taxonomy":"product_tag","embeddable":true,"href":"https:\/\/nevenacolor.co.rs\/sq\/wp-json\/wp\/v2\/product_tag?post=41328"}],"curies":[{"name":"wp","href":"https:\/\/api.w.org\/{rel}","templated":true}]}}