{"id":41329,"date":"2024-05-28T10:45:34","date_gmt":"2024-05-28T10:45:34","guid":{"rendered":"https:\/\/nevenacolor.co.rs\/proizvod\/cool-nitro-llak-perfundimtar\/"},"modified":"2024-05-28T10:45:34","modified_gmt":"2024-05-28T10:45:34","slug":"cool-nitro-llak-perfundimtar","status":"publish","type":"product","link":"https:\/\/nevenacolor.co.rs\/sq\/proizvod\/cool-nitro-llak-perfundimtar\/","title":{"rendered":"Cool nitro llak p\u00ebrfundimtar"},"content":{"rendered":"<h3><strong>P\u00cbRSHKRIM DHE P\u00cbRDORIMI<\/strong><\/h3>\n<p class=\"p1\">Cool nitro llaku bazik \u00ebsht\u00eb i destinuar si shtres\u00eb themelore p\u00ebr sip\u00ebrfaqet prej druri para lyerjes p\u00ebrfundimtare ose lyerjes me boj\u00eb. Karakterizohet nga tharja e shpejt\u00eb, ngjitja e mir\u00eb, fort\u00ebsia dhe elastikiteti, dhe mund t\u00eb l\u00ebkurohet leht\u00ebsisht. Nitro llaku p\u00ebrfundimtar-shk\u00eblqyesh\u00ebm \u00ebsht\u00eb i destinuar p\u00ebr lyerjen p\u00ebrfundimtare t\u00eb sip\u00ebrfaqeve prej druri. Karakterizohet nga tharja e shpejt\u00eb, fort\u00ebsia e shk\u00eblqyer dhe shk\u00eblqimi i lart\u00eb.   <\/p>\n<h3><strong>UDH\u00cbZIME P\u00cbR P\u00cbRDORIM<\/strong><\/h3>\n<p class=\"p1\">Para p\u00ebrdorimit, duhet t\u00eb p\u00ebrzihet mir\u00eb. Sip\u00ebrfaqja n\u00eb t\u00eb cil\u00ebn aplikohet COOL NITRO LAK &#8211; bazik duhet t\u00eb jet\u00eb e that\u00eb dhe e past\u00ebr. Nitro llaku p\u00ebrfundimtar-shk\u00eblqyesh\u00ebm aplikohet mbi Cool nitro llakun bazik pas nj\u00eb shk\u00ebrkimi paraprak. Nitro llaku aplikohet me pistole, fur\u00e7\u00eb ose duke zhytur. Thahet n\u00eb temperatur\u00eb 20\u00b0C p\u00ebr 30 minuta.    <\/p>\n<h3><strong>KONSUMI<\/strong><\/h3>\n<p class=\"p1\">Me 1 kg llaku mund t\u00eb mbulohet rreth 8-10 m\u00b2 n\u00eb nj\u00eb shtres\u00eb.<\/p>\n<h3><strong>PAKIMI<\/strong><\/h3>\n<p class=\"p1\">0,75 l, 2,5 l, 20 l dhe 200 l<\/p>\n<h3><strong>AFATI I P\u00cbRDORIMIT DHE RUHATJA<\/strong><\/h3>\n<p class=\"p1\">Cool Radijator Lak ka nj\u00eb afat p\u00ebrdorimi prej 36 muajsh nga data e shtypur n\u00eb ambalazh. Duhet t\u00eb ruhet n\u00eb ambalazh origjinal, t\u00eb mbyllur mir\u00eb dhe t\u00eb paprekur, n\u00eb nj\u00eb temperatur\u00eb prej +5\u00baC deri n\u00eb +25\u00baC. <\/p>\n<h3><strong>DOKUMENTACIONI<\/strong><\/h3>\n<div style=\"margin-bottom: 20px !important;\" class=\"dokumentacija\">\n<p><a class=\"dugmeproizvod\" href=\"https:\/\/nevenacolor.co.rs\/wp-content\/uploads\/2024\/11\/Tehnicka-dokumentacija-SJAJNI-nitro-zavrsni.pdf\" target=\"_blank\" rel=\"noopener\">DOKUMENTACION TEKNIK SJAY<\/a><\/p>\n<p><a class=\"dugmeproizvod\" href=\"https:\/\/nevenacolor.co.rs\/wp-content\/uploads\/2024\/11\/Tehnicka-dokumentacija-MAT-nitro-zavrsni.pdf\" target=\"_blank\" rel=\"noopener\">DOKUMENTACION TEKNIK MAT<\/a><\/p>\n<\/div>\n<div class=\"dokumentacija\"><a class=\"dugmeproizvod\" href=\"https:\/\/nevenacolor.co.rs\/wp-content\/uploads\/2024\/11\/Bezbedonosni-list-nitro-zavrsni.pdf\" target=\"_blank\" rel=\"noopener\">FLET\u00cb SIGURIE<\/a><\/div>\n","protected":false},"excerpt":{"rendered":"<p>P\u00cbRSHKRIM DHE P\u00cbRDORIMI Cool nitro llaku bazik \u00ebsht\u00eb i destinuar si shtres\u00eb themelore p\u00ebr sip\u00ebrfaqet prej druri para lyerjes p\u00ebrfundimtare<\/p>\n","protected":false},"featured_media":30448,"template":"","meta":{"_monsterinsights_skip_tracking":false,"_monsterinsights_sitenote_active":false,"_monsterinsights_sitenote_note":"","_monsterinsights_sitenote_category":0},"product_brand":[],"product_cat":[552,553,548],"product_tag":[],"class_list":{"0":"post-41329","1":"product","2":"type-product","3":"status-publish","4":"has-post-thumbnail","6":"product_cat-lakeret","7":"product_cat-shtrese-nitro-sq","8":"product_cat-shtrese-per-drure","10":"first","11":"instock","12":"shipping-taxable","13":"product-type-simple"},"_links":{"self":[{"href":"https:\/\/nevenacolor.co.rs\/sq\/wp-json\/wp\/v2\/product\/41329","targetHints":{"allow":["GET"]}}],"collection":[{"href":"https:\/\/nevenacolor.co.rs\/sq\/wp-json\/wp\/v2\/product"}],"about":[{"href":"https:\/\/nevenacolor.co.rs\/sq\/wp-json\/wp\/v2\/types\/product"}],"version-history":[{"count":0,"href":"https:\/\/nevenacolor.co.rs\/sq\/wp-json\/wp\/v2\/product\/41329\/revisions"}],"wp:featuredmedia":[{"embeddable":true,"href":"https:\/\/nevenacolor.co.rs\/sq\/wp-json\/wp\/v2\/media\/30448"}],"wp:attachment":[{"href":"https:\/\/nevenacolor.co.rs\/sq\/wp-json\/wp\/v2\/media?parent=41329"}],"wp:term":[{"taxonomy":"product_brand","embeddable":true,"href":"https:\/\/nevenacolor.co.rs\/sq\/wp-json\/wp\/v2\/product_brand?post=41329"},{"taxonomy":"product_cat","embeddable":true,"href":"https:\/\/nevenacolor.co.rs\/sq\/wp-json\/wp\/v2\/product_cat?post=41329"},{"taxonomy":"product_tag","embeddable":true,"href":"https:\/\/nevenacolor.co.rs\/sq\/wp-json\/wp\/v2\/product_tag?post=41329"}],"curies":[{"name":"wp","href":"https:\/\/api.w.org\/{rel}","templated":true}]}}