{"id":41330,"date":"2024-05-21T14:24:01","date_gmt":"2024-05-21T14:24:01","guid":{"rendered":"https:\/\/nevenacolor.co.rs\/proizvod\/cool-permese-fasades-me-vajor\/"},"modified":"2024-05-21T14:24:01","modified_gmt":"2024-05-21T14:24:01","slug":"cool-permese-fasades-me-vajor","status":"publish","type":"product","link":"https:\/\/nevenacolor.co.rs\/sq\/proizvod\/cool-permese-fasades-me-vajor\/","title":{"rendered":"COOL P\u00cbRMES\u00cb FASAD\u00cbS ME VAJOR"},"content":{"rendered":"<h3><strong>P\u00cbRSHKRIM DHE P\u00cbRDORIMI<\/strong><\/h3>\n<p class=\"p1\">P\u00cbRMES\u00cb FASAD\u00cbS ME VAJOR \u00ebsht\u00eb nj\u00eb p\u00ebrpunim p\u00ebrfundimtar i b\u00ebr\u00eb n\u00eb baz\u00eb t\u00eb lidh\u00ebsit akrilik, pigmenteve t\u00eb q\u00ebndrueshme, mbush\u00ebsve, aditiv\u00ebve dhe tret\u00ebsve organik\u00eb. \u00cbsht\u00eb i destinuar p\u00ebr dekorimin dhe mbrojtjen <span class=\"Apple-converted-space\">  <\/span>e sip\u00ebrfaqeve<span class=\"Apple-converted-space\">  <\/span>t\u00eb jashtme t\u00eb mureve dhe murit<span class=\"Apple-converted-space\">  <\/span>t\u00eb<span class=\"Apple-converted-space\">  <\/span>brendsh\u00ebm t\u00eb p\u00ebrb\u00ebra nga lla\u00e7, beton, beton gaz dhe tulla. Mund t\u00eb p\u00ebrdoret p\u00ebr riparimin, pikturimin dhe mbulimin e shtresave t\u00eb vjetra t\u00eb disperzionit t\u00eb p\u00ebrdorura n\u00eb <span class=\"Apple-converted-space\">  <\/span>sip\u00ebrfaqet e fasad\u00ebs.<\/p>\n<p class=\"p1\">P\u00ebrputhet shk\u00eblqyesh\u00ebm me sip\u00ebrfaqet minerale, ka forc\u00eb t\u00eb lart\u00eb mbulimi dhe bardh\u00ebsi, \u00ebsht\u00eb e ajrosur dhe e pap\u00ebrshkueshme nga uji. \u00cbsht\u00eb rezistente ndaj ndikimeve atmosferike, rrezatimit UV, alkaleve, kripave dhe gazrave industrial\u00eb. Nuk rekomandohet p\u00ebrdorimi  <span class=\"Apple-converted-space\">  <\/span>dhe pikturimi p\u00ebr sip\u00ebrfaqet e<span class=\"Apple-converted-space\">  <\/span>fresk\u00ebta t\u00eb pap\u00ebrshkuara ende nga karbonizimi t\u00eb bazuara n\u00eb kalcium dhe kalcium-cement.<\/p>\n<h3><strong>UDH\u00cbZIME P\u00cbR P\u00cbRDORIM<\/strong><\/h3>\n<p class=\"p1\">Para aplikimit t\u00eb P\u00cbRMES\u00cbS S\u00cb FASAD\u00cbS ME VAJOR, sip\u00ebrfaqet duhet t\u00eb jen\u00eb t\u00eb thata, t\u00eb pastra dhe t\u00eb forta. Nga sip\u00ebrfaqet e <span class=\"Apple-converted-space\">  <\/span>vjetra dhe t\u00eb d\u00ebmtuara duhet t\u00eb hiqen pluhuri, pjes\u00ebt e dob\u00ebta t\u00eb lidhura dhe element\u00ebt e tjer\u00eb q\u00eb thyehen dhe bien (mekanisht n\u00eb t\u00eb that\u00eb ose duke lar\u00eb). T\u00eb gjitha pap\u00ebrsosm\u00ebrit\u00eb dhe \u00e7arjet duhet t\u00eb rregullohen me ngjit\u00ebsin COOL UNI. Para pikturimit, muret duhet t\u00eb impregnohen me impregnimin COOL p\u00ebr fasada.   Aplikohet me fur\u00e7\u00eb, rul ose me sp\u00ebrkatje n\u00eb dy shtresa. Para p\u00ebrdorimit, boja duhet t\u00eb hollohet me 5-10% hollues vajor. Shtresa e dyt\u00eb aplikohet mbi shtres\u00ebn e par\u00eb t\u00eb thar\u00eb pas 24 or\u00ebsh.  <\/p>\n<p class=\"p1\">Mund t\u00eb aplikohet n\u00eb nj\u00eb gam\u00eb t\u00eb gjer\u00eb temperaturash, n\u00eb kushte t\u00eb ndryshme klimatike.<\/p>\n<p class=\"p1\">Veglat pas p\u00ebrdorimit duhet t\u00eb lahen me hollues vajor.<\/p>\n<h3><strong>KONSUMI<\/strong><\/h3>\n<p>170-310 ml\/m\u00b2 n\u00eb dy shtresa, n\u00eb var\u00ebsi t\u00eb porozitetit dhe thithjes s\u00eb sip\u00ebrfaqes.<\/p>\n<h3><strong>PAKIMI<\/strong><\/h3>\n<p>25 kg<\/p>\n<h3><strong>AFATI I P\u00cbRDORIMIT DHE RUHATJA<\/strong><\/h3>\n<p>18 muaj nga data e shtypur n\u00eb ambalazh\u00eb. Ruajeni n\u00eb ambalazh\u00ebn origjinale, t\u00eb mbyllur mir\u00eb dhe t\u00eb paprekur, n\u00eb nj\u00eb temperatur\u00eb nga +5\u00baC deri n\u00eb +25\u00baC. <\/p>\n<h3><strong>TEMPERATURA E PUN\u00cbS<\/strong><\/h3>\n<p>Temperatura optimale e pun\u00ebs \u00ebsht\u00eb nga +10\u00baC deri n\u00eb +30\u00baC. Nuk duhet p\u00ebrdorur n\u00ebn +5\u00baC.  Shmangni p\u00ebrdorimin e bojr\u00ebs p\u00ebr fasad\u00eb n\u00eb kushte me shi, mjegull, er\u00eb t\u00eb fort\u00eb ose diell t\u00eb fort\u00eb. Mbrojeni sip\u00ebrfaqet e sapo pikturuara nga ndikimet atmosferike me mbulesa p\u00ebr t\u00eb pakt\u00ebn 24 or\u00eb. <\/p>\n<h3><strong>DOKUMENTACIONI<\/strong><\/h3>\n<div class=\"dokumentacija\">\n<p><a class=\"dugmeproizvod\" href=\"https:\/\/nevenacolor.co.rs\/wp-content\/uploads\/2024\/10\/Tehnicka-dokumentacija-uljani-premaz.pdf\" target=\"_blank\" rel=\"noopener\">DOKUMENTACIONI TEKNIK<\/a><\/p>\n<p><a class=\"dugmeproizvod\" href=\"https:\/\/nevenacolor.co.rs\/wp-content\/uploads\/2024\/10\/Bezbedonosni-list-uljani-premaz.pdf\" target=\"_blank\" rel=\"noopener\">FLET\u00cbPAJISJE P\u00cbR SIGURI<\/a><\/p>\n<\/div>\n<p>&nbsp;<\/p>\n","protected":false},"excerpt":{"rendered":"<p>P\u00cbRSHKRIM DHE P\u00cbRDORIMI P\u00cbRMES\u00cb FASAD\u00cbS ME VAJOR \u00ebsht\u00eb nj\u00eb p\u00ebrpunim p\u00ebrfundimtar i b\u00ebr\u00eb n\u00eb baz\u00eb t\u00eb lidh\u00ebsit akrilik, pigmenteve t\u00eb<\/p>\n","protected":false},"featured_media":31723,"template":"","meta":{"_monsterinsights_skip_tracking":false,"_monsterinsights_sitenote_active":false,"_monsterinsights_sitenote_note":"","_monsterinsights_sitenote_category":0},"product_brand":[],"product_cat":[541,532],"product_tag":[],"class_list":{"0":"post-41330","1":"product","2":"type-product","3":"status-publish","4":"has-post-thumbnail","6":"product_cat-bojerat-fasada","7":"product_cat-veshje-ndertimi","9":"first","10":"instock","11":"shipping-taxable","12":"product-type-simple"},"_links":{"self":[{"href":"https:\/\/nevenacolor.co.rs\/sq\/wp-json\/wp\/v2\/product\/41330","targetHints":{"allow":["GET"]}}],"collection":[{"href":"https:\/\/nevenacolor.co.rs\/sq\/wp-json\/wp\/v2\/product"}],"about":[{"href":"https:\/\/nevenacolor.co.rs\/sq\/wp-json\/wp\/v2\/types\/product"}],"version-history":[{"count":0,"href":"https:\/\/nevenacolor.co.rs\/sq\/wp-json\/wp\/v2\/product\/41330\/revisions"}],"wp:featuredmedia":[{"embeddable":true,"href":"https:\/\/nevenacolor.co.rs\/sq\/wp-json\/wp\/v2\/media\/31723"}],"wp:attachment":[{"href":"https:\/\/nevenacolor.co.rs\/sq\/wp-json\/wp\/v2\/media?parent=41330"}],"wp:term":[{"taxonomy":"product_brand","embeddable":true,"href":"https:\/\/nevenacolor.co.rs\/sq\/wp-json\/wp\/v2\/product_brand?post=41330"},{"taxonomy":"product_cat","embeddable":true,"href":"https:\/\/nevenacolor.co.rs\/sq\/wp-json\/wp\/v2\/product_cat?post=41330"},{"taxonomy":"product_tag","embeddable":true,"href":"https:\/\/nevenacolor.co.rs\/sq\/wp-json\/wp\/v2\/product_tag?post=41330"}],"curies":[{"name":"wp","href":"https:\/\/api.w.org\/{rel}","templated":true}]}}