{"id":41333,"date":"2024-05-28T10:44:31","date_gmt":"2024-05-28T10:44:31","guid":{"rendered":"https:\/\/nevenacolor.co.rs\/proizvod\/cool-llaku-per-varka\/"},"modified":"2024-05-28T10:44:31","modified_gmt":"2024-05-28T10:44:31","slug":"cool-llaku-per-varka","status":"publish","type":"product","link":"https:\/\/nevenacolor.co.rs\/sq\/proizvod\/cool-llaku-per-varka\/","title":{"rendered":"Cool llaku p\u00ebr varka"},"content":{"rendered":"<h3><strong>P\u00cbRSHKRIM DHE P\u00cbRDORIMI<\/strong><\/h3>\n<p class=\"p1\">Llaku p\u00ebr varka \u00ebsht\u00eb nj\u00eb material p\u00ebr mbulim pa ngjyr\u00eb, nj\u00ebkomponent, i bazuar n\u00eb lidh\u00ebs sintetik\u00eb, aditiv\u00eb dhe tret\u00ebs, i thar\u00eb n\u00eb aj\u00ebr. P\u00ebrdoret p\u00ebr dekorimin dhe mbrojtjen e sip\u00ebrfaqeve prej druri. Filmi i thar\u00eb karakterizohet nga shk\u00eblqimi i lart\u00eb, elastikiteti i mir\u00eb, fort\u00ebsia, \u00ebsht\u00eb i l\u00ebmuar, pa rrudha dhe mang\u00ebsi. \u00cbsht\u00eb rezistent ndaj ndikimeve atmosferike.   <\/p>\n<h3><strong>UDH\u00cbZIME P\u00cbR P\u00cbRDORIM<\/strong><\/h3>\n<p class=\"p1\">Aplikohet me fur\u00e7\u00eb, rul, zhytje ose me pistole n\u00eb sip\u00ebrfaqe t\u00eb that\u00eb, t\u00eb pastruar dhe t\u00eb shk\u00ebrkuar n\u00eb 2-3 shtresa.<\/p>\n<h3><strong>KONSUMI<\/strong><\/h3>\n<p class=\"p1\">Me 1 lit\u00ebr llaku mund t\u00eb mbulohet 10-12 m\u00b2 n\u00eb nj\u00eb shtres\u00eb.<\/p>\n<h3><strong>PAKIMI<\/strong><\/h3>\n<p class=\"p1\">0,75 l<\/p>\n<h3><strong>AFATI I P\u00cbRDORIMIT DHE RUHATJA<\/strong><\/h3>\n<p class=\"p1\">Cool Radijator Lak ka nj\u00eb afat p\u00ebrdorimi prej 36 muajsh nga data e shtypur n\u00eb ambalazh. Duhet t\u00eb ruhet n\u00eb ambalazh origjinal, t\u00eb mbyllur mir\u00eb dhe t\u00eb paprekur, n\u00eb nj\u00eb temperatur\u00eb prej +5\u00baC deri n\u00eb +25\u00baC. <\/p>\n<h3><strong>DOKUMENTACIONI<\/strong><\/h3>\n<div class=\"dokumentacija\">\n<p><a class=\"dugmeproizvod\" href=\"https:\/\/nevenacolor.co.rs\/wp-content\/uploads\/2024\/11\/Tehnicka-dokumentacija-camac.pdf\" target=\"_blank\" rel=\"noopener\">DOKUMENTACIONI TEKNIK<\/a><\/p>\n<p><a class=\"dugmeproizvod\" href=\"https:\/\/nevenacolor.co.rs\/wp-content\/uploads\/2024\/11\/Bezbedonosni-list-camac.pdf\" target=\"_blank\" rel=\"noopener\">FLET\u00cbPAJISJE P\u00cbR SIGURI<\/a><\/p>\n<p>&nbsp;<\/p>\n<\/div>\n","protected":false},"excerpt":{"rendered":"<p>P\u00cbRSHKRIM DHE P\u00cbRDORIMI Llaku p\u00ebr varka \u00ebsht\u00eb nj\u00eb material p\u00ebr mbulim pa ngjyr\u00eb, nj\u00ebkomponent, i bazuar n\u00eb lidh\u00ebs sintetik\u00eb, aditiv\u00eb<\/p>\n","protected":false},"featured_media":30423,"template":"","meta":{"_monsterinsights_skip_tracking":false,"_monsterinsights_sitenote_active":false,"_monsterinsights_sitenote_note":"","_monsterinsights_sitenote_category":0},"product_brand":[],"product_cat":[552,548,575],"product_tag":[],"class_list":{"0":"post-41333","1":"product","2":"type-product","3":"status-publish","4":"has-post-thumbnail","6":"product_cat-lakeret","7":"product_cat-shtrese-per-drure","8":"product_cat-veshje-alkidi-me-baze-vaj-sq-2","10":"first","11":"instock","12":"shipping-taxable","13":"product-type-simple"},"_links":{"self":[{"href":"https:\/\/nevenacolor.co.rs\/sq\/wp-json\/wp\/v2\/product\/41333","targetHints":{"allow":["GET"]}}],"collection":[{"href":"https:\/\/nevenacolor.co.rs\/sq\/wp-json\/wp\/v2\/product"}],"about":[{"href":"https:\/\/nevenacolor.co.rs\/sq\/wp-json\/wp\/v2\/types\/product"}],"version-history":[{"count":0,"href":"https:\/\/nevenacolor.co.rs\/sq\/wp-json\/wp\/v2\/product\/41333\/revisions"}],"wp:featuredmedia":[{"embeddable":true,"href":"https:\/\/nevenacolor.co.rs\/sq\/wp-json\/wp\/v2\/media\/30423"}],"wp:attachment":[{"href":"https:\/\/nevenacolor.co.rs\/sq\/wp-json\/wp\/v2\/media?parent=41333"}],"wp:term":[{"taxonomy":"product_brand","embeddable":true,"href":"https:\/\/nevenacolor.co.rs\/sq\/wp-json\/wp\/v2\/product_brand?post=41333"},{"taxonomy":"product_cat","embeddable":true,"href":"https:\/\/nevenacolor.co.rs\/sq\/wp-json\/wp\/v2\/product_cat?post=41333"},{"taxonomy":"product_tag","embeddable":true,"href":"https:\/\/nevenacolor.co.rs\/sq\/wp-json\/wp\/v2\/product_tag?post=41333"}],"curies":[{"name":"wp","href":"https:\/\/api.w.org\/{rel}","templated":true}]}}