{"id":41334,"date":"2024-05-28T10:43:49","date_gmt":"2024-05-28T10:43:49","guid":{"rendered":"https:\/\/nevenacolor.co.rs\/proizvod\/cool-boja-per-koshnica\/"},"modified":"2025-07-08T21:45:43","modified_gmt":"2025-07-08T21:45:43","slug":"cool-boja-per-koshnica","status":"publish","type":"product","link":"https:\/\/nevenacolor.co.rs\/sq\/proizvod\/cool-boja-per-koshnica\/","title":{"rendered":"Cool boja p\u00ebr koshnica"},"content":{"rendered":"<h3><strong>P\u00cbRSHKRIM DHE P\u00cbRDORIMI<\/strong><\/h3>\n<p class=\"p1\">Ngjyr\u00eb ekologjike p\u00ebr kosha blet\u00ebsh, e cila nuk ndikon keq n\u00eb bot\u00ebn e gjall\u00eb.<br data-start=\"77\" data-end=\"80\" \/>Ngjyr\u00eb uji e certifikuar dhe e testuar, e b\u00ebr\u00eb bazuar n\u00eb lidh\u00ebs akrilik me baz\u00eb uji, mbush\u00ebs dhe pigment\u00eb q\u00eb nuk ndikojn\u00eb keq n\u00eb shoq\u00ebrin\u00eb e blet\u00ebve dhe produktet e tyre.<br data-start=\"250\" data-end=\"253\" \/>\u00cbsht\u00eb e destinuar p\u00ebr mbrojtjen dhe dekorimin e koshave prej druri.<\/p>\n<h3><strong>UDH\u00cbZIME P\u00cbR P\u00cbRDORIM<\/strong><\/h3>\n<p class=\"p1\">Aplikohet me fur\u00e7\u00eb, rul ose sp\u00ebrkatje n\u00eb dy shtresa, mbi baz\u00ebn akrilike COOL p\u00ebr dru, mbi sip\u00ebrfaqen e pastruar dhe t\u00eb demazhuar m\u00eb par\u00eb.<br data-start=\"137\" data-end=\"140\" \/>Shtresa e dyt\u00eb aplikohet pas tharjes s\u00eb shtres\u00ebs s\u00eb par\u00eb prej 3-4 or\u00ebsh.<br data-start=\"212\" data-end=\"215\" \/>Ngjyra COOL p\u00ebr kosha blet\u00ebsh duhet t\u00eb holluar para p\u00ebrdorimit me maksimum 10% uj\u00eb dhe p\u00ebrzihet mir\u00eb.<br data-start=\"316\" data-end=\"319\" \/>Mjetet pas p\u00ebrdorimit duhet t\u00eb lahen menj\u00ebher\u00eb me uj\u00eb.<br data-start=\"373\" data-end=\"376\" \/>Temperatura optimale e pun\u00ebs \u00ebsht\u00eb nga +10\u00b0C deri n\u00eb +30\u00b0C.<\/p>\n<h3><strong>KONSUMI<\/strong><\/h3>\n<p class=\"p1\">6\u20138 m\u00b2\/l p\u00ebr nj\u00eb shtres\u00eb.<\/p>\n<h3><strong>PAKIMI<\/strong><\/h3>\n<p class=\"p1\">0.65 L dhe 2.5 L<\/p>\n<h3><strong>NUANCA<\/strong><\/h3>\n<p class=\"p1\">E bardh\u00eb, e verdh\u00eb, e kuqe, blu dhe e gjelb\u00ebr e err\u00ebt.<\/p>\n<h3><strong>AFATI I P\u00cbRDORIMIT DHE RUHATJA<\/strong><\/h3>\n<p class=\"p1\">18 muaj nga data e stampuar n\u00eb paketim. Ruani n\u00eb ambalazhin origjinal, t\u00eb mbyllur mir\u00eb dhe t\u00eb paprekur, n\u00eb temperatur\u00eb nga +5\u00baC deri n\u00eb +25\u00baC.<\/p>\n<h3><strong>DOKUMENTACIONI<\/strong><\/h3>\n<div class=\"dokumentacija\">\n<p><a class=\"dugmeproizvod\" href=\"https:\/\/nevenacolor.co.rs\/wp-content\/uploads\/2024\/11\/Tehnicka-dokumentacija-kosnica.pdf\" target=\"_blank\" rel=\"noopener\">DOKUMENTACIONI TEKNIK<\/a><\/p>\n<p><a class=\"dugmeproizvod\" href=\"https:\/\/nevenacolor.co.rs\/wp-content\/uploads\/2024\/11\/Bezbedonosni-list-kosnice.pdf\" target=\"_blank\" rel=\"noopener\">FLET\u00cbPAJISJE P\u00cbR SIGURI<\/a><\/p>\n<\/div>\n<p>&nbsp;<\/p>\n","protected":false},"excerpt":{"rendered":"<p>P\u00cbRSHKRIM DHE P\u00cbRDORIMI Ngjyr\u00eb ekologjike p\u00ebr kosha blet\u00ebsh, e cila nuk ndikon keq n\u00eb bot\u00ebn e gjall\u00eb.Ngjyr\u00eb uji e certifikuar<\/p>\n","protected":false},"featured_media":40858,"template":"","meta":{"_monsterinsights_skip_tracking":false,"_monsterinsights_sitenote_active":false,"_monsterinsights_sitenote_note":"","_monsterinsights_sitenote_category":0},"product_brand":[],"product_cat":[548,577,588],"product_tag":[],"class_list":{"0":"post-41334","1":"product","2":"type-product","3":"status-publish","4":"has-post-thumbnail","6":"product_cat-shtrese-per-drure","7":"product_cat-veshje-akrilike-e-balancur-me-ujin-sq-3","8":"product_cat-veshje-finish","10":"first","11":"instock","12":"shipping-taxable","13":"product-type-simple"},"_links":{"self":[{"href":"https:\/\/nevenacolor.co.rs\/sq\/wp-json\/wp\/v2\/product\/41334","targetHints":{"allow":["GET"]}}],"collection":[{"href":"https:\/\/nevenacolor.co.rs\/sq\/wp-json\/wp\/v2\/product"}],"about":[{"href":"https:\/\/nevenacolor.co.rs\/sq\/wp-json\/wp\/v2\/types\/product"}],"version-history":[{"count":5,"href":"https:\/\/nevenacolor.co.rs\/sq\/wp-json\/wp\/v2\/product\/41334\/revisions"}],"predecessor-version":[{"id":42165,"href":"https:\/\/nevenacolor.co.rs\/sq\/wp-json\/wp\/v2\/product\/41334\/revisions\/42165"}],"wp:featuredmedia":[{"embeddable":true,"href":"https:\/\/nevenacolor.co.rs\/sq\/wp-json\/wp\/v2\/media\/40858"}],"wp:attachment":[{"href":"https:\/\/nevenacolor.co.rs\/sq\/wp-json\/wp\/v2\/media?parent=41334"}],"wp:term":[{"taxonomy":"product_brand","embeddable":true,"href":"https:\/\/nevenacolor.co.rs\/sq\/wp-json\/wp\/v2\/product_brand?post=41334"},{"taxonomy":"product_cat","embeddable":true,"href":"https:\/\/nevenacolor.co.rs\/sq\/wp-json\/wp\/v2\/product_cat?post=41334"},{"taxonomy":"product_tag","embeddable":true,"href":"https:\/\/nevenacolor.co.rs\/sq\/wp-json\/wp\/v2\/product_tag?post=41334"}],"curies":[{"name":"wp","href":"https:\/\/api.w.org\/{rel}","templated":true}]}}