{"id":41335,"date":"2024-05-28T10:41:13","date_gmt":"2024-05-28T10:41:13","guid":{"rendered":"https:\/\/nevenacolor.co.rs\/proizvod\/cool-gold-lazura-2\/"},"modified":"2024-05-28T10:41:13","modified_gmt":"2024-05-28T10:41:13","slug":"cool-gold-lazura-2","status":"publish","type":"product","link":"https:\/\/nevenacolor.co.rs\/sq\/proizvod\/cool-gold-lazura-2\/","title":{"rendered":"Cool gold lazura"},"content":{"rendered":"<h3><strong>P\u00cbRSHKRIM DHE P\u00cbRDORIMI<\/strong><\/h3>\n<p class=\"p1\">Cool Gold lazura \u00ebsht\u00eb nj\u00eb p\u00ebrpunim transparent nj\u00ebkomponent, i bazuar n\u00eb lidh\u00ebs alkidik\u00eb t\u00eb cil\u00ebsis\u00eb s\u00eb lart\u00eb, vera speciale, absorbues UV, tret\u00ebs, agjent biocid dhe aditiv\u00eb. Cool Gold lazura mbron drurin nga ndikimet e motit, e dekoron dhe pasuron sip\u00ebrfaqen e tij. I jep drurit nj\u00eb pamje natyrale dhe e l\u00eb struktur\u00ebn e tij t\u00eb dukshme.  <\/p>\n<p class=\"p1\">P\u00ebrdoret p\u00ebr mbrojtjen e t\u00eb gjitha llojeve t\u00eb drurit n\u00eb brend\u00ebsi dhe jasht\u00eb ambienteve. Q\u00ebndrueshm\u00ebria e p\u00ebrpunimit varet nga lloji i drurit dhe ekspozimi ndaj kushteve atmosferike. <\/p>\n<h3><strong>UDH\u00cbZIME P\u00cbR P\u00cbRDORIM<\/strong><\/h3>\n<p class=\"p1\">Lazura aplikohet me brush\u00eb, spong\u00eb, p\u00ebrmes zhytjes ose sp\u00ebrkatjes mbi drurin q\u00eb duhet t\u00eb jet\u00eb i past\u00ebr, i that\u00eb dhe i f\u00ebrkuar mir\u00eb, n\u00eb nj\u00eb ose dy shtresa p\u00ebr p\u00ebrdorim t\u00eb brendsh\u00ebm, ose 2-3 shtresa p\u00ebr mbrojtje t\u00eb jashtme. Shtresa e ardhshme aplikohet pas 12 or\u00ebsh. P\u00ebr hollimin dhe pastrimin e veglave p\u00ebrdoret tret\u00ebs Cool p\u00ebr vaj. Lazura duhet t\u00eb holla deri n\u00eb 10% para aplikimit.   <\/p>\n<h3><strong>KONSUMI<\/strong><\/h3>\n<p class=\"p1\">10-12 m\u00b2\/l p\u00ebr nj\u00eb shtres\u00eb.<\/p>\n<h3><strong>PAKIMI<\/strong><\/h3>\n<p class=\"p1\">0,75 l dhe 2,5 l<\/p>\n<h3><strong>AFATI I P\u00cbRDORIMIT DHE RUHATJA<\/strong><\/h3>\n<p class=\"p1\">36 muaj nga data e shtypur n\u00eb ambalazh. Ruajeni n\u00eb ambalazhin origjinal, <span class=\"Apple-converted-space\">  <\/span>t\u00eb mbyllur mir\u00eb dhe t\u00eb pa d\u00ebmtuar n\u00eb temperatur\u00eb nga +5\u00baC deri n\u00eb +25\u00baC.<\/p>\n<h3><strong>NGJYRAT<\/strong><\/h3>\n<p class=\"p1\">Pa ngjyr\u00eb, bor, tik, arr\u00eb, blu, mahagon, dush, palisand\u00ebr, kastan, e kuqe, ebono, jeshile, bor i kuq, konjak, ari i borit, dush i leht\u00eb dhe kungull.<\/p>\n<h3><strong>DOKUMENTACIONI<\/strong><\/h3>\n<div class=\"dokumentacija\">\n<p><a class=\"dugmeproizvod\" href=\"https:\/\/nevenacolor.co.rs\/wp-content\/uploads\/2024\/11\/Tehnicka-dokumentacija-GOLD.pdf\" target=\"_blank\" rel=\"noopener\">DOKUMENTACIONI TEKNIK<\/a><\/p>\n<p><a class=\"dugmeproizvod\" href=\"https:\/\/nevenacolor.co.rs\/wp-content\/uploads\/2024\/11\/Bezbedonosni-list-GOLD.pdf\" target=\"_blank\" rel=\"noopener\">FLET\u00cbPAJISJE P\u00cbR SIGURI<\/a><\/p>\n<\/div>\n<p>&nbsp;<\/p>\n<p><iframe loading=\"lazy\" title=\"YouTube video player\" src=\"https:\/\/www.youtube.com\/embed\/kF2zeJTButE?si=AhnoZxs-Yoccy6r8\" width=\"560\" height=\"415\" frameborder=\"0\" allowfullscreen=\"allowfullscreen\"><\/iframe><\/p>\n","protected":false},"excerpt":{"rendered":"<h3><strong>KARTELA TONE<\/strong><\/h3>\n[elementor-template id=\"30697\"]\n<div><a class=\"tonkarta\" href=\"#gold-popup\" rel=\"noopener\"><img decoding=\"async\" src=\"https:\/\/nevenacolor.co.rs\/wp-content\/uploads\/2024\/06\/pantone-color-scheme.png\" width=\"40px\"> KARTELA TONE<\/a><\/div>\n","protected":false},"featured_media":30689,"template":"","meta":{"_monsterinsights_skip_tracking":false,"_monsterinsights_sitenote_active":false,"_monsterinsights_sitenote_note":"","_monsterinsights_sitenote_category":0},"product_brand":[],"product_cat":[581,548,582],"product_tag":[],"class_list":{"0":"post-41335","1":"product","2":"type-product","3":"status-publish","4":"has-post-thumbnail","6":"product_cat-laze-sq","7":"product_cat-shtrese-per-drure","8":"product_cat-veshje-alkidi-me-baze-vaj-sq-5","10":"first","11":"instock","12":"shipping-taxable","13":"product-type-simple"},"_links":{"self":[{"href":"https:\/\/nevenacolor.co.rs\/sq\/wp-json\/wp\/v2\/product\/41335","targetHints":{"allow":["GET"]}}],"collection":[{"href":"https:\/\/nevenacolor.co.rs\/sq\/wp-json\/wp\/v2\/product"}],"about":[{"href":"https:\/\/nevenacolor.co.rs\/sq\/wp-json\/wp\/v2\/types\/product"}],"version-history":[{"count":0,"href":"https:\/\/nevenacolor.co.rs\/sq\/wp-json\/wp\/v2\/product\/41335\/revisions"}],"wp:featuredmedia":[{"embeddable":true,"href":"https:\/\/nevenacolor.co.rs\/sq\/wp-json\/wp\/v2\/media\/30689"}],"wp:attachment":[{"href":"https:\/\/nevenacolor.co.rs\/sq\/wp-json\/wp\/v2\/media?parent=41335"}],"wp:term":[{"taxonomy":"product_brand","embeddable":true,"href":"https:\/\/nevenacolor.co.rs\/sq\/wp-json\/wp\/v2\/product_brand?post=41335"},{"taxonomy":"product_cat","embeddable":true,"href":"https:\/\/nevenacolor.co.rs\/sq\/wp-json\/wp\/v2\/product_cat?post=41335"},{"taxonomy":"product_tag","embeddable":true,"href":"https:\/\/nevenacolor.co.rs\/sq\/wp-json\/wp\/v2\/product_tag?post=41335"}],"curies":[{"name":"wp","href":"https:\/\/api.w.org\/{rel}","templated":true}]}}