{"id":41336,"date":"2024-05-28T10:38:59","date_gmt":"2024-05-28T10:38:59","guid":{"rendered":"https:\/\/nevenacolor.co.rs\/proizvod\/cool-professional-nitro-bajc-2\/"},"modified":"2024-05-28T10:38:59","modified_gmt":"2024-05-28T10:38:59","slug":"cool-professional-nitro-bajc-2","status":"publish","type":"product","link":"https:\/\/nevenacolor.co.rs\/sq\/proizvod\/cool-professional-nitro-bajc-2\/","title":{"rendered":"Cool professional nitro bajc"},"content":{"rendered":"<h3><strong>P\u00cbRSHKRIM DHE P\u00cbRDORIMI<\/strong><\/h3>\n<p class=\"p1\">\u00cbsht\u00eb i destinuar p\u00ebr dekorimin e sip\u00ebrfaqeve drusore. Karakterizohet nga tharja e shpejt\u00eb dhe thekson tekstur\u00ebn natyrale t\u00eb drurit.   Para p\u00ebrdorimit, p\u00ebrziejeni mir\u00eb. Mos e holloni. Sip\u00ebrfaqja ku aplikohet Cool nitro bajci duhet t\u00eb jet\u00eb e that\u00eb dhe e past\u00ebr, pa pluhur dhe yndyrna. Aplikohet me brush\u00eb, pistolet\u00eb ose zhytje. P\u00ebr aplikimin e shtres\u00ebs tjet\u00ebr, prisni 12 or\u00eb. P\u00ebr pastrimin e veglave p\u00ebrdorni Cool nitro tret\u00ebs. Tharja n\u00eb temperatur\u00ebn 20\u00b0C zgjat 10 minuta.      <\/p>\n<h3><strong>KONSUMI<\/strong><\/h3>\n<p class=\"p1\">10-12 m\u00b2\/l n\u00eb nj\u00eb shtres\u00eb<\/p>\n<h3><strong>PAKIMI<\/strong><\/h3>\n<p class=\"p1\">0,75 l<\/p>\n<h3><strong>AFATI I P\u00cbRDORIMIT DHE RUHATJA<\/strong><\/h3>\n<p class=\"p1\">36 muaj nga data e shtypur n\u00eb paketim. T\u00eb ruhet n\u00eb ambalazh\u00ebn origjinale, t\u00eb mbyllur mir\u00eb dhe t\u00eb paprekur, n\u00eb temperatur\u00eb nga +5\u00baC deri n\u00eb +25\u00baC <\/p>\n<h3><strong>NGJYRAT<\/strong><\/h3>\n<p class=\"p1\">Pa ngjyr\u00eb, bor, tik, arra, e kalt\u00ebr, mahagoni, dushk, palisand\u00ebr, kastanj, i kuq, ebonos dhe i gjelb\u00ebr.<\/p>\n<div class=\"dokumentacija\">\n<p><strong style=\"color: #1b1919; font-size: 22px;\">DOKUMENTACIONI<\/strong><\/p>\n<\/div>\n<div class=\"dokumentacija\">\n<p><a class=\"dugmeproizvod\" href=\"https:\/\/nevenacolor.co.rs\/wp-content\/uploads\/2024\/11\/Tehnicka-dokumentacija-nitro-bajc.pdf\" target=\"_blank\" rel=\"noopener\">DOKUMENTACIONI TEKNIK<\/a><\/p>\n<p><a class=\"dugmeproizvod\" href=\"https:\/\/nevenacolor.co.rs\/wp-content\/uploads\/2024\/11\/Bezbedonosni-list-nitro-bajc.pdf\" target=\"_blank\" rel=\"noopener\">FLET\u00cbPAJISJE P\u00cbR SIGURI<\/a><\/p>\n<p>&nbsp;<\/p>\n<\/div>\n","protected":false},"excerpt":{"rendered":"<p>P\u00cbRSHKRIM DHE P\u00cbRDORIMI \u00cbsht\u00eb i destinuar p\u00ebr dekorimin e sip\u00ebrfaqeve drusore. Karakterizohet nga tharja e shpejt\u00eb dhe thekson tekstur\u00ebn natyrale<\/p>\n","protected":false},"featured_media":30502,"template":"","meta":{"_monsterinsights_skip_tracking":false,"_monsterinsights_sitenote_active":false,"_monsterinsights_sitenote_note":"","_monsterinsights_sitenote_category":0},"product_brand":[],"product_cat":[549,550,548],"product_tag":[],"class_list":{"0":"post-41336","1":"product","2":"type-product","3":"status-publish","4":"has-post-thumbnail","6":"product_cat-bajcevi-sq","7":"product_cat-shtrese-nitro","8":"product_cat-shtrese-per-drure","10":"first","11":"instock","12":"shipping-taxable","13":"product-type-simple"},"_links":{"self":[{"href":"https:\/\/nevenacolor.co.rs\/sq\/wp-json\/wp\/v2\/product\/41336","targetHints":{"allow":["GET"]}}],"collection":[{"href":"https:\/\/nevenacolor.co.rs\/sq\/wp-json\/wp\/v2\/product"}],"about":[{"href":"https:\/\/nevenacolor.co.rs\/sq\/wp-json\/wp\/v2\/types\/product"}],"version-history":[{"count":0,"href":"https:\/\/nevenacolor.co.rs\/sq\/wp-json\/wp\/v2\/product\/41336\/revisions"}],"wp:featuredmedia":[{"embeddable":true,"href":"https:\/\/nevenacolor.co.rs\/sq\/wp-json\/wp\/v2\/media\/30502"}],"wp:attachment":[{"href":"https:\/\/nevenacolor.co.rs\/sq\/wp-json\/wp\/v2\/media?parent=41336"}],"wp:term":[{"taxonomy":"product_brand","embeddable":true,"href":"https:\/\/nevenacolor.co.rs\/sq\/wp-json\/wp\/v2\/product_brand?post=41336"},{"taxonomy":"product_cat","embeddable":true,"href":"https:\/\/nevenacolor.co.rs\/sq\/wp-json\/wp\/v2\/product_cat?post=41336"},{"taxonomy":"product_tag","embeddable":true,"href":"https:\/\/nevenacolor.co.rs\/sq\/wp-json\/wp\/v2\/product_tag?post=41336"}],"curies":[{"name":"wp","href":"https:\/\/api.w.org\/{rel}","templated":true}]}}