{"id":41337,"date":"2024-05-28T10:40:55","date_gmt":"2024-05-28T10:40:55","guid":{"rendered":"https:\/\/nevenacolor.co.rs\/proizvod\/cool-lak-lazura-2\/"},"modified":"2024-05-28T10:40:55","modified_gmt":"2024-05-28T10:40:55","slug":"cool-lak-lazura-2","status":"publish","type":"product","link":"https:\/\/nevenacolor.co.rs\/sq\/proizvod\/cool-lak-lazura-2\/","title":{"rendered":"Cool lak lazura"},"content":{"rendered":"<h3><strong>P\u00cbRSHKRIM DHE P\u00cbRDORIMI<\/strong><\/h3>\n<p class=\"p1\">Cool lak lazura mbron drurin nga ndikimet e motit, e dekoron at\u00eb dhe pasuron sip\u00ebrfaqen e tij. Ky premaz i jep drurit nj\u00eb pamje natyrale dhe l\u00eb t\u00eb dukshme struktur\u00ebn e tij. <\/p>\n<h3><strong>UDH\u00cbZIME P\u00cbR P\u00cbRDORIM<\/strong><\/h3>\n<p class=\"p1\">Nuk duhet t\u00eb holluar. Aplikohet n\u00eb sip\u00ebrfaqe t\u00eb thata, t\u00eb l\u00ebmuara dhe t\u00eb pastruara n\u00eb nj\u00eb ose dy shtresa me fur\u00e7\u00eb, rul ose zhytje. Koha e tharjes \u00ebsht\u00eb 12 or\u00eb. Shtresa tjet\u00ebr aplikohet pas 24 or\u00ebsh. P\u00ebr pastrimin e veglave p\u00ebrdorni Cool uljani razre\u0111iva\u010d.    <\/p>\n<h3><strong>KONSUMI<\/strong><\/h3>\n<p>Me 1 lit\u00ebr llaku mund t\u00eb mbulohet 10-12 m\u00b2 n\u00eb nj\u00eb shtres\u00eb.<\/p>\n<h3><strong>PAKIMI<\/strong><\/h3>\n<p class=\"p1\">0.75 l, 2.5 l i 20 l<\/p>\n<h3><strong>AFATI I P\u00cbRDORIMIT DHE RUHATJA<\/strong><\/h3>\n<p class=\"p1\">Cool Radijator Lak ka nj\u00eb afat p\u00ebrdorimi prej 36 muajsh nga data e shtypur n\u00eb ambalazh. Duhet t\u00eb ruhet n\u00eb ambalazh origjinal, t\u00eb mbyllur mir\u00eb dhe t\u00eb paprekur, n\u00eb nj\u00eb temperatur\u00eb prej +5\u00baC deri n\u00eb +25\u00baC. <\/p>\n<h3><strong>NGJYRAT<\/strong><\/h3>\n<p>Pa ngjyr\u00eb, bor, tik, arr\u00eb, blu, mahagon, dush, palisand\u00ebr, kastan, e kuqe, ebono, jeshile, bor i kuq, konjak, ari i borit, dush i leht\u00eb dhe kungull.<\/p>\n<h3><strong>DOKUMENTACIONI<\/strong><\/h3>\n<div class=\"dokumentacija\">\n<p><a class=\"dugmeproizvod\" href=\"https:\/\/nevenacolor.co.rs\/wp-content\/uploads\/2024\/11\/Tehnicka-dokumentacija-lak-lazura.pdf\" target=\"_blank\" rel=\"noopener\">DOKUMENTACIONI TEKNIK<\/a><\/p>\n<p><a class=\"dugmeproizvod\" href=\"https:\/\/nevenacolor.co.rs\/wp-content\/uploads\/2024\/11\/Bezbedonosni-list-lak-lazura.pdf\" target=\"_blank\" rel=\"noopener\">FLET\u00cbPAJISJE P\u00cbR SIGURI<\/a><\/p>\n<\/div>\n<p>&nbsp;<\/p>\n","protected":false},"excerpt":{"rendered":"<h3><strong>KARTELA TONE<\/strong><\/h3>\n[elementor-template id=\"32050\"]\n<div><a class=\"tonkarta\" href=\"#classiclazura-tonkarta\" rel=\"noopener\"><img decoding=\"async\" src=\"https:\/\/nevenacolor.co.rs\/wp-content\/uploads\/2024\/06\/pantone-color-scheme.png\" width=\"40px\"> KARTELA TONE<\/a><\/div>\n","protected":false},"featured_media":30676,"template":"","meta":{"_monsterinsights_skip_tracking":false,"_monsterinsights_sitenote_active":false,"_monsterinsights_sitenote_note":"","_monsterinsights_sitenote_category":0},"product_brand":[],"product_cat":[581,548,582],"product_tag":[],"class_list":{"0":"post-41337","1":"product","2":"type-product","3":"status-publish","4":"has-post-thumbnail","6":"product_cat-laze-sq","7":"product_cat-shtrese-per-drure","8":"product_cat-veshje-alkidi-me-baze-vaj-sq-5","10":"first","11":"instock","12":"shipping-taxable","13":"product-type-simple"},"_links":{"self":[{"href":"https:\/\/nevenacolor.co.rs\/sq\/wp-json\/wp\/v2\/product\/41337","targetHints":{"allow":["GET"]}}],"collection":[{"href":"https:\/\/nevenacolor.co.rs\/sq\/wp-json\/wp\/v2\/product"}],"about":[{"href":"https:\/\/nevenacolor.co.rs\/sq\/wp-json\/wp\/v2\/types\/product"}],"version-history":[{"count":0,"href":"https:\/\/nevenacolor.co.rs\/sq\/wp-json\/wp\/v2\/product\/41337\/revisions"}],"wp:featuredmedia":[{"embeddable":true,"href":"https:\/\/nevenacolor.co.rs\/sq\/wp-json\/wp\/v2\/media\/30676"}],"wp:attachment":[{"href":"https:\/\/nevenacolor.co.rs\/sq\/wp-json\/wp\/v2\/media?parent=41337"}],"wp:term":[{"taxonomy":"product_brand","embeddable":true,"href":"https:\/\/nevenacolor.co.rs\/sq\/wp-json\/wp\/v2\/product_brand?post=41337"},{"taxonomy":"product_cat","embeddable":true,"href":"https:\/\/nevenacolor.co.rs\/sq\/wp-json\/wp\/v2\/product_cat?post=41337"},{"taxonomy":"product_tag","embeddable":true,"href":"https:\/\/nevenacolor.co.rs\/sq\/wp-json\/wp\/v2\/product_tag?post=41337"}],"curies":[{"name":"wp","href":"https:\/\/api.w.org\/{rel}","templated":true}]}}