{"id":41338,"date":"2024-05-28T10:40:13","date_gmt":"2024-05-28T10:40:13","guid":{"rendered":"https:\/\/nevenacolor.co.rs\/proizvod\/cool-akrilna-classic-lazura-2\/"},"modified":"2024-05-28T10:40:13","modified_gmt":"2024-05-28T10:40:13","slug":"cool-akrilna-classic-lazura-2","status":"publish","type":"product","link":"https:\/\/nevenacolor.co.rs\/sq\/proizvod\/cool-akrilna-classic-lazura-2\/","title":{"rendered":"Cool akrilna classic lazura"},"content":{"rendered":"<h3><strong>P\u00cbRSHKRIM DHE P\u00cbRDORIMI<\/strong><\/h3>\n<p class=\"p1\">Cool akrilna lazura me shtres\u00eb t\u00eb holl\u00eb n\u00eb baz\u00eb uji p\u00ebr mbrojtjen e sip\u00ebrfaqeve prej druri n\u00eb ambiente t\u00eb brendshme dhe t\u00eb jashtme. Produkt ekologjik pa er\u00eb, thekson tekstur\u00ebn natyrale t\u00eb drurit, dhe \u00ebsht\u00eb rezistent ndaj kushteve atmosferike dhe rrezatimit UV. <\/p>\n<h3><strong>UDH\u00cbZIME P\u00cbR P\u00cbRDORIM<\/strong><\/h3>\n<p class=\"p1\">Aplikohet me penel, valixh\u00eb ose me sp\u00ebrkatje n\u00eb 2-3 shtresa mbi nj\u00eb sip\u00ebrfaqe t\u00eb past\u00ebr, t\u00eb that\u00eb dhe t\u00eb pastruar mir\u00eb n\u00eb temperatur\u00eb nga +10\u00b0C deri n\u00eb +25\u00b0C. P\u00ebrdorni let\u00ebr r\u00ebr\u00eb p\u00ebr t\u00eb pastruar midis shtresave. P\u00ebr hollimin (\\~10%) dhe pastrimin e mjeteve p\u00ebrdoret uji. Aplikimi i shtres\u00ebs s\u00eb ardhshme b\u00ebhet pas 4-6 or\u00ebsh.   <\/p>\n<h3><strong>KONSUMI<\/strong><\/h3>\n<p class=\"p1\">10-12 m\u00b2\/l n\u00eb nj\u00eb shtres\u00eb.<\/p>\n<h3><strong>AFATI I P\u00cbRDORIMIT DHE RUHATJA<\/strong><\/h3>\n<p class=\"p1\">18 muaj nga data e shtypur n\u00eb ambalazh\u00eb. T\u00eb ruhet n\u00eb ambalazhin origjinal, mir\u00eb t\u00eb mbyllur dhe t\u00eb pad\u00ebmtuar t\u00eb fabrik\u00ebs, n\u00eb temperatur\u00eb nga +5\u00baC deri n\u00eb +25\u00baC.<\/p>\n<h3><strong>DOKUMENTACIONI<\/strong><\/h3>\n<div class=\"dokumentacija\">\n<p><a class=\"dugmeproizvod\" href=\"https:\/\/nevenacolor.co.rs\/wp-content\/uploads\/2024\/11\/Tehnicka-dokumentacija-akrilna-lazura.pdf\" target=\"_blank\" rel=\"noopener\">DOKUMENTACIONI TEKNIK<\/a><\/p>\n<p><a class=\"dugmeproizvod\" href=\"https:\/\/nevenacolor.co.rs\/wp-content\/uploads\/2024\/11\/Bezbedonosni-list-akrilna-lazura.pdf\" target=\"_blank\" rel=\"noopener\">FLET\u00cbPAJISJE P\u00cbR SIGURI<\/a><\/p>\n<\/div>\n<p>&nbsp;<\/p>\n","protected":false},"excerpt":{"rendered":"<p>P\u00cbRSHKRIM DHE P\u00cbRDORIMI Cool akrilna lazura me shtres\u00eb t\u00eb holl\u00eb n\u00eb baz\u00eb uji p\u00ebr mbrojtjen e sip\u00ebrfaqeve prej druri n\u00eb<\/p>\n","protected":false},"featured_media":30640,"template":"","meta":{"_monsterinsights_skip_tracking":false,"_monsterinsights_sitenote_active":false,"_monsterinsights_sitenote_note":"","_monsterinsights_sitenote_category":0},"product_brand":[],"product_cat":[581,548,583],"product_tag":[],"class_list":{"0":"post-41338","1":"product","2":"type-product","3":"status-publish","4":"has-post-thumbnail","6":"product_cat-laze-sq","7":"product_cat-shtrese-per-drure","8":"product_cat-veshje-akrilike-e-balancur-me-ujin-sq-5","10":"first","11":"instock","12":"shipping-taxable","13":"product-type-simple"},"_links":{"self":[{"href":"https:\/\/nevenacolor.co.rs\/sq\/wp-json\/wp\/v2\/product\/41338","targetHints":{"allow":["GET"]}}],"collection":[{"href":"https:\/\/nevenacolor.co.rs\/sq\/wp-json\/wp\/v2\/product"}],"about":[{"href":"https:\/\/nevenacolor.co.rs\/sq\/wp-json\/wp\/v2\/types\/product"}],"version-history":[{"count":0,"href":"https:\/\/nevenacolor.co.rs\/sq\/wp-json\/wp\/v2\/product\/41338\/revisions"}],"wp:featuredmedia":[{"embeddable":true,"href":"https:\/\/nevenacolor.co.rs\/sq\/wp-json\/wp\/v2\/media\/30640"}],"wp:attachment":[{"href":"https:\/\/nevenacolor.co.rs\/sq\/wp-json\/wp\/v2\/media?parent=41338"}],"wp:term":[{"taxonomy":"product_brand","embeddable":true,"href":"https:\/\/nevenacolor.co.rs\/sq\/wp-json\/wp\/v2\/product_brand?post=41338"},{"taxonomy":"product_cat","embeddable":true,"href":"https:\/\/nevenacolor.co.rs\/sq\/wp-json\/wp\/v2\/product_cat?post=41338"},{"taxonomy":"product_tag","embeddable":true,"href":"https:\/\/nevenacolor.co.rs\/sq\/wp-json\/wp\/v2\/product_tag?post=41338"}],"curies":[{"name":"wp","href":"https:\/\/api.w.org\/{rel}","templated":true}]}}