{"id":41339,"date":"2024-05-21T14:17:52","date_gmt":"2024-05-21T14:17:52","guid":{"rendered":"https:\/\/nevenacolor.co.rs\/proizvod\/cool-basic-ngjites\/"},"modified":"2024-05-21T14:17:52","modified_gmt":"2024-05-21T14:17:52","slug":"cool-basic-ngjites","status":"publish","type":"product","link":"https:\/\/nevenacolor.co.rs\/sq\/proizvod\/cool-basic-ngjites\/","title":{"rendered":"COOL BASIC NGJIT\u00cbS"},"content":{"rendered":"<h3><strong>P\u00cbRSHKRIM DHE P\u00cbRDORIMI<\/strong><\/h3>\n<p class=\"p1\">COOL BASIC ngjit\u00ebs, ngjit\u00ebs nd\u00ebrtimi, i b\u00ebr\u00eb nga polimera dhe ciment, p\u00ebrdoret p\u00ebr ngjitjen e pllakave termo-izoluese nga stiropori n\u00eb sip\u00ebrfaqe minerale.<\/p>\n<p class=\"p2\">Nuk \u00ebsht\u00eb i destinuar p\u00ebr ngjitjen (forcimin) e rrjet\u00ebs ose si shtres\u00eb p\u00ebrfundimtare.<\/p>\n<h3><strong>UDH\u00cbZIME P\u00cbR P\u00cbRDORIM<\/strong><\/h3>\n<p class=\"p1\">Sip\u00ebrfaqet e betonit t\u00eb pakt\u00ebn 2 muajsh, tullave, lla\u00e7it t\u00eb zgjatur, gazbetonit, salonit\u00ebs etj., duhet t\u00eb jen\u00eb t\u00eb sheshta, t\u00eb forta, t\u00eb thata, t\u00eb pastra, pa pjes\u00eb t\u00eb lidhura dob\u00ebt dhe njolla yndyre.<\/p>\n<p class=\"p1\">P\u00ebrmbajtja e \u00e7ant\u00ebs prej 25 kg duhet t\u00eb p\u00ebrzihet me rreth 6 litra uji me nj\u00eb p\u00ebrzier\u00ebs elektrik derisa masa t\u00eb b\u00ebhet homogjene, pa kokrra. Lini p\u00ebrzierjen t\u00eb pushoj\u00eb p\u00ebr rreth 10 minuta dhe p\u00ebrzieni p\u00ebrs\u00ebri. Masa e p\u00ebrgatitur k\u00ebshtu \u00ebsht\u00eb gati p\u00ebr p\u00ebrdorim dhe duhet t\u00eb p\u00ebrdoret brenda 2 or\u00ebsh.  <\/p>\n<p class=\"p1\">COOL BASIC NGJIT\u00cbS duhet t\u00eb aplikohet si banda rreth an\u00ebve t\u00eb pllakat dhe n\u00eb pika n\u00eb mes, dhe pastaj pllaka duhet t\u00eb shtypet n\u00eb sip\u00ebrfaqen e p\u00ebrgatitur. Bandat rreth rrethit t\u00eb pllakat duhet t\u00eb aplikohen me gjer\u00ebsi prej 3 deri 5 cm dhe trash\u00ebsi prej 1 deri 2 cm. P\u00ebrdorimi i tiplove p\u00ebr pllakat e stiroporit duhet t\u00eb jet\u00eb t\u00eb pakt\u00ebn 6 tipla p\u00ebr <span class=\"s1\"><sup>met\u00ebr katror.<\/sup><\/span> Sip\u00ebrfaqja e mbuluar me lepek duhet t\u00eb jet\u00eb m\u00eb e madhe se 40%.   <\/p>\n<p class=\"p1\">P\u00ebrpunimi i pllakatave termo-izoluese EPS: Pas dy dit\u00ebsh t\u00eb pllakatave t\u00eb ngjitura me lepk COOL BASIC, aplikohet COOL UNI LEPAK me nj\u00eb glet\u00eb metalike me trash\u00ebsi prej 2 deri 3 mm dhe pas k\u00ebsaj b\u00ebhet shtypja e rrjet\u00ebs mbi t\u00eb gjith\u00eb sip\u00ebrfaqen fasadore. Lini t\u00eb thahet shtresa p\u00ebr 48 or\u00eb (n\u00eb kushte normale), dhe m\u00eb pas mund t\u00eb b\u00ebhet p\u00ebrpunimi p\u00ebrfundimtar me COOL dekorativin e malterit. <\/p>\n<p class=\"p2\">Pas p\u00ebrdorimit, pastroni mjetet me uj\u00eb.<\/p>\n<h3><strong>KONSUMI<\/strong><\/h3>\n<p>3.0-4.0 kg\/m<span class=\"s1\"><sup>2<\/sup><\/span><\/p>\n<h3><strong>PAKIMI<\/strong><\/h3>\n<p>25 kg<\/p>\n<h3><strong>AFATI I P\u00cbRDORIMIT DHE RUHATJA<\/strong><\/h3>\n<p>12 muaj t\u00eb ruhet n\u00eb ambalazh origjinal, mir\u00eb t\u00eb mbyllur dhe t\u00eb pad\u00ebmtuar, n\u00eb temperatur\u00eb nga +5\u00baC deri n\u00eb +25\u00baC.<\/p>\n<h3><strong>TEMPERATURA E PUN\u00cbS<\/strong><\/h3>\n<p>Temperatura optimale e pun\u00ebs \u00ebsht\u00eb nga +10\u00b0C deri n\u00eb +30\u00b0C. Nuk duhet t\u00eb p\u00ebrdoret n\u00ebn +5\u00b0C, si dhe n\u00ebn diell t\u00eb fort\u00eb, er\u00eb, mjegull dhe shi. Sip\u00ebrfaqet e sapo aplikuara n\u00eb kushte optimale duhet t\u00eb mbrohen nga ndikimet atmosferike p\u00ebr t\u00eb pakt\u00ebn 24 or\u00eb.  <\/p>\n<h3><strong>DOKUMENTACIONI<\/strong><\/h3>\n<div class=\"dokumentacija\">\n<p><a class=\"dugmeproizvod\" href=\"https:\/\/nevenacolor.co.rs\/wp-content\/uploads\/2024\/12\/Tehnicka-dokumentacija-basic-lepak.pdf\" target=\"_blank\" rel=\"noopener\">DOKUMENTACIONI TEKNIK<\/a><\/p>\n<p><a class=\"dugmeproizvod\" href=\"https:\/\/nevenacolor.co.rs\/wp-content\/uploads\/2024\/12\/Bezbedonosni-list-basic-lepak.pdf\" target=\"_blank\" rel=\"noopener\">FLET\u00cbPAJISJE P\u00cbR SIGURI<\/a><\/p>\n<\/div>\n<p>&nbsp;<\/p>\n","protected":false},"excerpt":{"rendered":"<p>P\u00cbRSHKRIM DHE P\u00cbRDORIMI COOL BASIC ngjit\u00ebs, ngjit\u00ebs nd\u00ebrtimi, i b\u00ebr\u00eb nga polimera dhe ciment, p\u00ebrdoret p\u00ebr ngjitjen e pllakave termo-izoluese<\/p>\n","protected":false},"featured_media":29708,"template":"","meta":{"_monsterinsights_skip_tracking":false,"_monsterinsights_sitenote_active":false,"_monsterinsights_sitenote_note":"","_monsterinsights_sitenote_category":0},"product_brand":[],"product_cat":[543,532],"product_tag":[],"class_list":{"0":"post-41339","1":"product","2":"type-product","3":"status-publish","4":"has-post-thumbnail","6":"product_cat-ngjites-per-fasade","7":"product_cat-veshje-ndertimi","9":"first","10":"instock","11":"shipping-taxable","12":"product-type-simple"},"_links":{"self":[{"href":"https:\/\/nevenacolor.co.rs\/sq\/wp-json\/wp\/v2\/product\/41339","targetHints":{"allow":["GET"]}}],"collection":[{"href":"https:\/\/nevenacolor.co.rs\/sq\/wp-json\/wp\/v2\/product"}],"about":[{"href":"https:\/\/nevenacolor.co.rs\/sq\/wp-json\/wp\/v2\/types\/product"}],"version-history":[{"count":0,"href":"https:\/\/nevenacolor.co.rs\/sq\/wp-json\/wp\/v2\/product\/41339\/revisions"}],"wp:featuredmedia":[{"embeddable":true,"href":"https:\/\/nevenacolor.co.rs\/sq\/wp-json\/wp\/v2\/media\/29708"}],"wp:attachment":[{"href":"https:\/\/nevenacolor.co.rs\/sq\/wp-json\/wp\/v2\/media?parent=41339"}],"wp:term":[{"taxonomy":"product_brand","embeddable":true,"href":"https:\/\/nevenacolor.co.rs\/sq\/wp-json\/wp\/v2\/product_brand?post=41339"},{"taxonomy":"product_cat","embeddable":true,"href":"https:\/\/nevenacolor.co.rs\/sq\/wp-json\/wp\/v2\/product_cat?post=41339"},{"taxonomy":"product_tag","embeddable":true,"href":"https:\/\/nevenacolor.co.rs\/sq\/wp-json\/wp\/v2\/product_tag?post=41339"}],"curies":[{"name":"wp","href":"https:\/\/api.w.org\/{rel}","templated":true}]}}