{"id":41341,"date":"2024-05-28T10:37:50","date_gmt":"2024-05-28T10:37:50","guid":{"rendered":"https:\/\/nevenacolor.co.rs\/proizvod\/cool-nitro-grund-boje-baze-per-dru\/"},"modified":"2024-05-28T10:37:50","modified_gmt":"2024-05-28T10:37:50","slug":"cool-nitro-grund-boje-baze-per-dru","status":"publish","type":"product","link":"https:\/\/nevenacolor.co.rs\/sq\/proizvod\/cool-nitro-grund-boje-baze-per-dru\/","title":{"rendered":"Cool nitro grund boj\u00eb baz\u00eb p\u00ebr dru"},"content":{"rendered":"<h3><strong>P\u00cbRSHKRIM DHE P\u00cbRDORIMI<\/strong><\/h3>\n<p class=\"p1\">Cool nitro boja baz\u00eb p\u00ebr dru (GRUND) \u00ebsht\u00eb nj\u00eb p\u00ebrpunim bazik nj\u00ebkomponent, i b\u00ebr\u00eb n\u00eb baz\u00eb t\u00eb nj\u00eb kombinimi t\u00eb p\u00ebrshtatsh\u00ebm t\u00eb nitroceluloz\u00ebs, smolave sintetike, mbush\u00ebsve dhe pigmenteve. Karakterizohet nga tharja e shpejt\u00eb, adhezioni i mir\u00eb, fort\u00ebsia, elastikiteti dhe \u00ebsht\u00eb e leht\u00eb p\u00ebr t&#8217;u pastruar. P\u00ebrdoret si p\u00ebrpunim bazik p\u00ebr dru dhe elemente prej druri.  <\/p>\n<h3><strong>UDH\u00cbZIME P\u00cbR P\u00cbRDORIM<\/strong><\/h3>\n<p class=\"p1\">P\u00ebrdoret p\u00ebr p\u00ebrgatitjen e sip\u00ebrfaqeve prej druri si baz\u00eb p\u00ebr aplikimin e emajlit nitro, poliuretanit dhe t\u00eb tjera. Sip\u00ebrfaqja ku aplikohet duhet t\u00eb jet\u00eb e that\u00eb, e pastruar, e yndyr\u00ebsuar dhe e shkrir\u00eb. Para p\u00ebrdorimit, p\u00ebrziejeni mir\u00eb. P\u00ebr hollimin e boj\u00ebs dhe pastrimin e veglave p\u00ebrdoret tret\u00ebs nitro.  <\/p>\n<h3><strong>KONSUMI<\/strong><\/h3>\n<p class=\"p1\">6-8 m\u00b2\/kg<\/p>\n<h3><strong>PAKIMI<\/strong><\/h3>\n<p class=\"p1\">0.9 kg, 3.5 kg, 25 kg<\/p>\n<h3><strong>AFATI I P\u00cbRDORIMIT DHE RUHATJA<\/strong><\/h3>\n<p class=\"p1\">36 muaj nga data e shtypur n\u00eb paketim. Ruajeni n\u00eb ambalazhin origjinal, t\u00eb mbyllur mir\u00eb dhe t\u00eb paprekur, n\u00eb temperatur\u00eb nga +5\u00baC deri n\u00eb +25\u00baC. <\/p>\n<h3><strong>DOKUMENTACIONI<\/strong><\/h3>\n<div class=\"dokumentacija\">\n<p><a class=\"dugmeproizvod\" href=\"https:\/\/nevenacolor.co.rs\/wp-content\/uploads\/2024\/11\/Tehnicka-dokumentacija-nitro-grund.pdf\" target=\"_blank\" rel=\"noopener\">DOKUMENTACIONI TEKNIK<\/a><\/p>\n<p><a class=\"dugmeproizvod\" href=\"https:\/\/nevenacolor.co.rs\/wp-content\/uploads\/2024\/11\/Bezbedonosni-list-nitro-grund.pdf\" target=\"_blank\" rel=\"noopener\">FLET\u00cbPAJISJE P\u00cbR SIGURI<\/a><\/p>\n<\/div>\n<p>&nbsp;<\/p>\n<p><iframe loading=\"lazy\" title=\"YouTube video player\" src=\"https:\/\/www.youtube.com\/embed\/pMJUKnWVNP8?si=Q19AkbVxtclNKJZs\" width=\"560\" height=\"415\" frameborder=\"0\" allowfullscreen=\"allowfullscreen\"><\/iframe><\/p>\n","protected":false},"excerpt":{"rendered":"<p>P\u00cbRSHKRIM DHE P\u00cbRDORIMI Cool nitro boja baz\u00eb p\u00ebr dru (GRUND) \u00ebsht\u00eb nj\u00eb p\u00ebrpunim bazik nj\u00ebkomponent, i b\u00ebr\u00eb n\u00eb baz\u00eb t\u00eb<\/p>\n","protected":false},"featured_media":30536,"template":"","meta":{"_monsterinsights_skip_tracking":false,"_monsterinsights_sitenote_active":false,"_monsterinsights_sitenote_note":"","_monsterinsights_sitenote_category":0},"product_brand":[],"product_cat":[584,548,585],"product_tag":[],"class_list":{"0":"post-41341","1":"product","2":"type-product","3":"status-publish","4":"has-post-thumbnail","6":"product_cat-mbrojtja-themelore-e-drurit","7":"product_cat-shtrese-per-drure","8":"product_cat-veshje-nitro-sq-2","10":"first","11":"instock","12":"shipping-taxable","13":"product-type-simple"},"_links":{"self":[{"href":"https:\/\/nevenacolor.co.rs\/sq\/wp-json\/wp\/v2\/product\/41341","targetHints":{"allow":["GET"]}}],"collection":[{"href":"https:\/\/nevenacolor.co.rs\/sq\/wp-json\/wp\/v2\/product"}],"about":[{"href":"https:\/\/nevenacolor.co.rs\/sq\/wp-json\/wp\/v2\/types\/product"}],"version-history":[{"count":0,"href":"https:\/\/nevenacolor.co.rs\/sq\/wp-json\/wp\/v2\/product\/41341\/revisions"}],"wp:featuredmedia":[{"embeddable":true,"href":"https:\/\/nevenacolor.co.rs\/sq\/wp-json\/wp\/v2\/media\/30536"}],"wp:attachment":[{"href":"https:\/\/nevenacolor.co.rs\/sq\/wp-json\/wp\/v2\/media?parent=41341"}],"wp:term":[{"taxonomy":"product_brand","embeddable":true,"href":"https:\/\/nevenacolor.co.rs\/sq\/wp-json\/wp\/v2\/product_brand?post=41341"},{"taxonomy":"product_cat","embeddable":true,"href":"https:\/\/nevenacolor.co.rs\/sq\/wp-json\/wp\/v2\/product_cat?post=41341"},{"taxonomy":"product_tag","embeddable":true,"href":"https:\/\/nevenacolor.co.rs\/sq\/wp-json\/wp\/v2\/product_tag?post=41341"}],"curies":[{"name":"wp","href":"https:\/\/api.w.org\/{rel}","templated":true}]}}