{"id":41342,"date":"2024-05-28T10:46:42","date_gmt":"2024-05-28T10:46:42","guid":{"rendered":"https:\/\/nevenacolor.co.rs\/proizvod\/cool-llak-per-parket-me-baze-uji\/"},"modified":"2024-05-28T10:46:42","modified_gmt":"2024-05-28T10:46:42","slug":"cool-llak-per-parket-me-baze-uji","status":"publish","type":"product","link":"https:\/\/nevenacolor.co.rs\/sq\/proizvod\/cool-llak-per-parket-me-baze-uji\/","title":{"rendered":"Cool llak p\u00ebr parket me baz\u00eb uji"},"content":{"rendered":"<h3><strong>P\u00cbRSHKRIM DHE P\u00cbRDORIMI<\/strong><\/h3>\n<p class=\"p1\">COOL LAKU P\u00cbR PARKET N\u00cb BAZ\u00cb UJI \u00ebsht\u00eb nj\u00eb llak i holluesh\u00ebm me uj\u00eb, nj\u00ebkomponent\u00ebsh, i destinuar p\u00ebr mbrojtjen dhe dekorimin e t\u00eb gjitha llojeve t\u00eb parketeve dhe elementeve t\u00eb tjera druri. \u00cbsht\u00eb prodhuar n\u00eb baz\u00eb t\u00eb dispersimit poliuretan-akrilik. Produkt ekologjik, pa avullime t\u00eb d\u00ebmshme, pa er\u00eb t\u00eb pak\u00ebndshme, me shk\u00eblqim t\u00eb m\u00ebndafsht\u00eb, thahet shpejt dhe \u00ebsht\u00eb rezistent ndaj konsumimit. Aplikohet me fur\u00e7\u00eb ose me rul n\u00eb tre shtresa, me g\u00ebrryerje nd\u00ebrmjet shtresave. Parketi duhet t\u00eb jet\u00eb i that\u00eb, pa dyll, pluhur dhe yndyr\u00eb. Koha e tharjes nd\u00ebrmjet shtresave \u00ebsht\u00eb 4-6 or\u00eb.      Mjetet duhet t\u00eb lahen menj\u00ebher\u00eb me uj\u00eb.<\/p>\n<h3><strong>KONSUMI<\/strong><\/h3>\n<p class=\"p1\">8-10 m\u00b2\/l n\u00eb nj\u00eb shtres\u00eb<\/p>\n<h3><strong>PAKIMI<\/strong><\/h3>\n<p class=\"p1\">1 l<\/p>\n<h3><strong>AFATI I P\u00cbRDORIMIT DHE RUHATJA<\/strong><\/h3>\n<p class=\"p1\">18 muaj nga data e stampuar n\u00eb paketim. Ruani n\u00eb ambalazhin origjinal, t\u00eb mbyllur mir\u00eb dhe t\u00eb pad\u00ebmtuar n\u00eb fabrik\u00eb n\u00eb nj\u00eb temperatur\u00eb prej +5\u00baC deri +25\u00baC <\/p>\n<h3><strong>DOKUMENTACIONI<\/strong><\/h3>\n<div class=\"dokumentacija\">\n<p><a class=\"dugmeproizvod\" href=\"https:\/\/nevenacolor.co.rs\/wp-content\/uploads\/2024\/11\/Tehnicka-dokumentacija-lak-za-drvo.pdf\" target=\"_blank\" rel=\"noopener\">DOKUMENTACIONI TEKNIK<\/a><\/p>\n<p><a class=\"dugmeproizvod\" href=\"https:\/\/nevenacolor.co.rs\/wp-content\/uploads\/2024\/11\/Bezbedonosi-list-lak-za-drvo.pdf\" target=\"_blank\" rel=\"noopener\">FLET\u00cbPAJISJE P\u00cbR SIGURI<\/a><\/p>\n<p>&nbsp;<\/p>\n<\/div>\n","protected":false},"excerpt":{"rendered":"<p>P\u00cbRSHKRIM DHE P\u00cbRDORIMI COOL LAKU P\u00cbR PARKET N\u00cb BAZ\u00cb UJI \u00ebsht\u00eb nj\u00eb llak i holluesh\u00ebm me uj\u00eb, nj\u00ebkomponent\u00ebsh, i destinuar<\/p>\n","protected":false},"featured_media":30416,"template":"","meta":{"_monsterinsights_skip_tracking":false,"_monsterinsights_sitenote_active":false,"_monsterinsights_sitenote_note":"","_monsterinsights_sitenote_category":0},"product_brand":[],"product_cat":[574,548,580],"product_tag":[],"class_list":{"0":"post-41342","1":"product","2":"type-product","3":"status-publish","4":"has-post-thumbnail","6":"product_cat-livar-per-parket","7":"product_cat-shtrese-per-drure","8":"product_cat-veshje-akrilike-e-balancur-me-ujin-sq-4","10":"first","11":"instock","12":"featured","13":"shipping-taxable","14":"product-type-simple"},"_links":{"self":[{"href":"https:\/\/nevenacolor.co.rs\/sq\/wp-json\/wp\/v2\/product\/41342","targetHints":{"allow":["GET"]}}],"collection":[{"href":"https:\/\/nevenacolor.co.rs\/sq\/wp-json\/wp\/v2\/product"}],"about":[{"href":"https:\/\/nevenacolor.co.rs\/sq\/wp-json\/wp\/v2\/types\/product"}],"version-history":[{"count":0,"href":"https:\/\/nevenacolor.co.rs\/sq\/wp-json\/wp\/v2\/product\/41342\/revisions"}],"wp:featuredmedia":[{"embeddable":true,"href":"https:\/\/nevenacolor.co.rs\/sq\/wp-json\/wp\/v2\/media\/30416"}],"wp:attachment":[{"href":"https:\/\/nevenacolor.co.rs\/sq\/wp-json\/wp\/v2\/media?parent=41342"}],"wp:term":[{"taxonomy":"product_brand","embeddable":true,"href":"https:\/\/nevenacolor.co.rs\/sq\/wp-json\/wp\/v2\/product_brand?post=41342"},{"taxonomy":"product_cat","embeddable":true,"href":"https:\/\/nevenacolor.co.rs\/sq\/wp-json\/wp\/v2\/product_cat?post=41342"},{"taxonomy":"product_tag","embeddable":true,"href":"https:\/\/nevenacolor.co.rs\/sq\/wp-json\/wp\/v2\/product_tag?post=41342"}],"curies":[{"name":"wp","href":"https:\/\/api.w.org\/{rel}","templated":true}]}}