{"id":41343,"date":"2024-05-21T14:38:08","date_gmt":"2024-05-21T14:38:08","guid":{"rendered":"https:\/\/nevenacolor.co.rs\/proizvod\/cool-boje-akrilike-per-beton\/"},"modified":"2025-05-20T08:08:55","modified_gmt":"2025-05-20T08:08:55","slug":"cool-boje-akrilike-per-beton","status":"publish","type":"product","link":"https:\/\/nevenacolor.co.rs\/sq\/proizvod\/cool-boje-akrilike-per-beton\/","title":{"rendered":"COOL BOJ\u00cb AKRILIKE P\u00cbR BETON"},"content":{"rendered":"<h3><strong>P\u00cbRSHKRIM DHE P\u00cbRDORIMI<\/strong><\/h3>\n<p>Akrilik, llak i tretsh\u00ebm n\u00eb uj\u00eb, i lart\u00eb n\u00eb mbulueshm\u00ebri p\u00ebr mbrojtjen dhe dekorimin e sip\u00ebrfaqeve t\u00eb betonit. \u00cbsht\u00eb i q\u00ebndruesh\u00ebm ndaj konsumit, stabil ndaj rrezatimit UV, i q\u00ebndruesh\u00ebm dhe i leht\u00eb p\u00ebr t&#8217;u aplikuar. <\/p>\n<h3><strong>UDH\u00cbZIME P\u00cbR P\u00cbRDORIM<\/strong><\/h3>\n<p>Boja holloset me 10% uj\u00eb dhe aplikohet n\u00eb nj\u00eb sip\u00ebrfaqe t\u00eb that\u00eb dhe t\u00eb past\u00ebr, e cila \u00ebsht\u00eb trajtuar me COOL akrilik n\u00ebnstruktura n\u00eb raportin 1:9 ose 1:5. Aplikohet me rul dhe fur\u00e7\u00eb, n\u00eb 2 shtresa. <\/p>\n<h3><strong>KONSUMI<\/strong><\/h3>\n<p>N\u00eb var\u00ebsi t\u00eb cil\u00ebsis\u00eb s\u00eb n\u00ebnstruktur\u00ebs, 8-10 m\u00b2\/kg.<b> <\/b><\/p>\n<h3><strong>PAKIMI<\/strong><\/h3>\n<p><span class=\"s1\">1<\/span>kg, 5kg<\/p>\n<h3><strong>AFATI I P\u00cbRDORIMIT DHE RUHATJA<\/strong><\/h3>\n<p>18 muaj duhet t\u00eb ruhet n\u00eb ambalazh\u00ebn origjinale, t\u00eb mbyllur mir\u00eb dhe t\u00eb pa d\u00ebmtuar, n\u00eb nj\u00eb temperatur\u00eb nga +5\u00baC deri n\u00eb +25\u00baC, t\u00eb mbrojtur nga ndikimi i drejtp\u00ebrdrejt\u00eb i drit\u00ebs s\u00eb diellit dhe ngrirjes.<\/p>\n<h3><strong>DOKUMENTACIONI<\/strong><\/h3>\n<div class=\"dokumentacija\">\n<p><a class=\"dugmeproizvod\" href=\"https:\/\/nevenacolor.co.rs\/wp-content\/uploads\/2025\/05\/Tehnicka-dokumentacija.pdf\" target=\"_blank\" rel=\"noopener\">DOKUMENTACIONI TEKNIK<\/a><\/p>\n<p><a class=\"dugmeproizvod\" href=\"https:\/\/nevenacolor.co.rs\/wp-content\/uploads\/2025\/05\/Bezbedonostni-list.pdf\" target=\"_blank\" rel=\"noopener\">FLET\u00cbPAJISJE P\u00cbR SIGURI<\/a><\/p>\n<\/div>\n<p>&nbsp;<\/p>\n<p><iframe loading=\"lazy\" title=\"YouTube video player\" src=\"https:\/\/www.youtube.com\/embed\/7dG6kwM88I4?si=FVPcrXrA27vgqPh6\" width=\"560\" height=\"415\" frameborder=\"0\" allowfullscreen=\"allowfullscreen\"><span data-mce-type=\"bookmark\" style=\"display: inline-block; width: 0px; overflow: hidden; line-height: 0;\" class=\"mce_SELRES_start\"><\/span><\/iframe><\/p>\n","protected":false},"excerpt":{"rendered":"<h3><strong>KARTELA TONE<\/strong><\/h3>\n[elementor-template id=\"31573\"]\n<div><a class=\"tonkarta\" href=\"#acrylicbojazabeton-tonkarta\" rel=\"noopener\"><img decoding=\"async\" src=\"https:\/\/nevenacolor.co.rs\/wp-content\/uploads\/2024\/06\/pantone-color-scheme.png\" width=\"40px\"> KARTELA TONE<\/a><\/div>\n","protected":false},"featured_media":40591,"template":"","meta":{"_monsterinsights_skip_tracking":false,"_monsterinsights_sitenote_active":false,"_monsterinsights_sitenote_note":"","_monsterinsights_sitenote_category":0},"product_brand":[],"product_cat":[534,536,532],"product_tag":[],"class_list":{"0":"post-41343","1":"product","2":"type-product","3":"status-publish","4":"has-post-thumbnail","6":"product_cat-boje-betoni","7":"product_cat-prekur-akrilik-i-hollueshem-me-uje","8":"product_cat-veshje-ndertimi","10":"first","11":"instock","12":"featured","13":"shipping-taxable","14":"product-type-simple"},"_links":{"self":[{"href":"https:\/\/nevenacolor.co.rs\/sq\/wp-json\/wp\/v2\/product\/41343","targetHints":{"allow":["GET"]}}],"collection":[{"href":"https:\/\/nevenacolor.co.rs\/sq\/wp-json\/wp\/v2\/product"}],"about":[{"href":"https:\/\/nevenacolor.co.rs\/sq\/wp-json\/wp\/v2\/types\/product"}],"version-history":[{"count":1,"href":"https:\/\/nevenacolor.co.rs\/sq\/wp-json\/wp\/v2\/product\/41343\/revisions"}],"predecessor-version":[{"id":41496,"href":"https:\/\/nevenacolor.co.rs\/sq\/wp-json\/wp\/v2\/product\/41343\/revisions\/41496"}],"wp:featuredmedia":[{"embeddable":true,"href":"https:\/\/nevenacolor.co.rs\/sq\/wp-json\/wp\/v2\/media\/40591"}],"wp:attachment":[{"href":"https:\/\/nevenacolor.co.rs\/sq\/wp-json\/wp\/v2\/media?parent=41343"}],"wp:term":[{"taxonomy":"product_brand","embeddable":true,"href":"https:\/\/nevenacolor.co.rs\/sq\/wp-json\/wp\/v2\/product_brand?post=41343"},{"taxonomy":"product_cat","embeddable":true,"href":"https:\/\/nevenacolor.co.rs\/sq\/wp-json\/wp\/v2\/product_cat?post=41343"},{"taxonomy":"product_tag","embeddable":true,"href":"https:\/\/nevenacolor.co.rs\/sq\/wp-json\/wp\/v2\/product_tag?post=41343"}],"curies":[{"name":"wp","href":"https:\/\/api.w.org\/{rel}","templated":true}]}}