{"id":41344,"date":"2024-05-28T10:36:38","date_gmt":"2024-05-28T10:36:38","guid":{"rendered":"https:\/\/nevenacolor.co.rs\/proizvod\/cool-professional-boje-vajore-per-dru\/"},"modified":"2024-05-28T10:36:38","modified_gmt":"2024-05-28T10:36:38","slug":"cool-professional-boje-vajore-per-dru","status":"publish","type":"product","link":"https:\/\/nevenacolor.co.rs\/sq\/proizvod\/cool-professional-boje-vajore-per-dru\/","title":{"rendered":"Cool professional boj\u00eb vajore p\u00ebr dru"},"content":{"rendered":"<h3><strong>P\u00cbRSHKRIM DHE P\u00cbRDORIMI<\/strong><\/h3>\n<p class=\"p1\">Cool professional boj\u00eb vajore p\u00ebr dru \u00ebsht\u00eb nj\u00eb shtres\u00eb nj\u00ebkomponent\u00ebshe e bazuar n\u00eb lidh\u00ebs alkidik me cil\u00ebsi t\u00eb lart\u00eb, pigment\u00eb, mbush\u00ebs, aditiv\u00eb dhe tret\u00ebs. Cool professional boj\u00eb vajore p\u00ebr dru p\u00ebrdoret si shtres\u00eb baz\u00eb mbi sip\u00ebrfaqet druri para aplikimit t\u00eb shtres\u00ebs p\u00ebrfundimtare me Cool boj\u00eb smalti. Karakterizohet nga mbulueshm\u00ebri e mir\u00eb, ngjitje e fort\u00eb dhe fort\u00ebsi. Leht\u00eb p\u00ebr t\u2019u g\u00ebrryer.   <\/p>\n<h3><strong>UDH\u00cbZIME P\u00cbR P\u00cbRDORIM<\/strong><\/h3>\n<p class=\"p1\">Tundeni mir\u00eb para p\u00ebrdorimit. Sip\u00ebrfaqja ku do t\u00eb aplikohet duhet t\u00eb jet\u00eb e that\u00eb, pa yndyr\u00eb dhe papast\u00ebrti t\u00eb tjera. Aplikohet me fur\u00e7\u00eb, rul, sp\u00ebrkatje ose zhytje, n\u00eb nj\u00eb ose dy shtresa. Para aplikimit t\u00eb shtres\u00ebs p\u00ebrfundimtare, \u00ebsht\u00eb e nevojshme g\u00ebrryerja. Shtresa e dyt\u00eb aplikohet pas 12 or\u00ebsh. P\u00ebr hollim dhe larjen e veglave p\u00ebrdoret holluesi vajor Cool.     <\/p>\n<h3><strong>KONSUMI<\/strong><\/h3>\n<p class=\"p1\">Nga 1 kg boj\u00eb mund t\u00eb lyhen rreth 6\u20138 m\u00b2 n\u00eb nj\u00eb shtres\u00eb.<\/p>\n<h3><strong>PAKIMI<\/strong><\/h3>\n<p class=\"p1\">0,9 l, 3,5 l dhe 25 l<\/p>\n<h3><strong>AFATI I P\u00cbRDORIMIT DHE RUHATJA<\/strong><\/h3>\n<p class=\"p1\">36 muaj nga data e shtypur n\u00eb paketim. Ruajeni n\u00eb ambalazhin origjinal, t\u00eb mbyllur mir\u00eb dhe t\u00eb paprekur, n\u00eb temperatur\u00eb nga +5\u00baC deri n\u00eb +25\u00baC. <\/p>\n<h3><strong>DOKUMENTACIONI<\/strong><\/h3>\n<div class=\"dokumentacija\">\n<p><a class=\"dugmeproizvod\" href=\"https:\/\/nevenacolor.co.rs\/wp-content\/uploads\/2024\/11\/Tehnicka-dokumentacija-akrilna-uljana-1.pdf\" target=\"_blank\" rel=\"noopener\">DOKUMENTACIONI TEKNIK<\/a><\/p>\n<p><a class=\"dugmeproizvod\" href=\"https:\/\/nevenacolor.co.rs\/wp-content\/uploads\/2024\/11\/Bezbedonosni-list-akrilna-uljana-1.pdf\" target=\"_blank\" rel=\"noopener\">FLET\u00cbPAJISJE P\u00cbR SIGURI<\/a><\/p>\n<\/div>\n<p>&nbsp;<\/p>\n<p><iframe loading=\"lazy\" title=\"YouTube video player\" src=\"https:\/\/www.youtube.com\/embed\/pX25fwFHLn4?si=kA587etjAnX18Ipb\" width=\"560\" height=\"415\" frameborder=\"0\" allowfullscreen=\"allowfullscreen\"><span data-mce-type=\"bookmark\" style=\"display: inline-block; width: 0px; overflow: hidden; line-height: 0;\" class=\"mce_SELRES_start\"><\/span><\/iframe><\/p>\n","protected":false},"excerpt":{"rendered":"<p>P\u00cbRSHKRIM DHE P\u00cbRDORIMI Cool professional boj\u00eb vajore p\u00ebr dru \u00ebsht\u00eb nj\u00eb shtres\u00eb nj\u00ebkomponent\u00ebshe e bazuar n\u00eb lidh\u00ebs alkidik me cil\u00ebsi<\/p>\n","protected":false},"featured_media":30568,"template":"","meta":{"_monsterinsights_skip_tracking":false,"_monsterinsights_sitenote_active":false,"_monsterinsights_sitenote_note":"","_monsterinsights_sitenote_category":0},"product_brand":[],"product_cat":[584,548,586],"product_tag":[],"class_list":{"0":"post-41344","1":"product","2":"type-product","3":"status-publish","4":"has-post-thumbnail","6":"product_cat-mbrojtja-themelore-e-drurit","7":"product_cat-shtrese-per-drure","8":"product_cat-veshje-alkidi-me-baze-vaj-sq-6","10":"first","11":"instock","12":"shipping-taxable","13":"product-type-simple"},"_links":{"self":[{"href":"https:\/\/nevenacolor.co.rs\/sq\/wp-json\/wp\/v2\/product\/41344","targetHints":{"allow":["GET"]}}],"collection":[{"href":"https:\/\/nevenacolor.co.rs\/sq\/wp-json\/wp\/v2\/product"}],"about":[{"href":"https:\/\/nevenacolor.co.rs\/sq\/wp-json\/wp\/v2\/types\/product"}],"version-history":[{"count":0,"href":"https:\/\/nevenacolor.co.rs\/sq\/wp-json\/wp\/v2\/product\/41344\/revisions"}],"wp:featuredmedia":[{"embeddable":true,"href":"https:\/\/nevenacolor.co.rs\/sq\/wp-json\/wp\/v2\/media\/30568"}],"wp:attachment":[{"href":"https:\/\/nevenacolor.co.rs\/sq\/wp-json\/wp\/v2\/media?parent=41344"}],"wp:term":[{"taxonomy":"product_brand","embeddable":true,"href":"https:\/\/nevenacolor.co.rs\/sq\/wp-json\/wp\/v2\/product_brand?post=41344"},{"taxonomy":"product_cat","embeddable":true,"href":"https:\/\/nevenacolor.co.rs\/sq\/wp-json\/wp\/v2\/product_cat?post=41344"},{"taxonomy":"product_tag","embeddable":true,"href":"https:\/\/nevenacolor.co.rs\/sq\/wp-json\/wp\/v2\/product_tag?post=41344"}],"curies":[{"name":"wp","href":"https:\/\/api.w.org\/{rel}","templated":true}]}}