{"id":41345,"date":"2024-05-21T14:10:45","date_gmt":"2024-05-21T14:10:45","guid":{"rendered":"https:\/\/nevenacolor.co.rs\/proizvod\/cool-09-lepak-per-ngjitjen-e-pllakave-qeramike\/"},"modified":"2024-05-21T14:10:45","modified_gmt":"2024-05-21T14:10:45","slug":"cool-09-lepak-per-ngjitjen-e-pllakave-qeramike","status":"publish","type":"product","link":"https:\/\/nevenacolor.co.rs\/sq\/proizvod\/cool-09-lepak-per-ngjitjen-e-pllakave-qeramike\/","title":{"rendered":"COOL 09 Lepak p\u00ebr ngjitjen e pllakave qeramike"},"content":{"rendered":"<h3><strong>P\u00cbRSHKRIM DHE P\u00cbRDORIMI<\/strong><\/h3>\n<p>COOL 09 \u00ebsht\u00eb ngjit\u00ebs p\u00ebr pllaka qeramike i prodhuar<span class=\"Apple-converted-space\">  <\/span>n\u00eb baz\u00eb t\u00eb lidh\u00ebsve hidraulik\u00eb, aditiv\u00ebve special\u00eb dhe mbush\u00ebsve mineral\u00eb<span class=\"Apple-converted-space\">  <\/span>t\u00eb p\u00ebrzgjedhur posa\u00e7\u00ebrisht. \u00cbsht\u00eb i destinuar p\u00ebr ngjitjen e qeramik\u00ebs n\u00eb sip\u00ebrfaqe muri dhe dyshemeje, i p\u00ebrshtatsh\u00ebm p\u00ebr instalimin e gurit natyral thith\u00ebs dhe pllakave t\u00eb terrakot\u00ebs, si dhe p\u00ebr blloqet e gazbetonit (siporeks). Sip\u00ebrfaqet e murit dhe dyshemes\u00eb duhet t\u00eb jen\u00eb t\u00eb forta dhe t\u00eb b\u00ebra nga suva n\u00eb baz\u00eb \u00e7imentoje, g\u00eblqereje ose betoni.  <\/p>\n<h3><strong>UDH\u00cbZIME P\u00cbR P\u00cbRDORIM<\/strong><\/h3>\n<p class=\"p1\">Shtresa ku vendosen pllakat qeramike duhet t\u00eb jet\u00eb e fort\u00eb, e that\u00eb, e past\u00ebr, jo e ngrir\u00eb, mbajt\u00ebse, pa yndyr\u00eb dhe krip\u00ebra. Sip\u00ebrfaqet e pabarabarta duhet t\u00eb rregullohen. P\u00ebr sip\u00ebrfaqet thith\u00ebse, poroze, beton, para aplikimit t\u00eb ngjit\u00ebsit, sip\u00ebrfaqet duhet t\u00eb trajtohen me COOL IMPREGNIM (sipas rekomandimit t\u00eb prodhuesit).  <\/p>\n<p class=\"p1\"><b>P\u00ebrgatitja e mas\u00ebs:<\/b><\/p>\n<p class=\"p1\">P\u00ebrmbajtja e thas\u00ebs prej 25 kg p\u00ebrzihet me rreth 6.5\u20137 litra uj\u00eb, me dor\u00eb ose me mikser elektrik, derisa masa t\u00eb b\u00ebhet homogjene, pa kokrriza. Pluhuri duhet t\u00eb shtohet ngadal\u00eb dhe duke p\u00ebrzier vazhdimisht. Mas\u00ebn e p\u00ebrgatitur e lini t\u00eb q\u00ebndroj\u00eb rreth 10 minuta dhe m\u00eb pas e p\u00ebrzieni s\u00ebrish intensivisht. N\u00ebse \u00ebsht\u00eb e nevojshme, shtoni uj\u00eb p\u00ebr t\u00eb arritur konsistenc\u00ebn e duhur t\u00eb ngjit\u00ebsit. Masa e p\u00ebrgatitur duhet t\u00eb p\u00ebrdoret brenda 2\u20133 or\u00ebsh, n\u00eb var\u00ebsi t\u00eb kushteve t\u00eb pun\u00ebs.   <\/p>\n<p class=\"p1\"><b>M\u00ebnyra e aplikimit:<\/b><\/p>\n<p class=\"p1\">Ngjit\u00ebsi p\u00ebr pllaka qeramike COOL 09 aplikohet me shpatull me dh\u00ebmb\u00ebza. Procedura \u00ebsht\u00eb q\u00eb fillimisht ngjit\u00ebsi t\u00eb vendoset me an\u00ebn e drejt\u00eb t\u00eb shpatull\u00ebs, pastaj masa e aplikuar t\u00eb shtrihet me an\u00ebn me dh\u00ebmb\u00ebza, me thell\u00ebsi dh\u00ebmb\u00ebzash prej 4 deri n\u00eb 6 mm, p\u00ebr ngjitjen e pllakave t\u00eb p\u00ebrmasave normale nga 10 deri n\u00eb 20 cm. P\u00ebr pllaka me p\u00ebrmasa m\u00eb t\u00eb m\u00ebdha p\u00ebrdoret mjet me thell\u00ebsi m\u00eb t\u00eb madhe dh\u00ebmb\u00ebzash. Gjat\u00eb vendosjes, sip\u00ebrfaqja e mbuluar e pllak\u00ebs me ngjit\u00ebs duhet t\u00eb jet\u00eb t\u00eb pakt\u00ebn 65%. Pas vendosjes, pllakat dhe mjetet duhen pastruar menj\u00ebher\u00eb me uj\u00eb. Hap\u00ebsirat (fugat) nd\u00ebrmjet pllakave pas 24 or\u00ebsh mbushen me mas\u00ebn p\u00ebr fugim COOL. Gjer\u00ebsia e fugave mund t\u00eb jet\u00eb nga 2 deri n\u00eb 15 mm, var\u00ebsisht nga madh\u00ebsia e pllakave dhe kushtet e pun\u00ebs. Koha e hapur e ngjit\u00ebsit t\u00eb aplikuar n\u00eb kushte normale (23\u00b0C dhe lag\u00ebshti relative 60%) \u00ebsht\u00eb 30 minuta. Para ngjitjes, pllakat qeramike thith\u00ebse dhe ato standarde duhet t\u00eb zhyten n\u00eb uj\u00eb. Temperatura optimale e pun\u00ebs gjat\u00eb vendosjes s\u00eb pllakave duhet t\u00eb jet\u00eb n\u00eb intervalin prej +5 deri n\u00eb +30\u00b0C. Lag\u00ebshtia e lart\u00eb dhe temperaturat e ul\u00ebta zgjasin koh\u00ebn e tharjes s\u00eb ngjit\u00ebsit. Bashkimet dilatuese duhet t\u00eb mbushen me mastik\u00eb elastike t\u00eb p\u00ebrhershme. Koha e tharjes p\u00ebr ngarkim t\u00eb leht\u00eb deri n\u00eb ngarkim t\u00eb plot\u00eb \u00ebsht\u00eb nga 24 or\u00eb deri n\u00eb 8 dit\u00eb.            <\/p>\n<h3><strong>KONSUMI<\/strong><\/h3>\n<p>Ngjitja: 3,0\u20133,5 kg\/m\u00b2 n\u00eb var\u00ebsi t\u00eb cil\u00ebsis\u00eb s\u00eb sip\u00ebrfaqes, pllakave, teknik\u00ebs dhe trash\u00ebsis\u00eb s\u00eb shtres\u00ebs.<\/p>\n<h3><strong>PAKIMI<\/strong><\/h3>\n<p>25 kg<\/p>\n<h3><strong>AFATI I P\u00cbRDORIMIT DHE RUHATJA<\/strong><\/h3>\n<p>T\u00eb pakt\u00ebn 12 muaj nga data e prodhimit n\u00eb ambalazh t\u00eb mbyllur n\u00eb m\u00ebnyr\u00eb fabrike, n\u00eb ambiente t\u00eb thata dhe t\u00eb<span class=\"Apple-converted-space\">  <\/span>ajrosura mir\u00eb, n\u00eb temperatur\u00eb nga +5 deri n\u00eb +30\u00b0C.<\/p>\n<h3><strong>DOKUMENTACIONI<\/strong><\/h3>\n<div class=\"dokumentacija\">\n<p><a class=\"dugmeproizvod\" href=\"https:\/\/nevenacolor.co.rs\/wp-content\/uploads\/2024\/10\/Tehnicka-dokumentacija-1.pdf\" target=\"_blank\" rel=\"noopener\">DOKUMENTACIONI TEKNIK<\/a><\/p>\n<p><a class=\"dugmeproizvod\" href=\"https:\/\/nevenacolor.co.rs\/wp-content\/uploads\/2024\/10\/Bezbedonisni-list.pdf\" target=\"_blank\" rel=\"noopener\">FLET\u00cbPAJISJE P\u00cbR SIGURI<\/a><\/p>\n<\/div>\n<p>&nbsp;<\/p>\n","protected":false},"excerpt":{"rendered":"<p>P\u00cbRSHKRIM DHE P\u00cbRDORIMI COOL 09 \u00ebsht\u00eb ngjit\u00ebs p\u00ebr pllaka qeramike i prodhuar n\u00eb baz\u00eb t\u00eb lidh\u00ebsve hidraulik\u00eb, aditiv\u00ebve special\u00eb dhe<\/p>\n","protected":false},"featured_media":29707,"template":"","meta":{"_monsterinsights_skip_tracking":false,"_monsterinsights_sitenote_active":false,"_monsterinsights_sitenote_note":"","_monsterinsights_sitenote_category":0},"product_brand":[],"product_cat":[544,532],"product_tag":[],"class_list":{"0":"post-41345","1":"product","2":"type-product","3":"status-publish","4":"has-post-thumbnail","6":"product_cat-ngjites-per-vendosjen-e-plakave-qeramike","7":"product_cat-veshje-ndertimi","9":"first","10":"instock","11":"shipping-taxable","12":"product-type-simple"},"_links":{"self":[{"href":"https:\/\/nevenacolor.co.rs\/sq\/wp-json\/wp\/v2\/product\/41345","targetHints":{"allow":["GET"]}}],"collection":[{"href":"https:\/\/nevenacolor.co.rs\/sq\/wp-json\/wp\/v2\/product"}],"about":[{"href":"https:\/\/nevenacolor.co.rs\/sq\/wp-json\/wp\/v2\/types\/product"}],"version-history":[{"count":0,"href":"https:\/\/nevenacolor.co.rs\/sq\/wp-json\/wp\/v2\/product\/41345\/revisions"}],"wp:featuredmedia":[{"embeddable":true,"href":"https:\/\/nevenacolor.co.rs\/sq\/wp-json\/wp\/v2\/media\/29707"}],"wp:attachment":[{"href":"https:\/\/nevenacolor.co.rs\/sq\/wp-json\/wp\/v2\/media?parent=41345"}],"wp:term":[{"taxonomy":"product_brand","embeddable":true,"href":"https:\/\/nevenacolor.co.rs\/sq\/wp-json\/wp\/v2\/product_brand?post=41345"},{"taxonomy":"product_cat","embeddable":true,"href":"https:\/\/nevenacolor.co.rs\/sq\/wp-json\/wp\/v2\/product_cat?post=41345"},{"taxonomy":"product_tag","embeddable":true,"href":"https:\/\/nevenacolor.co.rs\/sq\/wp-json\/wp\/v2\/product_tag?post=41345"}],"curies":[{"name":"wp","href":"https:\/\/api.w.org\/{rel}","templated":true}]}}