{"id":41346,"date":"2024-05-21T14:20:37","date_gmt":"2024-05-21T14:20:37","guid":{"rendered":"https:\/\/nevenacolor.co.rs\/proizvod\/cool-uni-ngjites-ndertimi-per-stiropor-dhe-rrjete\/"},"modified":"2024-05-21T14:20:37","modified_gmt":"2024-05-21T14:20:37","slug":"cool-uni-ngjites-ndertimi-per-stiropor-dhe-rrjete","status":"publish","type":"product","link":"https:\/\/nevenacolor.co.rs\/sq\/proizvod\/cool-uni-ngjites-ndertimi-per-stiropor-dhe-rrjete\/","title":{"rendered":"COOL UNI NGJIT\u00cbS ND\u00cbRTIMI P\u00cbR STIROPOR DHE RRJET\u00cb"},"content":{"rendered":"<h3><strong>P\u00cbRSHKRIM DHE P\u00cbRDORIMI<\/strong><\/h3>\n<p>COOL Uni, ngjit\u00ebs nd\u00ebrtimi p\u00ebr stiropor dhe rrjet\u00eb, \u00ebsht\u00eb i b\u00ebr\u00eb nga polimera dhe \u00e7imento p\u00ebr ngjitjen e pllaka izoluese t\u00eb ngrohjes nga stiropori dhe p\u00ebr forcimin e rrjet\u00ebs.<\/p>\n<h3><strong>UDH\u00cbZIME P\u00cbR P\u00cbRDORIM<\/strong><\/h3>\n<p class=\"p1\">Podlogat e betonit t\u00eb pakt\u00ebn 2 muaj t\u00eb vjet\u00ebr, tullave, lla\u00e7it t\u00eb zgjatur, gaz-betonit, salonit dhe t\u00eb tjera, duhet t\u00eb jen\u00eb t\u00eb sheshta, t\u00eb forta, t\u00eb thata, t\u00eb pastra dhe t\u00eb pa ngrira.<\/p>\n<p class=\"p1\">P\u00ebrmbajtja e \u00e7ant\u00ebs prej 25 kg t\u00eb p\u00ebrzihet me rreth 6 litra uj\u00eb, me dor\u00eb ose me mikser elektrik, derisa masa t\u00eb b\u00ebhet homogjene. P\u00ebrzierjen l\u00ebreni t\u00eb pushoj\u00eb rreth 10 minuta dhe pastaj p\u00ebrzieni p\u00ebrs\u00ebri. <\/p>\n<p class=\"p1\">Ngjitja e pllakave izoluese: COOL ngjit\u00ebsi aplikohet n\u00eb m\u00ebnyr\u00eb vijore p\u00ebrgjat\u00eb skajeve t\u00eb pllak\u00ebs dhe me pika n\u00eb qend\u00ebr, pastaj pllaka shtypet n\u00eb sip\u00ebrfaqen e p\u00ebrgatitur. Rekomandohet vendosja e minimumi 6 tiplave p\u00ebr m\u00b2 p\u00ebr pllakat e stiroporit. Sip\u00ebrfaqja e mbuluar me ngjit\u00ebs n\u00eb pllak\u00eb duhet t\u00eb jet\u00eb m\u00eb e madhe se 40%. Temperatura optimale e pun\u00ebs \u00ebsht\u00eb nga +5\u00b0C deri n\u00eb +30\u00b0C.<br \/>P\u00ebrpunimi i pllakave izoluese: Pas 2 dit\u00ebsh nga ngjitja, COOL ngjit\u00ebsi aplikohet me glet metalik n\u00eb trash\u00ebsi prej 2\u20133 mm. L\u00ebreni shtres\u00ebn t\u00eb thahet p\u00ebr 48 or\u00eb (n\u00eb kushte normale), pastaj p\u00ebrfundoni me suv\u00ebn dekorative. Temperatura optimale e pun\u00ebs \u00ebsht\u00eb nga +5\u00b0C deri n\u00eb +30\u00b0C.      <\/p>\n<h3><strong>KONSUMI<\/strong><\/h3>\n<p>Ngjitja: 3,0 \u2013 4,0 kg\/m\u00b2<\/p>\n<h3><strong>PAKIMI<\/strong><\/h3>\n<p>25 kg<\/p>\n<h3><strong>AFATI I P\u00cbRDORIMIT DHE RUHATJA<\/strong><\/h3>\n<p>P\u00ebrmbajtja e kromit t\u00eb tretsh\u00ebm Cr (VI) n\u00eb produkt \u00ebsht\u00eb m\u00eb pak se 0,0002% brenda afatit dhe kushteve t\u00eb magazinimit t\u00eb p\u00ebrcaktuara nga prodhuesi. T\u00eb pakt\u00ebn 12 muaj n\u00eb ambalazh t\u00eb mbyllur n\u00eb fabrik\u00eb, n\u00eb <span class=\"Apple-converted-space\">  <\/span>ambiente t\u00eb thata dhe t\u00eb ajrosura mir\u00eb, n\u00eb temperatur\u00eb nga +5\u00b0C deri n\u00eb +30\u00b0C.<\/p>\n<h3><strong>DOKUMENTACIONI<\/strong><\/h3>\n<div class=\"dokumentacija\">\n<p><a class=\"dugmeproizvod\" href=\"https:\/\/nevenacolor.co.rs\/wp-content\/uploads\/2024\/10\/Tehnicka-dokumentacija-cool-uni.pdf\" target=\"_blank\" rel=\"noopener\">DOKUMENTACIONI TEKNIK<\/a><\/p>\n<p><a class=\"dugmeproizvod\" href=\"https:\/\/nevenacolor.co.rs\/wp-content\/uploads\/2024\/10\/Bezbedonosni-list-cool-uni.pdf\" target=\"_blank\" rel=\"noopener\">FLET\u00cbPAJISJE P\u00cbR SIGURI<\/a><\/p>\n<\/div>\n<p>&nbsp;<\/p>\n<p><iframe loading=\"lazy\" title=\"YouTube video player\" src=\"https:\/\/www.youtube.com\/embed\/pIVzZkUNDRs?si=Q7orIVdOo1X0wtbw\" width=\"560\" height=\"415\" frameborder=\"0\" allowfullscreen=\"allowfullscreen\"><span data-mce-type=\"bookmark\" style=\"display: inline-block; width: 0px; overflow: hidden; line-height: 0;\" class=\"mce_SELRES_start\"><\/span><\/iframe><\/p>\n","protected":false},"excerpt":{"rendered":"<p>P\u00cbRSHKRIM DHE P\u00cbRDORIMI COOL Uni, ngjit\u00ebs nd\u00ebrtimi p\u00ebr stiropor dhe rrjet\u00eb, \u00ebsht\u00eb i b\u00ebr\u00eb nga polimera dhe \u00e7imento p\u00ebr ngjitjen<\/p>\n","protected":false},"featured_media":29890,"template":"","meta":{"_monsterinsights_skip_tracking":false,"_monsterinsights_sitenote_active":false,"_monsterinsights_sitenote_note":"","_monsterinsights_sitenote_category":0},"product_brand":[],"product_cat":[543,532],"product_tag":[],"class_list":{"0":"post-41346","1":"product","2":"type-product","3":"status-publish","4":"has-post-thumbnail","6":"product_cat-ngjites-per-fasade","7":"product_cat-veshje-ndertimi","9":"first","10":"instock","11":"featured","12":"shipping-taxable","13":"product-type-simple"},"_links":{"self":[{"href":"https:\/\/nevenacolor.co.rs\/sq\/wp-json\/wp\/v2\/product\/41346","targetHints":{"allow":["GET"]}}],"collection":[{"href":"https:\/\/nevenacolor.co.rs\/sq\/wp-json\/wp\/v2\/product"}],"about":[{"href":"https:\/\/nevenacolor.co.rs\/sq\/wp-json\/wp\/v2\/types\/product"}],"version-history":[{"count":0,"href":"https:\/\/nevenacolor.co.rs\/sq\/wp-json\/wp\/v2\/product\/41346\/revisions"}],"wp:featuredmedia":[{"embeddable":true,"href":"https:\/\/nevenacolor.co.rs\/sq\/wp-json\/wp\/v2\/media\/29890"}],"wp:attachment":[{"href":"https:\/\/nevenacolor.co.rs\/sq\/wp-json\/wp\/v2\/media?parent=41346"}],"wp:term":[{"taxonomy":"product_brand","embeddable":true,"href":"https:\/\/nevenacolor.co.rs\/sq\/wp-json\/wp\/v2\/product_brand?post=41346"},{"taxonomy":"product_cat","embeddable":true,"href":"https:\/\/nevenacolor.co.rs\/sq\/wp-json\/wp\/v2\/product_cat?post=41346"},{"taxonomy":"product_tag","embeddable":true,"href":"https:\/\/nevenacolor.co.rs\/sq\/wp-json\/wp\/v2\/product_tag?post=41346"}],"curies":[{"name":"wp","href":"https:\/\/api.w.org\/{rel}","templated":true}]}}