{"id":41347,"date":"2024-05-28T10:47:22","date_gmt":"2024-05-28T10:47:22","guid":{"rendered":"https:\/\/nevenacolor.co.rs\/proizvod\/cool-professional-poliuretanski-parketlak-a-b\/"},"modified":"2024-05-28T10:47:22","modified_gmt":"2024-05-28T10:47:22","slug":"cool-professional-poliuretanski-parketlak-a-b","status":"publish","type":"product","link":"https:\/\/nevenacolor.co.rs\/sq\/proizvod\/cool-professional-poliuretanski-parketlak-a-b\/","title":{"rendered":"Cool Professional Poliuretanski Parketlak A + B"},"content":{"rendered":"<h3><strong>P\u00cbRSHKRIM DHE P\u00cbRDORIMI<\/strong><\/h3>\n<p class=\"p1\">COOL 2K LAKA POLIURETANE P\u00cbR PARKET \u00ebsht\u00eb nj\u00eb lak poliuretan dykomponent q\u00eb p\u00ebrdoret p\u00ebr lyerjen e parketit, dyshemes\u00eb t\u00eb anijes, lista, shkall\u00ebve prej druri dhe sip\u00ebrfaqeve dhe elementeve t\u00eb tjera prej druri n\u00eb brend\u00ebsi t\u00eb nd\u00ebrtes\u00ebs q\u00eb jan\u00eb t\u00eb ekspozuara ndaj kushteve specifike t\u00eb p\u00ebrdorimit dhe ngarkes\u00ebs. Ofron nj\u00eb fort\u00ebsi t\u00eb shk\u00eblqyer t\u00eb sip\u00ebrfaqes, mbrojtje t\u00eb q\u00ebndrueshme, \u00ebsht\u00eb i q\u00ebndruesh\u00ebm ndaj konsumit, ujit dhe mjeteve t\u00eb pastrimit. <\/p>\n<h3><strong>UDH\u00cbZIME P\u00cbR P\u00cbRDORIM<\/strong><\/h3>\n<p>Sip\u00ebrfaqja q\u00eb do t\u00eb lyer\u00eb duhet t\u00eb jet\u00eb e pastruar, e that\u00eb, pa yndyr\u00eb, dyshk, dhe pluhur.<\/p>\n<p>P\u00ebrb\u00ebr\u00ebsit p\u00ebrzieni n\u00eb raportin A\\:B = 1:1 menj\u00ebher\u00eb para p\u00ebrdorimit.<\/p>\n<p>P\u00ebrzierja e p\u00ebrgatitur duhet t\u00eb p\u00ebrdoret brenda 6-8 or\u00ebsh.<\/p>\n<p>Lak 2K PU p\u00ebr parket aplikohet n\u00eb sistemin poliuretanski 2K, i cili p\u00ebrfshin nj\u00eb shtres\u00eb 2K primer p\u00ebr parket, plus dy shtresa 2K PU lak p\u00ebr parket, ose tre shtresa 2K PU lak p\u00ebr parket me lustrim t\u00eb nd\u00ebrmjet\u00ebm, rrafsim dhe pastrim.<\/p>\n<p>P\u00ebr lustrimin e nd\u00ebrmjet\u00ebm p\u00ebrdoret letra e lustrimit N<sup>o<\/sup>120-150. Tharja e shtres\u00ebs s\u00eb par\u00eb zgjat 24 or\u00eb, pas t\u00eb cil\u00ebs \u00ebsht\u00eb e nevojshme t\u00eb rrafshohet sip\u00ebrfaqja me let\u00ebr lustrimi t\u00eb im\u00ebt, ta pastroni dhe t\u00eb aplikoni shtres\u00ebn tjet\u00ebr t\u00eb lakut. Shtresa p\u00ebrfundimtare e lakut ngurt\u00ebsohet plot\u00ebsisht pas 72 or\u00ebsh n\u00eb 20\u00b0C, kur dhe rekomandohet p\u00ebrdorimi i dhom\u00ebs.  <\/p>\n<p>Pajisjet pas p\u00ebrdorimit pastrohen me Cool nitro tret\u00ebs.<\/p>\n<h3><strong>KONSUMI<\/strong><\/h3>\n<p class=\"p1\">80-100 g\/m\u00b2<\/p>\n<h3><strong>PAKIMI<\/strong><\/h3>\n<p class=\"p1\">1+1 l, 2.5+2.5 l, 20+20 l<\/p>\n<h3><strong>AFATI I P\u00cbRDORIMIT DHE RUHATJA<\/strong><\/h3>\n<p class=\"p1\">12 muaj nga data e sh\u00ebnuar n\u00eb ambalazh\u00eb. T\u00eb ruhet n\u00eb ambalazhin origjinal, mir\u00eb t\u00eb mbyllur dhe t\u00eb pad\u00ebmtuar t\u00eb fabrik\u00ebs, n\u00eb temperatur\u00eb nga +5\u00baC deri n\u00eb +25\u00baC.<\/p>\n<h3><strong>DOKUMENTACIONI<\/strong><\/h3>\n<div class=\"dokumentacija\">\n<p><a class=\"dugmeproizvod\" href=\"https:\/\/nevenacolor.co.rs\/wp-content\/uploads\/2024\/12\/Tehnicka-dokumentacija-parketlak-A.pdf\" target=\"_blank\" rel=\"noopener\">DOKUMENTACIONI TEKNIK A<\/a><\/p>\n<p><a class=\"dugmeproizvod\" href=\"https:\/\/nevenacolor.co.rs\/wp-content\/uploads\/2024\/12\/Bezbedonosni-list-parketlak-A.pdf\" target=\"_blank\" rel=\"noopener\">FLET\u00cbSIGURIA A<\/a><\/p>\n<\/div>\n<div class=\"dokumentacija\">\n<p><a class=\"dugmeproizvod\" href=\"https:\/\/nevenacolor.co.rs\/wp-content\/uploads\/2024\/12\/Tehnicka-dokumentacija-parketlak-B.pdf\" target=\"_blank\" rel=\"noopener\">DOKUMENTACIONI TEKNIK B<\/a><\/p>\n<p><a class=\"dugmeproizvod\" href=\"https:\/\/nevenacolor.co.rs\/wp-content\/uploads\/2024\/12\/Bezbedonosni-list-parketlak-B.pdf\" target=\"_blank\" rel=\"noopener\">FLET\u00cbSIGURIA B<\/a><\/p>\n<\/div>\n","protected":false},"excerpt":{"rendered":"<p>P\u00cbRSHKRIM DHE P\u00cbRDORIMI COOL 2K LAKA POLIURETANE P\u00cbR PARKET \u00ebsht\u00eb nj\u00eb lak poliuretan dykomponent q\u00eb p\u00ebrdoret p\u00ebr lyerjen e parketit,<\/p>\n","protected":false},"featured_media":31849,"template":"","meta":{"_monsterinsights_skip_tracking":false,"_monsterinsights_sitenote_active":false,"_monsterinsights_sitenote_note":"","_monsterinsights_sitenote_category":0},"product_brand":[],"product_cat":[574,548],"product_tag":[],"class_list":{"0":"post-41347","1":"product","2":"type-product","3":"status-publish","4":"has-post-thumbnail","6":"product_cat-livar-per-parket","7":"product_cat-shtrese-per-drure","9":"first","10":"instock","11":"shipping-taxable","12":"product-type-simple"},"_links":{"self":[{"href":"https:\/\/nevenacolor.co.rs\/sq\/wp-json\/wp\/v2\/product\/41347","targetHints":{"allow":["GET"]}}],"collection":[{"href":"https:\/\/nevenacolor.co.rs\/sq\/wp-json\/wp\/v2\/product"}],"about":[{"href":"https:\/\/nevenacolor.co.rs\/sq\/wp-json\/wp\/v2\/types\/product"}],"version-history":[{"count":0,"href":"https:\/\/nevenacolor.co.rs\/sq\/wp-json\/wp\/v2\/product\/41347\/revisions"}],"wp:featuredmedia":[{"embeddable":true,"href":"https:\/\/nevenacolor.co.rs\/sq\/wp-json\/wp\/v2\/media\/31849"}],"wp:attachment":[{"href":"https:\/\/nevenacolor.co.rs\/sq\/wp-json\/wp\/v2\/media?parent=41347"}],"wp:term":[{"taxonomy":"product_brand","embeddable":true,"href":"https:\/\/nevenacolor.co.rs\/sq\/wp-json\/wp\/v2\/product_brand?post=41347"},{"taxonomy":"product_cat","embeddable":true,"href":"https:\/\/nevenacolor.co.rs\/sq\/wp-json\/wp\/v2\/product_cat?post=41347"},{"taxonomy":"product_tag","embeddable":true,"href":"https:\/\/nevenacolor.co.rs\/sq\/wp-json\/wp\/v2\/product_tag?post=41347"}],"curies":[{"name":"wp","href":"https:\/\/api.w.org\/{rel}","templated":true}]}}