{"id":41348,"date":"2024-05-21T14:36:09","date_gmt":"2024-05-21T14:36:09","guid":{"rendered":"https:\/\/nevenacolor.co.rs\/proizvod\/cool-nenfondi-per-malteret-e-fasadave\/"},"modified":"2024-05-21T14:36:09","modified_gmt":"2024-05-21T14:36:09","slug":"cool-nenfondi-per-malteret-e-fasadave","status":"publish","type":"product","link":"https:\/\/nevenacolor.co.rs\/sq\/proizvod\/cool-nenfondi-per-malteret-e-fasadave\/","title":{"rendered":"COOL N\u00cbNFONDI P\u00cbR MALTER\u00cbT E FASADAVE"},"content":{"rendered":"<h3><strong>P\u00cbRSHKRIM DHE P\u00cbRDORIMI<\/strong><\/h3>\n<p class=\"p1\">COOL N\u00cbNFONDI P\u00cbR MALTER\u00cbT E FASADAVE p\u00ebrdoret p\u00ebr t\u00eb balancuar dhe neutralizuar sip\u00ebrfaqen para aplikimit t\u00eb COOL MALTERIT T\u00cb FASAD\u00cbS.<\/p>\n<p class=\"p1\">E krijuar n\u00eb baz\u00eb t\u00eb emulsion\u00ebve special\u00eb, pigmenteve, aditiv\u00ebve dhe mbush\u00ebsve.<\/p>\n<h3><strong>UDH\u00cbZIME P\u00cbR P\u00cbRDORIM<\/strong><\/h3>\n<p>Sip\u00ebrfaqet e mureve ku aplikohet duhet t\u00eb jen\u00eb t\u00eb pastra, t\u00eb thata, t\u00eb forta, pa pjes\u00eb t\u00eb lidhura dob\u00ebt dhe njolla yndyre. Aplikohet me rul me tharm t\u00eb gjat\u00eb ose me penel n\u00eb nj\u00eb shtres\u00eb. Rekomandohet q\u00eb nuanca e COOL PODLOGE ZA FASADNE MALTERE t\u00eb jet\u00eb n\u00eb t\u00eb nj\u00ebjt\u00ebn nuanc\u00eb si dhe nuanca e ngjyrosjes p\u00ebrfundimtare t\u00eb bojes ose malterit. Pas p\u00ebrdorimit, mjetet pastroni me uj\u00eb.   <\/p>\n<h3><strong>KONSUMI<\/strong><\/h3>\n<p>4-6 m<span class=\"s1\"><sup>\u00b2<\/sup><\/span>\/kg n\u00eb nj\u00eb shtres\u00eb.<b> <\/b><\/p>\n<h3><strong>PAKIMI<\/strong><\/h3>\n<p>25 kg<\/p>\n<h3><strong>AFATI I P\u00cbRDORIMIT DHE RUHATJA<\/strong><\/h3>\n<p>18 muaj duhet t\u00eb ruhet n\u00eb ambalazhin origjinal, t\u00eb mbyllur mir\u00eb dhe t\u00eb paprekur, n\u00eb temperatur\u00eb nga +5\u00baC deri n\u00eb +25\u00baC, t\u00eb mbrojtur nga ndikimi direkt i drit\u00ebs s\u00eb diellit dhe ngrirjes.<\/p>\n<h3><strong>DOKUMENTACIONI<\/strong><\/h3>\n<div class=\"dokumentacija\">\n<p><a class=\"dugmeproizvod\" href=\"https:\/\/nevenacolor.co.rs\/wp-content\/uploads\/2024\/12\/Tehnicka-dokumentacija-COOL-PODLOGE-ZA-FASADNE-MALTERE.pdf\" target=\"_blank\" rel=\"noopener\">DOKUMENTACIONI TEKNIK<\/a><\/p>\n<p><a class=\"dugmeproizvod\" href=\"https:\/\/nevenacolor.co.rs\/wp-content\/uploads\/2024\/12\/Bezbedonosni-list-COOL-PODLOGE-ZA-FASADNE-MALTERE.pdf\" target=\"_blank\" rel=\"noopener\">FLET\u00cbPAJISJE P\u00cbR SIGURI<\/a><\/p>\n<\/div>\n<p>&nbsp;<\/p>\n<p>&nbsp;<\/p>\n","protected":false},"excerpt":{"rendered":"<p>P\u00cbRSHKRIM DHE P\u00cbRDORIMI COOL N\u00cbNFONDI P\u00cbR MALTER\u00cbT E FASADAVE p\u00ebrdoret p\u00ebr t\u00eb balancuar dhe neutralizuar sip\u00ebrfaqen para aplikimit t\u00eb COOL<\/p>\n","protected":false},"featured_media":31528,"template":"","meta":{"_monsterinsights_skip_tracking":false,"_monsterinsights_sitenote_active":false,"_monsterinsights_sitenote_note":"","_monsterinsights_sitenote_category":0},"product_brand":[],"product_cat":[542,532],"product_tag":[],"class_list":{"0":"post-41348","1":"product","2":"type-product","3":"status-publish","4":"has-post-thumbnail","6":"product_cat-impregnim","7":"product_cat-veshje-ndertimi","9":"first","10":"instock","11":"shipping-taxable","12":"product-type-simple"},"_links":{"self":[{"href":"https:\/\/nevenacolor.co.rs\/sq\/wp-json\/wp\/v2\/product\/41348","targetHints":{"allow":["GET"]}}],"collection":[{"href":"https:\/\/nevenacolor.co.rs\/sq\/wp-json\/wp\/v2\/product"}],"about":[{"href":"https:\/\/nevenacolor.co.rs\/sq\/wp-json\/wp\/v2\/types\/product"}],"version-history":[{"count":0,"href":"https:\/\/nevenacolor.co.rs\/sq\/wp-json\/wp\/v2\/product\/41348\/revisions"}],"wp:featuredmedia":[{"embeddable":true,"href":"https:\/\/nevenacolor.co.rs\/sq\/wp-json\/wp\/v2\/media\/31528"}],"wp:attachment":[{"href":"https:\/\/nevenacolor.co.rs\/sq\/wp-json\/wp\/v2\/media?parent=41348"}],"wp:term":[{"taxonomy":"product_brand","embeddable":true,"href":"https:\/\/nevenacolor.co.rs\/sq\/wp-json\/wp\/v2\/product_brand?post=41348"},{"taxonomy":"product_cat","embeddable":true,"href":"https:\/\/nevenacolor.co.rs\/sq\/wp-json\/wp\/v2\/product_cat?post=41348"},{"taxonomy":"product_tag","embeddable":true,"href":"https:\/\/nevenacolor.co.rs\/sq\/wp-json\/wp\/v2\/product_tag?post=41348"}],"curies":[{"name":"wp","href":"https:\/\/api.w.org\/{rel}","templated":true}]}}