{"id":41349,"date":"2024-05-28T10:09:11","date_gmt":"2024-05-28T10:09:11","guid":{"rendered":"https:\/\/nevenacolor.co.rs\/proizvod\/cool-lak-akrilik-per-gur\/"},"modified":"2024-05-28T10:09:11","modified_gmt":"2024-05-28T10:09:11","slug":"cool-lak-akrilik-per-gur","status":"publish","type":"product","link":"https:\/\/nevenacolor.co.rs\/sq\/proizvod\/cool-lak-akrilik-per-gur\/","title":{"rendered":"COOL LAK AKRILIK P\u00cbR GUR"},"content":{"rendered":"<h3><strong>P\u00cbRSHKRIM DHE P\u00cbRDORIMI<\/strong><\/h3>\n<p>Cool akrilik p\u00ebrmes I p\u00ebrmbrojtjes p\u00ebr gur \u00ebsht\u00eb nj\u00eb shtres\u00eb akrilike q\u00eb p\u00ebrdoret p\u00ebr mbrojtjen e gurit natyror dhe t\u00eb artificializuar, tulla fasade, tulla \u00e7atie dhe materialeve t\u00eb tjera t\u00eb ngjashme. P\u00ebrdoret p\u00ebr aplikime brenda dhe jasht\u00eb. <\/p>\n<h3><strong>UDH\u00cbZIME P\u00cbR P\u00cbRDORIM<\/strong><\/h3>\n<p>Aplikimi b\u00ebhet me pinc\u00eb, rull\u00eb ose pistol, n\u00eb dy shtresa. Tharja e par\u00eb zgjat 30 minuta dhe shtresa e dyt\u00eb aplikohet pas 2 or\u00ebsh. <\/p>\n<h3><strong>KONSUMI<\/strong><\/h3>\n<p>4-6 m\u00b2 n\u00eb nj\u00eb nan\u00ebs.<\/p>\n<h3><strong>PAKIMI<\/strong><\/h3>\n<p>0.75 l, 10 l dhe 20 l<\/p>\n<h3><strong>AFATI I P\u00cbRDORIMIT DHE RUHATJA<\/strong><\/h3>\n<p>36 muaj n\u00eb paketimin origjinal. Ruajeni n\u00eb temperatur\u00eb nga 5\u00b0 deri n\u00eb 25\u00b0C. <\/p>\n<h3><strong>DOKUMENTACIONI<\/strong><\/h3>\n<div class=\"dokumentacija\">\n<p><a class=\"dugmeproizvod\" href=\"https:\/\/nevenacolor.co.rs\/wp-content\/uploads\/2024\/12\/Tehnicka-dokumentacija-COOL-AKRILNI-LAK-ZA-KAMEN.pdf\" target=\"_blank\" rel=\"noopener\">DOKUMENTACIONI TEKNIK<\/a><\/p>\n<p><a class=\"dugmeproizvod\" href=\"https:\/\/nevenacolor.co.rs\/wp-content\/uploads\/2024\/12\/Bezbedonosni-list-COOL-AKRILNI-LAK-ZA-KAMEN.pdf\" target=\"_blank\" rel=\"noopener\">FLET\u00cbPAJISJE P\u00cbR SIGURI<\/a><\/p>\n<\/div>\n<p>&nbsp;<\/p>\n<p><iframe loading=\"lazy\" title=\"YouTube video player\" src=\"https:\/\/www.youtube.com\/embed\/Mxonqd58YQ0?si=66Aq2L_npMcFoqM0\" width=\"560\" height=\"315\" frameborder=\"0\" allowfullscreen=\"allowfullscreen\"><\/iframe><\/p>\n","protected":false},"excerpt":{"rendered":"<p>P\u00cbRSHKRIM DHE P\u00cbRDORIMI Cool akrilik p\u00ebrmes I p\u00ebrmbrojtjes p\u00ebr gur \u00ebsht\u00eb nj\u00eb shtres\u00eb akrilike q\u00eb p\u00ebrdoret p\u00ebr mbrojtjen e gurit<\/p>\n","protected":false},"featured_media":31720,"template":"","meta":{"_monsterinsights_skip_tracking":false,"_monsterinsights_sitenote_active":false,"_monsterinsights_sitenote_note":"","_monsterinsights_sitenote_category":0},"product_brand":[],"product_cat":[535,534,532],"product_tag":[],"class_list":{"0":"post-41349","1":"product","2":"type-product","3":"status-publish","4":"has-post-thumbnail","6":"product_cat-boje-akrilike-me-baze-tretes","7":"product_cat-boje-betoni","8":"product_cat-veshje-ndertimi","10":"first","11":"instock","12":"shipping-taxable","13":"product-type-simple"},"_links":{"self":[{"href":"https:\/\/nevenacolor.co.rs\/sq\/wp-json\/wp\/v2\/product\/41349","targetHints":{"allow":["GET"]}}],"collection":[{"href":"https:\/\/nevenacolor.co.rs\/sq\/wp-json\/wp\/v2\/product"}],"about":[{"href":"https:\/\/nevenacolor.co.rs\/sq\/wp-json\/wp\/v2\/types\/product"}],"version-history":[{"count":0,"href":"https:\/\/nevenacolor.co.rs\/sq\/wp-json\/wp\/v2\/product\/41349\/revisions"}],"wp:featuredmedia":[{"embeddable":true,"href":"https:\/\/nevenacolor.co.rs\/sq\/wp-json\/wp\/v2\/media\/31720"}],"wp:attachment":[{"href":"https:\/\/nevenacolor.co.rs\/sq\/wp-json\/wp\/v2\/media?parent=41349"}],"wp:term":[{"taxonomy":"product_brand","embeddable":true,"href":"https:\/\/nevenacolor.co.rs\/sq\/wp-json\/wp\/v2\/product_brand?post=41349"},{"taxonomy":"product_cat","embeddable":true,"href":"https:\/\/nevenacolor.co.rs\/sq\/wp-json\/wp\/v2\/product_cat?post=41349"},{"taxonomy":"product_tag","embeddable":true,"href":"https:\/\/nevenacolor.co.rs\/sq\/wp-json\/wp\/v2\/product_tag?post=41349"}],"curies":[{"name":"wp","href":"https:\/\/api.w.org\/{rel}","templated":true}]}}