{"id":41350,"date":"2024-05-28T10:46:21","date_gmt":"2024-05-28T10:46:21","guid":{"rendered":"https:\/\/nevenacolor.co.rs\/proizvod\/cool-professional-podloge-poliuretani\/"},"modified":"2024-05-28T10:46:21","modified_gmt":"2024-05-28T10:46:21","slug":"cool-professional-podloge-poliuretani","status":"publish","type":"product","link":"https:\/\/nevenacolor.co.rs\/sq\/proizvod\/cool-professional-podloge-poliuretani\/","title":{"rendered":"Cool Professional Podlog\u00eb Poliuretani"},"content":{"rendered":"<h3><strong>P\u00cbRSHKRIM DHE P\u00cbRDORIMI<\/strong><\/h3>\n<p class=\"docx_normalweb\">Baza poliuretani \u00ebsht\u00eb b\u00ebr\u00eb n\u00eb baz\u00eb t\u00eb lidh\u00ebsve alkid dhe nitroceluloz\u00ebs, tret\u00ebsve dhe aditiv\u00ebve t\u00eb p\u00ebrshtatsh\u00ebm. P\u00ebrdoret si baz\u00eb p\u00ebr t\u00eb gjitha llojet e parketeve, dyshemeve prej druri, mobiljeve t\u00eb sht\u00ebpis\u00eb etj. <\/p>\n<h3><strong>UDH\u00cbZIME P\u00cbR P\u00cbRDORIM<\/strong><\/h3>\n<p class=\"p1\">N\u00ebnshtresa aplikohet me fur\u00e7\u00eb, rul ose pistolet\u00eb n\u00eb nj\u00eb sip\u00ebrfaqe t\u00eb lyer me r\u00ebr\u00eb, t\u00eb that\u00eb, t\u00eb degdisur dhe t\u00eb pastruar m\u00eb par\u00eb. Aplikohet n\u00eb nj\u00eb ose dy shtresa me l\u00ebmim t\u00eb nd\u00ebrmjet\u00ebm. Nj\u00eb shtres\u00eb llak aplikohet n\u00eb baz\u00eb pas 12 or\u00ebsh. Holl\u00ebsi i ftoht\u00eb nitro p\u00ebrdoret p\u00ebr rrallimin dhe larjen e veglave.   <\/p>\n<h3><strong>KONSUMI<\/strong><\/h3>\n<p class=\"p1\">Nj\u00eb lit\u00ebr lak mund t\u00eb mbuloj\u00eb 8-10 m\u00b2.<\/p>\n<h3><strong>PAKIMI<\/strong><\/h3>\n<p class=\"p1\">0.75 l, 2.5 l i 20 l<\/p>\n<h3><strong>AFATI I P\u00cbRDORIMIT DHE RUHATJA<\/strong><\/h3>\n<p class=\"p1\">Cool Radijator Lak ka nj\u00eb afat p\u00ebrdorimi prej 36 muajsh nga data e shtypur n\u00eb ambalazh. Duhet t\u00eb ruhet n\u00eb ambalazh origjinal, t\u00eb mbyllur mir\u00eb dhe t\u00eb paprekur, n\u00eb nj\u00eb temperatur\u00eb prej +5\u00baC deri n\u00eb +25\u00baC. <\/p>\n<h3><strong>DOKUMENTACIONI<\/strong><\/h3>\n<div class=\"dokumentacija\">\n<p><a class=\"dugmeproizvod\" href=\"https:\/\/nevenacolor.co.rs\/wp-content\/uploads\/2024\/11\/Tehnicka-dokumentacija-poliuretanska.pdf\" target=\"_blank\" rel=\"noopener\">DOKUMENTACIONI TEKNIK<\/a><\/p>\n<p><a class=\"dugmeproizvod\" href=\"https:\/\/nevenacolor.co.rs\/wp-content\/uploads\/2024\/11\/Bezbedonosni-list-poliuretanska.pdf\" target=\"_blank\" rel=\"noopener\">FLET\u00cbPAJISJE P\u00cbR SIGURI<\/a><\/p>\n<p>&nbsp;<\/p>\n<\/div>\n","protected":false},"excerpt":{"rendered":"<p>P\u00cbRSHKRIM DHE P\u00cbRDORIMI Baza poliuretani \u00ebsht\u00eb b\u00ebr\u00eb n\u00eb baz\u00eb t\u00eb lidh\u00ebsve alkid dhe nitroceluloz\u00ebs, tret\u00ebsve dhe aditiv\u00ebve t\u00eb p\u00ebrshtatsh\u00ebm. P\u00ebrdoret<\/p>\n","protected":false},"featured_media":30485,"template":"","meta":{"_monsterinsights_skip_tracking":false,"_monsterinsights_sitenote_active":false,"_monsterinsights_sitenote_note":"","_monsterinsights_sitenote_category":0},"product_brand":[],"product_cat":[574,548],"product_tag":[],"class_list":{"0":"post-41350","1":"product","2":"type-product","3":"status-publish","4":"has-post-thumbnail","6":"product_cat-livar-per-parket","7":"product_cat-shtrese-per-drure","9":"first","10":"instock","11":"shipping-taxable","12":"product-type-simple"},"_links":{"self":[{"href":"https:\/\/nevenacolor.co.rs\/sq\/wp-json\/wp\/v2\/product\/41350","targetHints":{"allow":["GET"]}}],"collection":[{"href":"https:\/\/nevenacolor.co.rs\/sq\/wp-json\/wp\/v2\/product"}],"about":[{"href":"https:\/\/nevenacolor.co.rs\/sq\/wp-json\/wp\/v2\/types\/product"}],"version-history":[{"count":0,"href":"https:\/\/nevenacolor.co.rs\/sq\/wp-json\/wp\/v2\/product\/41350\/revisions"}],"wp:featuredmedia":[{"embeddable":true,"href":"https:\/\/nevenacolor.co.rs\/sq\/wp-json\/wp\/v2\/media\/30485"}],"wp:attachment":[{"href":"https:\/\/nevenacolor.co.rs\/sq\/wp-json\/wp\/v2\/media?parent=41350"}],"wp:term":[{"taxonomy":"product_brand","embeddable":true,"href":"https:\/\/nevenacolor.co.rs\/sq\/wp-json\/wp\/v2\/product_brand?post=41350"},{"taxonomy":"product_cat","embeddable":true,"href":"https:\/\/nevenacolor.co.rs\/sq\/wp-json\/wp\/v2\/product_cat?post=41350"},{"taxonomy":"product_tag","embeddable":true,"href":"https:\/\/nevenacolor.co.rs\/sq\/wp-json\/wp\/v2\/product_tag?post=41350"}],"curies":[{"name":"wp","href":"https:\/\/api.w.org\/{rel}","templated":true}]}}