{"id":41351,"date":"2024-05-28T10:46:01","date_gmt":"2024-05-28T10:46:01","guid":{"rendered":"https:\/\/nevenacolor.co.rs\/proizvod\/cool-professional-masa-per-mbushjen-e-hapesirave-te-parketit\/"},"modified":"2024-05-28T10:46:01","modified_gmt":"2024-05-28T10:46:01","slug":"cool-professional-masa-per-mbushjen-e-hapesirave-te-parketit","status":"publish","type":"product","link":"https:\/\/nevenacolor.co.rs\/sq\/proizvod\/cool-professional-masa-per-mbushjen-e-hapesirave-te-parketit\/","title":{"rendered":"Cool professional masa p\u00ebr mbushjen e hap\u00ebsirave t\u00eb parketit"},"content":{"rendered":"<h3><strong>P\u00cbRSHKRIM DHE P\u00cbRDORIMI<\/strong><\/h3>\n<p class=\"p1\">Llak i pa ngjyrosur, i cili n\u00eb kombinim me pluhurin e drurit krijon nj\u00eb mas\u00eb p\u00ebr mbushjen e fugeve. P\u00ebrdorimi i mas\u00ebs t\u00eb p\u00ebrgatitur jep efektin e nj\u00eb dyshemeje monolitike me nj\u00eb pamje t\u00eb shk\u00eblqyer vizuale, duke reduktuar k\u00ebshtu konsumimin e lakut. Ky produkt \u00ebsht\u00eb i destinuar p\u00ebr mbushjen e fugeve t\u00eb krijuara gjat\u00eb vendosjes s\u00eb parketit dhe p\u00ebr d\u00ebmtime t\u00eb vogla t\u00eb parketit. Masa e p\u00ebrgatitur aplikohet para lustrimit t\u00eb parketit.   <\/p>\n<h3><strong>UDH\u00cbZIME P\u00cbR P\u00cbRDORIM<\/strong><\/h3>\n<p class=\"p1\">N\u00eb mas\u00ebn p\u00ebr mbushjen e fugeve t\u00eb parketit, shtoni pluhurin e drurit nga hoblovimi i fundit, derisa t\u00eb krijohet nj\u00eb mas\u00eb e trash\u00eb (konsistenca e mas\u00ebs p\u00ebr mbushje), e cila aplikohet me spatul n\u00eb t\u00eb gjith\u00eb sip\u00ebrfaqen. Pasi t\u00eb thahet p\u00ebr 1-2 or\u00eb, parketi mund t\u00eb lustrtohet. <\/p>\n<h3><strong>KONSUMI<\/strong><\/h3>\n<p class=\"p1\">Me 1 kg llaku mund t\u00eb mbulohet rreth 8-10 m\u00b2 n\u00eb nj\u00eb shtres\u00eb.<\/p>\n<h3><strong>PAKIMI<\/strong><\/h3>\n<p class=\"p1\">0,9 kg<\/p>\n<h3><strong>AFATI I P\u00cbRDORIMIT DHE RUHATJA<\/strong><\/h3>\n<p class=\"p1\">Cool Radijator Lak ka nj\u00eb afat p\u00ebrdorimi prej 36 muajsh nga data e shtypur n\u00eb ambalazh. Duhet t\u00eb ruhet n\u00eb ambalazh origjinal, t\u00eb mbyllur mir\u00eb dhe t\u00eb paprekur, n\u00eb nj\u00eb temperatur\u00eb prej +5\u00baC deri n\u00eb +25\u00baC. <\/p>\n<h3><strong>DOKUMENTACIONI<\/strong><\/h3>\n<div class=\"dokumentacija\">\n<p><a class=\"dugmeproizvod\" href=\"https:\/\/nevenacolor.co.rs\/wp-content\/uploads\/2024\/11\/Tehnicka-dokumentacija-masa-za-fugovanje.pdf\" target=\"_blank\" rel=\"noopener\">DOKUMENTACIONI TEKNIK<\/a><\/p>\n<p><a class=\"dugmeproizvod\" href=\"https:\/\/nevenacolor.co.rs\/wp-content\/uploads\/2024\/11\/Bezbedonosni-list-masa-za-fugovanje.pdf\" target=\"_blank\" rel=\"noopener\">FLET\u00cbPAJISJE P\u00cbR SIGURI<\/a><\/p>\n<p>&nbsp;<\/p>\n<\/div>\n","protected":false},"excerpt":{"rendered":"<p>P\u00cbRSHKRIM DHE P\u00cbRDORIMI Llak i pa ngjyrosur, i cili n\u00eb kombinim me pluhurin e drurit krijon nj\u00eb mas\u00eb p\u00ebr mbushjen<\/p>\n","protected":false},"featured_media":30484,"template":"","meta":{"_monsterinsights_skip_tracking":false,"_monsterinsights_sitenote_active":false,"_monsterinsights_sitenote_note":"","_monsterinsights_sitenote_category":0},"product_brand":[],"product_cat":[574,548],"product_tag":[],"class_list":{"0":"post-41351","1":"product","2":"type-product","3":"status-publish","4":"has-post-thumbnail","6":"product_cat-livar-per-parket","7":"product_cat-shtrese-per-drure","9":"first","10":"instock","11":"shipping-taxable","12":"product-type-simple"},"_links":{"self":[{"href":"https:\/\/nevenacolor.co.rs\/sq\/wp-json\/wp\/v2\/product\/41351","targetHints":{"allow":["GET"]}}],"collection":[{"href":"https:\/\/nevenacolor.co.rs\/sq\/wp-json\/wp\/v2\/product"}],"about":[{"href":"https:\/\/nevenacolor.co.rs\/sq\/wp-json\/wp\/v2\/types\/product"}],"version-history":[{"count":0,"href":"https:\/\/nevenacolor.co.rs\/sq\/wp-json\/wp\/v2\/product\/41351\/revisions"}],"wp:featuredmedia":[{"embeddable":true,"href":"https:\/\/nevenacolor.co.rs\/sq\/wp-json\/wp\/v2\/media\/30484"}],"wp:attachment":[{"href":"https:\/\/nevenacolor.co.rs\/sq\/wp-json\/wp\/v2\/media?parent=41351"}],"wp:term":[{"taxonomy":"product_brand","embeddable":true,"href":"https:\/\/nevenacolor.co.rs\/sq\/wp-json\/wp\/v2\/product_brand?post=41351"},{"taxonomy":"product_cat","embeddable":true,"href":"https:\/\/nevenacolor.co.rs\/sq\/wp-json\/wp\/v2\/product_cat?post=41351"},{"taxonomy":"product_tag","embeddable":true,"href":"https:\/\/nevenacolor.co.rs\/sq\/wp-json\/wp\/v2\/product_tag?post=41351"}],"curies":[{"name":"wp","href":"https:\/\/api.w.org\/{rel}","templated":true}]}}