{"id":41352,"date":"2024-05-28T10:35:09","date_gmt":"2024-05-28T10:35:09","guid":{"rendered":"https:\/\/nevenacolor.co.rs\/proizvod\/cool-boja-baze-akrilike-per-drurin\/"},"modified":"2024-05-28T10:35:09","modified_gmt":"2024-05-28T10:35:09","slug":"cool-boja-baze-akrilike-per-drurin","status":"publish","type":"product","link":"https:\/\/nevenacolor.co.rs\/sq\/proizvod\/cool-boja-baze-akrilike-per-drurin\/","title":{"rendered":"Cool Boja Baz\u00eb Akrilike p\u00ebr Drurin"},"content":{"rendered":"<h3><strong>P\u00cbRSHKRIM DHE P\u00cbRDORIMI<\/strong><\/h3>\n<p class=\"p1\">Opsioni ekologjik p\u00ebr mbrojtjen dhe dekorimin e sip\u00ebrfaqeve t\u00eb drurit. Cool akrilni baz\u00eb p\u00ebr mbrojtjen e sip\u00ebrfaqeve t\u00eb drurit p\u00ebr p\u00ebrdorim t\u00eb brendsh\u00ebm dhe t\u00eb jasht\u00ebm. I b\u00ebr\u00eb nga lidh\u00ebs akrilik\u00eb, pigmente dhe aditiv\u00eb.  <\/p>\n<h3><strong>UDH\u00cbZIME P\u00cbR P\u00cbRDORIM<\/strong><\/h3>\n<p class=\"p1\">Aplikohen me brush\u00eb, rul, ose me sp\u00ebrkatje n\u00eb sip\u00ebrfaqe t\u00eb pastra, t\u00eb thata dhe t\u00eb \u00e7liruar nga yndyrnat. P\u00ebr hollim (5-10%) dhe pastrimin e mjeteve p\u00ebrdoret uji. <\/p>\n<h3><strong>KONSUMI<\/strong><\/h3>\n<p class=\"p1\">0,75 l<\/p>\n<h3><strong>PAKIMI<\/strong><\/h3>\n<p class=\"p1\">8-10 m\u00b2\/l n\u00eb nj\u00eb shtres\u00eb.<\/p>\n<h3><strong>AFATI I P\u00cbRDORIMIT DHE RUHATJA<\/strong><\/h3>\n<p class=\"p1\">18 muaj nga data e shtypur n\u00eb ambalazh\u00eb. Ruajeni n\u00eb ambalazhin origjinal, t\u00eb mbyllur mir\u00eb dhe t\u00eb paprekur, n\u00eb temperatur\u00eb nga +5\u00baC deri n\u00eb +25\u00baC. Nuk duhet t\u00eb ngrij\u00eb.<\/p>\n<h3><strong>DOKUMENTACIONI<\/strong><\/h3>\n<div class=\"dokumentacija\">\n<p><a class=\"dugmeproizvod\" href=\"https:\/\/nevenacolor.co.rs\/wp-content\/uploads\/2024\/11\/Tehnicka-dokumentacija-akrilna-osnovna.pdf\" target=\"_blank\" rel=\"noopener\">DOKUMENTACIONI TEKNIK<\/a><\/p>\n<p><a class=\"dugmeproizvod\" href=\"https:\/\/nevenacolor.co.rs\/wp-content\/uploads\/2024\/11\/Bezbedonosni-list-akrilnaosnovna.pdf\" target=\"_blank\" rel=\"noopener\">FLET\u00cbPAJISJE P\u00cbR SIGURI<\/a><\/p>\n<\/div>\n<p>&nbsp;<\/p>\n<p><iframe loading=\"lazy\" title=\"YouTube video player\" src=\"https:\/\/www.youtube.com\/embed\/xDNitckwFk0?si=rGEt3Y5yF42K2_F9\" width=\"560\" height=\"415\" frameborder=\"0\" allowfullscreen=\"allowfullscreen\"><\/iframe><\/p>\n","protected":false},"excerpt":{"rendered":"<p>P\u00cbRSHKRIM DHE P\u00cbRDORIMI Opsioni ekologjik p\u00ebr mbrojtjen dhe dekorimin e sip\u00ebrfaqeve t\u00eb drurit. Cool akrilni baz\u00eb p\u00ebr mbrojtjen e sip\u00ebrfaqeve<\/p>\n","protected":false},"featured_media":30547,"template":"","meta":{"_monsterinsights_skip_tracking":false,"_monsterinsights_sitenote_active":false,"_monsterinsights_sitenote_note":"","_monsterinsights_sitenote_category":0},"product_brand":[],"product_cat":[584,548,587],"product_tag":[],"class_list":{"0":"post-41352","1":"product","2":"type-product","3":"status-publish","4":"has-post-thumbnail","6":"product_cat-mbrojtja-themelore-e-drurit","7":"product_cat-shtrese-per-drure","8":"product_cat-veshje-akrilike-e-balancur-me-ujin-sq-6","10":"first","11":"instock","12":"shipping-taxable","13":"product-type-simple"},"_links":{"self":[{"href":"https:\/\/nevenacolor.co.rs\/sq\/wp-json\/wp\/v2\/product\/41352","targetHints":{"allow":["GET"]}}],"collection":[{"href":"https:\/\/nevenacolor.co.rs\/sq\/wp-json\/wp\/v2\/product"}],"about":[{"href":"https:\/\/nevenacolor.co.rs\/sq\/wp-json\/wp\/v2\/types\/product"}],"version-history":[{"count":0,"href":"https:\/\/nevenacolor.co.rs\/sq\/wp-json\/wp\/v2\/product\/41352\/revisions"}],"wp:featuredmedia":[{"embeddable":true,"href":"https:\/\/nevenacolor.co.rs\/sq\/wp-json\/wp\/v2\/media\/30547"}],"wp:attachment":[{"href":"https:\/\/nevenacolor.co.rs\/sq\/wp-json\/wp\/v2\/media?parent=41352"}],"wp:term":[{"taxonomy":"product_brand","embeddable":true,"href":"https:\/\/nevenacolor.co.rs\/sq\/wp-json\/wp\/v2\/product_brand?post=41352"},{"taxonomy":"product_cat","embeddable":true,"href":"https:\/\/nevenacolor.co.rs\/sq\/wp-json\/wp\/v2\/product_cat?post=41352"},{"taxonomy":"product_tag","embeddable":true,"href":"https:\/\/nevenacolor.co.rs\/sq\/wp-json\/wp\/v2\/product_tag?post=41352"}],"curies":[{"name":"wp","href":"https:\/\/api.w.org\/{rel}","templated":true}]}}