{"id":41353,"date":"2024-05-21T14:37:45","date_gmt":"2024-05-21T14:37:45","guid":{"rendered":"https:\/\/nevenacolor.co.rs\/proizvod\/cool-toner-2\/"},"modified":"2024-05-21T14:37:45","modified_gmt":"2024-05-21T14:37:45","slug":"cool-toner-2","status":"publish","type":"product","link":"https:\/\/nevenacolor.co.rs\/sq\/proizvod\/cool-toner-2\/","title":{"rendered":"Cool toner"},"content":{"rendered":"<h3><strong>P\u00cbRSHKRIM DHE P\u00cbRDORIMI<\/strong><\/h3>\n<p class=\"p1\">COOL TONER \u00ebsht\u00eb<span class=\"Apple-converted-space\">  <\/span>nj\u00eb p\u00ebrb\u00ebr\u00ebs<span class=\"Apple-converted-space\">  <\/span>i pasur<span class=\"Apple-converted-space\">  <\/span>p\u00ebr<span class=\"Apple-converted-space\">  <\/span>nuancimin<span class=\"Apple-converted-space\">  <\/span>e ngjyrave t\u00eb brendshme t\u00eb boj\u00ebs p\u00ebr mure deri n\u00eb nuanca pastel. \u00cbsht\u00eb <span class=\"Apple-converted-space\">  <\/span>prodhuar nga pigmente organike dhe joorganike t\u00eb cil\u00ebsis\u00eb s\u00eb lart\u00eb dhe aditiv\u00eb t\u00eb specializuar.<\/p>\n<h3><strong>UDH\u00cbZIME P\u00cbR P\u00cbRDORIM<\/strong><\/h3>\n<p class=\"p1\">Para<span class=\"Apple-converted-space\"> <\/span>p\u00ebrdorimit<span class=\"Apple-converted-space\">, <\/span>tundni<span class=\"Apple-converted-space\"> <\/span>mir\u00eb<span class=\"Apple-converted-space\"> <\/span>shishen. M\u00eb pas, p\u00ebrzihni sasin\u00eb e<span class=\"Apple-converted-space\"> <\/span>d\u00ebshiruar t\u00eb<span class=\"Apple-converted-space\"> <\/span>COOL TONER<span class=\"Apple-converted-space\"> <\/span>me<span class=\"Apple-converted-space\"> <\/span>dor\u00eb ose me nj\u00eb<span class=\"Apple-converted-space\"> <\/span>mikser<span class=\"Apple-converted-space\"> <\/span>elektrik n\u00eb boj\u00ebn dispersiune. Pasi ta p\u00ebrdorni, pastroni mjetet menj\u00ebher\u00eb me uj\u00eb.<\/p>\n<h3><strong>PAKIMI<\/strong><\/h3>\n<p class=\"p1\">100 ml<\/p>\n<h3><strong>AFATI I P\u00cbRDORIMIT DHE RUHATJA<\/strong><\/h3>\n<p class=\"p1\"><span class=\"s1\">18 muaj nga data e shtypur n\u00eb paketim. Ruani n\u00eb paketimin origjinal, <span class=\"Apple-converted-space\">  <\/span>t\u00eb mbyllur mir\u00eb dhe t\u00eb paprekur n\u00eb kushte t\u00eb paprekura, n\u00eb temperatur\u00eb nga +5\u00baC deri n\u00eb +25\u00baC.<\/span>.<\/p>\n<p class=\"p1\"><span class=\"s1\">V\u00cbREJTJE:<\/span> <span class=\"s2\">Nuk duhet t\u00eb ftohet!<\/span><\/p>\n<h3><strong>NGJYRAT<\/strong><\/h3>\n<p class=\"p1\">E verdh\u00eb, kajsi, pjeshk\u00eb, ok\u00ebr, e kuqe, vjollc\u00eb, kafe, blu, jeshile dhe e zez\u00eb<\/p>\n<h3><strong>DOKUMENTACIONI<\/strong><\/h3>\n<div class=\"dokumentacija\">\n<p><a class=\"dugmeproizvod\" href=\"https:\/\/nevenacolor.co.rs\/wp-content\/uploads\/2024\/12\/Tehnicka-dokumentacija-toner.pdf\" target=\"_blank\" rel=\"noopener\">DOKUMENTACIONI TEKNIK<\/a><\/p>\n<p><a class=\"dugmeproizvod\" href=\"https:\/\/nevenacolor.co.rs\/wp-content\/uploads\/2024\/12\/Bezedonosni-list-toner.pdf\" target=\"_blank\" rel=\"noopener\">FLET\u00cbPAJISJE P\u00cbR SIGURI<\/a><\/p>\n<\/div>\n<p>&nbsp;<\/p>\n","protected":false},"excerpt":{"rendered":"<p>P\u00cbRSHKRIM DHE P\u00cbRDORIMI COOL TONER \u00ebsht\u00eb nj\u00eb p\u00ebrb\u00ebr\u00ebs i pasur p\u00ebr nuancimin e ngjyrave t\u00eb brendshme t\u00eb boj\u00ebs p\u00ebr mure<\/p>\n","protected":false},"featured_media":31688,"template":"","meta":{"_monsterinsights_skip_tracking":false,"_monsterinsights_sitenote_active":false,"_monsterinsights_sitenote_note":"","_monsterinsights_sitenote_category":0},"product_brand":[],"product_cat":[546],"product_tag":[],"class_list":{"0":"post-41353","1":"product","2":"type-product","3":"status-publish","4":"has-post-thumbnail","6":"product_cat-mjet-per-njersim","8":"first","9":"instock","10":"shipping-taxable","11":"product-type-simple"},"_links":{"self":[{"href":"https:\/\/nevenacolor.co.rs\/sq\/wp-json\/wp\/v2\/product\/41353","targetHints":{"allow":["GET"]}}],"collection":[{"href":"https:\/\/nevenacolor.co.rs\/sq\/wp-json\/wp\/v2\/product"}],"about":[{"href":"https:\/\/nevenacolor.co.rs\/sq\/wp-json\/wp\/v2\/types\/product"}],"version-history":[{"count":0,"href":"https:\/\/nevenacolor.co.rs\/sq\/wp-json\/wp\/v2\/product\/41353\/revisions"}],"wp:featuredmedia":[{"embeddable":true,"href":"https:\/\/nevenacolor.co.rs\/sq\/wp-json\/wp\/v2\/media\/31688"}],"wp:attachment":[{"href":"https:\/\/nevenacolor.co.rs\/sq\/wp-json\/wp\/v2\/media?parent=41353"}],"wp:term":[{"taxonomy":"product_brand","embeddable":true,"href":"https:\/\/nevenacolor.co.rs\/sq\/wp-json\/wp\/v2\/product_brand?post=41353"},{"taxonomy":"product_cat","embeddable":true,"href":"https:\/\/nevenacolor.co.rs\/sq\/wp-json\/wp\/v2\/product_cat?post=41353"},{"taxonomy":"product_tag","embeddable":true,"href":"https:\/\/nevenacolor.co.rs\/sq\/wp-json\/wp\/v2\/product_tag?post=41353"}],"curies":[{"name":"wp","href":"https:\/\/api.w.org\/{rel}","templated":true}]}}