{"id":41355,"date":"2024-05-21T14:29:41","date_gmt":"2024-05-21T14:29:41","guid":{"rendered":"https:\/\/nevenacolor.co.rs\/proizvod\/cool-suva-fasade-strukture-e-lemuar-z-strukture-e-ferkuar-r\/"},"modified":"2026-03-05T14:19:15","modified_gmt":"2026-03-05T14:19:15","slug":"cool-suva-fasade-strukture-e-lemuar-z-strukture-e-ferkuar-r","status":"publish","type":"product","link":"https:\/\/nevenacolor.co.rs\/sq\/proizvod\/cool-suva-fasade-strukture-e-lemuar-z-strukture-e-ferkuar-r\/","title":{"rendered":"COOL SUVA FASAD\u00cb &#8211; STRUKTUR\u00cb E L\u00cbMUAR Z \/ STRUKTUR\u00cb E F\u00cbRKUAR R"},"content":{"rendered":"<h3><strong>P\u00cbRSHKRIM DHE P\u00cbRDORIMI<\/strong><\/h3>\n<p class=\"p1\"><b>COOL SUVA FASAD\u00cb &#8211; STRUKTUR\u00cb E L\u00cbMUAR Z \/ STRUKTUR\u00cb E F\u00cbRKUAR R<\/b> \u00ebsht\u00eb nj\u00eb lla\u00e7 dekorativ n\u00eb gjendje pastoze i prodhuar n\u00eb baz\u00eb t\u00eb emulsioneve akrilike me cil\u00ebsi t\u00eb lart\u00eb, aditiv\u00ebve special\u00eb, pigment\u00ebve dhe mbush\u00ebsve mineral\u00eb. \u00cbsht\u00eb i destinuar p\u00ebr mbrojtjen dhe dekorimin e sip\u00ebrfaqeve t\u00eb jashtme t\u00eb mureve t\u00eb fasad\u00ebs. Karakterizohet nga ngjitja e mir\u00eb n\u00eb sip\u00ebrfaqe, p\u00ebrpunueshm\u00ebri e shk\u00eblqyeshme, fort\u00ebsi e lart\u00eb dhe rezistenc\u00eb ndaj ujit. \u00cbsht\u00eb rezistent ndaj ndikimeve atmosferike dhe rrezatimit UV.<\/p>\n<p class=\"p1\"><b>COOL LLAKU FASADIK &#8211; STRUKTUR\u00cb E L\u00cbMUAR Z<\/b> prodhohet n\u00eb tre granulacione t\u00eb ndryshme: 1 mm, 1.5 mm dhe 2 mm.<\/p>\n<p class=\"p1\"><b>COOL LLAKU FASADIK \u2013 STRUKTUR\u00cb E G\u00cbRRYER R<\/b> prodhohet n\u00eb dy granulacione t\u00eb ndryshme: 1.5 mm dhe 2 mm.<\/p>\n<h3><strong>UDH\u00cbZIME P\u00cbR P\u00cbRDORIM<\/strong><\/h3>\n<p class=\"p1\"><b>P\u00cbRGATITJA E SIP\u00cbRFAQES: <\/b><\/p>\n<p class=\"p1\">Sip\u00ebrfaqja mbi t\u00eb cil\u00ebn aplikohet COOL suva fasad\u00eb duhet t\u00eb jet\u00eb e q\u00ebndrueshme, e that\u00eb, pa pjes\u00eb t\u00eb dob\u00ebta t\u00eb lidhura, pa njolla yndyre, krip\u00ebra t\u00eb tretshme n\u00eb uj\u00eb dhe papast\u00ebrti t\u00eb tjera q\u00eb mund t\u00eb ndikojn\u00eb negativisht n\u00eb aderimin e lla\u00e7it n\u00eb sip\u00ebrfaqe. Sip\u00ebrfaqe t\u00eb p\u00ebrshtatshme jan\u00eb t\u00eb gjitha ato nga lla\u00e7et g\u00eblqerore, \u00e7imentoje dhe g\u00eblqere-\u00e7imentoje (t\u00eb vjetra s\u00eb paku 28 dit\u00eb), shtresat p\u00ebrfundimtare t\u00eb sistemeve termoizoluese (t\u00eb vjetra s\u00eb paku 7 dit\u00eb), sip\u00ebrfaqe betoni (t\u00eb vjetra s\u00eb paku 28 dit\u00eb). Lla\u00e7i p\u00ebr fasad\u00eb aplikohet n\u00eb temperatur\u00eb prej +20\u00b0C dhe lag\u00ebshti relative t\u00eb ajrit prej 60%. Temperaturat m\u00eb t\u00eb ul\u00ebta dhe lag\u00ebshtia m\u00eb e lart\u00eb relative zgjasin koh\u00ebn e tharjes s\u00eb lla\u00e7it.<\/p>\n<p class=\"p1\">Para aplikimit t\u00eb suvas\u00eb dekorative COOL p\u00ebr fasad\u00eb me struktur\u00eb t\u00eb l\u00ebmuar Z, sip\u00ebrfaqja duhet t\u00eb grundizohet me astar akrilik COOL n\u00eb nj\u00eb nuanc\u00eb t\u00eb p\u00ebraf\u00ebrt me at\u00eb t\u00eb suvas\u00eb.<\/p>\n<p class=\"p1\">N\u00ebse b\u00ebhet p\u00ebrgatitja e nj\u00eb sip\u00ebrfaqeje minerale p\u00ebr aplikimin e suvas\u00eb fasadike COOL me struktur\u00eb t\u00eb g\u00ebrryer R, at\u00ebher\u00eb sip\u00ebrfaqja fillimisht grundizohet me astarin p\u00ebr fasada COOL. Vet\u00eb astari mund t\u00eb tonifikohet n\u00eb nj\u00eb nuanc\u00eb t\u00eb p\u00ebraf\u00ebrt me at\u00eb t\u00eb suvas\u00eb s\u00eb g\u00ebrryer R.<\/p>\n<p class=\"p1\">Koha e tharjes s\u00eb astarit para aplikimit t\u00eb suvas\u00eb fasadike \u00ebsht\u00eb 6-8 or\u00eb.<\/p>\n<p class=\"p1\"><b>UDH\u00cbZIMET E PUN\u00cbS: <\/b><\/p>\n<p class=\"p1\">P\u00ebrpara p\u00ebrdorimit, COOL fasadni malter duhet t\u00eb p\u00ebrzihet mir\u00eb me nj\u00eb mikser elektrik manual dhe m\u00eb pas, n\u00ebse \u00ebsht\u00eb e nevojshme, t\u00eb holloset me nj\u00eb sasi t\u00eb vog\u00ebl uji (rreth 1%). Rregullimi i m\u00ebvonsh\u00ebm i COOL fasadni malterit nuk \u00ebsht\u00eb i lejuar.<\/p>\n<p class=\"p1\">Para p\u00ebrdorimit, \u00ebsht\u00eb e domosdoshme t\u00eb kontrollohet nuanca dhe m\u00eb pas t\u00eb b\u00ebhet p\u00ebrgatitja e sasis\u00eb p\u00ebrkat\u00ebse t\u00eb malterit q\u00eb \u00ebsht\u00eb e p\u00ebrshtatshme p\u00ebr sip\u00ebrfaqen e fasad\u00ebs q\u00eb po punohet.<\/p>\n<p class=\"p1\">COOL malteri fasad\u00eb aplikohet me nj\u00eb gletaric\u00eb \u00e7eliku, t\u00eb pasur me nj\u00eb shtres\u00eb n\u00eb trash\u00ebsin\u00eb e grimc\u00ebs m\u00eb t\u00eb madhe. Pasi disa minuta nga aplikimi, mund t\u00eb kaloni n\u00eb p\u00ebrpunimin e malterit fasad\u00eb me nj\u00eb gletaric\u00eb plastike.<\/p>\n<p class=\"p1\">P\u00ebr COOL fasadni malter me struktur\u00eb Z, p\u00ebrpunimi b\u00ebhet me l\u00ebvizje rrethore.<\/p>\n<p class=\"p1\">P\u00ebr COOL fasadni malter me struktur\u00eb R, zaribimi realizohet me l\u00ebvizje rrethore, vertikale ose horizontale, derisa t\u00eb arrihet nj\u00eb pamje dekorative e barabart\u00eb e sip\u00ebrfaqes.<\/p>\n<p class=\"p1\">\u00cbsht\u00eb e nevojshme t\u00eb punoni n\u00eb m\u00ebnyr\u00eb t\u00eb barabart\u00eb dhe pa nd\u00ebrprerje n\u00eb sip\u00ebrfaqet e mureve t\u00eb vazhdueshme, p\u00ebr t\u00eb shmangur pabarazit\u00eb dhe jouniformitetin.<\/p>\n<p class=\"p1\">COOL fasadni malter \u00ebsht\u00eb i that\u00eb n\u00eb kontakt pas 6 or\u00ebsh. Pas 24 or\u00ebsh, fasadni malter \u00ebsht\u00eb plot\u00ebsisht i thar\u00eb dhe arrin q\u00ebndrueshm\u00ebri ndaj reshjeve.<\/p>\n<p class=\"p1\">Pas p\u00ebrdorimit, pastroni menj\u00ebher\u00eb veglat me uj\u00eb.<\/p>\n<p class=\"p1\"><b>MIR\u00cbMBAJTJA: <\/b><\/p>\n<p class=\"p1\">COOL malteri fasad\u00eb nuk k\u00ebrkojn\u00eb mir\u00ebmbajtje speciale. Rekomandohet pastrimi i rregullt i sip\u00ebrfaqes p\u00ebr t\u00eb larguar pluhurin. Papast\u00ebrtit\u00eb mund t\u00eb hiqen me uj\u00eb t\u00eb ngroht\u00eb dhe detergjent. Pas k\u00ebsaj, sip\u00ebrfaqja duhet shp\u00eblar\u00eb me uj\u00eb t\u00eb past\u00ebr. N\u00eb rast se njollat nuk mund t\u00eb hiqen me p\u00ebrdorimin e nj\u00eb fur\u00e7e t\u00eb but\u00eb, rekomandohet shp\u00eblarja me uj\u00eb t\u00eb past\u00ebr. N\u00ebse njolla ende \u00ebsht\u00eb e pranishme n\u00eb sip\u00ebrfaqen e ndotur, ajo duhet t\u00eb sprajtohet me boj\u00eb t\u00eb p\u00ebrshtatshme p\u00ebr sip\u00ebrfaqe fasadash t\u00eb jashtme. Mos p\u00ebrdorni mjete abrazuese p\u00ebr pastrim.<\/p>\n<h3><strong>KONSUMI<\/strong><\/h3>\n<table class=\"t1\" cellspacing=\"0\" cellpadding=\"0\">\n<tbody>\n<tr>\n<td class=\"td1\" valign=\"top\">\n<p class=\"p2\"><b>KONSUMI:<\/b><\/p>\n<\/td>\n<td class=\"td2\" valign=\"top\">\n<p class=\"p2\">1 mm<\/p>\n<\/td>\n<td class=\"td3\" valign=\"top\">\n<p class=\"p2\">1,5 mm<\/p>\n<\/td>\n<td class=\"td4\" valign=\"top\">\n<p class=\"p2\">2 mm<\/p>\n<\/td>\n<\/tr>\n<tr>\n<td class=\"td1\" valign=\"top\">\n<p class=\"p2\">COOL suva fasad\u00eb <b>Z<\/b>, kg\/m<span class=\"s1\"><sup>\u00b2<\/sup><\/span><\/p>\n<\/td>\n<td class=\"td2\" valign=\"top\">\n<p class=\"p2\">2.5-3<\/p>\n<\/td>\n<td class=\"td3\" valign=\"top\">\n<p class=\"p2\">3-4<\/p>\n<\/td>\n<td class=\"td4\" valign=\"top\">\n<p class=\"p2\">3-4<\/p>\n<\/td>\n<\/tr>\n<tr>\n<td class=\"td5\" valign=\"top\">\n<p class=\"p2\">COOL suva fasad\u00eb <b>R<\/b>, kg\/m\u00b2<\/p>\n<\/td>\n<td class=\"td6\" valign=\"top\"><\/td>\n<td class=\"td7\" valign=\"top\">\n<p class=\"p2\">3-4<\/p>\n<\/td>\n<td class=\"td8\" valign=\"top\">\n<p class=\"p2\">3-4<\/p>\n<\/td>\n<\/tr>\n<\/tbody>\n<\/table>\n<h3><strong>PAKIMI<\/strong><\/h3>\n<p>25\u043a\u0433<\/p>\n<h3><strong>AFATI I P\u00cbRDORIMIT DHE RUHATJA<\/strong><\/h3>\n<p>18 muaj ruajeni n\u00eb ambalazh origjinal, t\u00eb mbyllur mir\u00eb dhe t\u00eb paprekur, n\u00eb temperatur\u00eb nga +5\u00baC deri n\u00eb +25\u00baC.<\/p>\n<h3><strong>TEMPERATURA E PUN\u00cbS<\/strong><\/h3>\n<p>Temperatura optimale e pun\u00ebs \u00ebsht\u00eb nga +10 deri n\u00eb +30\u00b0C. Mos punoni n\u00eb diellin e drejtp\u00ebrdrejt\u00eb, mjegull, er\u00eb dhe shi.<\/p>\n<h3><strong>DOKUMENTACIONI<\/strong><\/h3>\n<div class=\"dokumentacija\">\n<p><a class=\"dugmeproizvod\" href=\"https:\/\/nevenacolor.co.rs\/wp-content\/uploads\/2024\/10\/Tehnicka-dokumentacija-fasadni-malterpdf.pdf\" target=\"_blank\" rel=\"noopener\">DOKUMENTACIONI TEKNIK<\/a><\/p>\n<p><a class=\"dugmeproizvod\" href=\"https:\/\/nevenacolor.co.rs\/wp-content\/uploads\/2024\/10\/Bezbedonosni-list-fasadni-malter.pdf\" target=\"_blank\" rel=\"noopener\">FLET\u00cbPAJISJE P\u00cbR SIGURI<\/a><\/p>\n<\/div>\n<p>&nbsp;<\/p>\n","protected":false},"excerpt":{"rendered":"<p>P\u00cbRSHKRIM DHE P\u00cbRDORIMI COOL SUVA FASAD\u00cb &#8211; STRUKTUR\u00cb E L\u00cbMUAR Z \/ STRUKTUR\u00cb E F\u00cbRKUAR R \u00ebsht\u00eb nj\u00eb lla\u00e7 dekorativ<\/p>\n","protected":false},"featured_media":41005,"template":"","meta":{"_monsterinsights_skip_tracking":false,"_monsterinsights_sitenote_active":false,"_monsterinsights_sitenote_note":"","_monsterinsights_sitenote_category":0},"product_brand":[],"product_cat":[539,532],"product_tag":[],"class_list":{"0":"post-41355","1":"product","2":"type-product","3":"status-publish","4":"has-post-thumbnail","6":"product_cat-suvatim-dekorativ","7":"product_cat-veshje-ndertimi","9":"first","10":"instock","11":"shipping-taxable","12":"product-type-simple"},"_links":{"self":[{"href":"https:\/\/nevenacolor.co.rs\/sq\/wp-json\/wp\/v2\/product\/41355","targetHints":{"allow":["GET"]}}],"collection":[{"href":"https:\/\/nevenacolor.co.rs\/sq\/wp-json\/wp\/v2\/product"}],"about":[{"href":"https:\/\/nevenacolor.co.rs\/sq\/wp-json\/wp\/v2\/types\/product"}],"version-history":[{"count":1,"href":"https:\/\/nevenacolor.co.rs\/sq\/wp-json\/wp\/v2\/product\/41355\/revisions"}],"predecessor-version":[{"id":42879,"href":"https:\/\/nevenacolor.co.rs\/sq\/wp-json\/wp\/v2\/product\/41355\/revisions\/42879"}],"wp:featuredmedia":[{"embeddable":true,"href":"https:\/\/nevenacolor.co.rs\/sq\/wp-json\/wp\/v2\/media\/41005"}],"wp:attachment":[{"href":"https:\/\/nevenacolor.co.rs\/sq\/wp-json\/wp\/v2\/media?parent=41355"}],"wp:term":[{"taxonomy":"product_brand","embeddable":true,"href":"https:\/\/nevenacolor.co.rs\/sq\/wp-json\/wp\/v2\/product_brand?post=41355"},{"taxonomy":"product_cat","embeddable":true,"href":"https:\/\/nevenacolor.co.rs\/sq\/wp-json\/wp\/v2\/product_cat?post=41355"},{"taxonomy":"product_tag","embeddable":true,"href":"https:\/\/nevenacolor.co.rs\/sq\/wp-json\/wp\/v2\/product_tag?post=41355"}],"curies":[{"name":"wp","href":"https:\/\/api.w.org\/{rel}","templated":true}]}}