{"id":41356,"date":"2024-05-21T14:19:14","date_gmt":"2024-05-21T14:19:14","guid":{"rendered":"https:\/\/nevenacolor.co.rs\/proizvod\/cool-super-elastik-ngjites-per-stiropor-stirodur-vune-minerale-dhe-forcim\/"},"modified":"2024-05-21T14:19:14","modified_gmt":"2024-05-21T14:19:14","slug":"cool-super-elastik-ngjites-per-stiropor-stirodur-vune-minerale-dhe-forcim","status":"publish","type":"product","link":"https:\/\/nevenacolor.co.rs\/sq\/proizvod\/cool-super-elastik-ngjites-per-stiropor-stirodur-vune-minerale-dhe-forcim\/","title":{"rendered":"COOL SUPER ELASTIK ngjit\u00ebs p\u00ebr stiropor, stirodur, vun\u00eb minerale dhe forcim"},"content":{"rendered":"<h3><strong>P\u00cbRSHKRIM DHE P\u00cbRDORIMI<\/strong><\/h3>\n<p>COOL SUPER ELASTIK \u00ebsht\u00eb ngjit\u00ebs i krijuar mbi baz\u00ebn e polimereve, \u00e7imentos dhe aditiv\u00ebve special\u00eb p\u00ebr ngjitjen dhe forcimin e pllakatave izoluese t\u00eb nxeht\u00ebsis\u00eb nga: stiropori, stirodura, vuna minerale n\u00eb sip\u00ebrfaqe minerale.<br \/>P\u00ebrgatitja e sip\u00ebrfaqes: Sip\u00ebrfaqet nga betoni t\u00eb pakt\u00ebn 2 muaj t\u00eb vjet\u00ebr, tullat, lla\u00e7i i zgjeruar, gipsi, saloniti etj., duhet t\u00eb jen\u00eb t\u00eb sheshta, t\u00eb forta, t\u00eb thata, t\u00eb pastra dhe t\u00eb mos jen\u00eb t\u00eb ngrira.<br \/>P\u00ebrgatitja e mas\u00ebs: P\u00ebrzierja e p\u00ebrmbajtjes s\u00eb \u00e7ant\u00ebs prej 25 kg me rreth 6 &#8211; 6,5 litra uj\u00eb, me dor\u00eb ose me makin\u00eb p\u00ebrzier\u00ebse, derisa masa t\u00eb b\u00ebhet homogjene. L\u00ebni p\u00ebrzierjen t\u00eb pushoj\u00eb p\u00ebr rreth 10 minuta dhe pastaj p\u00ebrziejeni p\u00ebrs\u00ebri.<\/p>\n<h3><strong>UDH\u00cbZIME P\u00cbR P\u00cbRDORIM<\/strong><\/h3>\n<p>COOL SUPER ELASTIK ngjit\u00ebsi aplikohet n\u00eb m\u00ebnyr\u00eb strikto n\u00eb an\u00ebt e pllakave me shirit dhe n\u00eb pika (3-5) n\u00eb mes t\u00eb pllakave, pastaj pllaka shtypet mbi sip\u00ebrfaqen e p\u00ebrgatitur me nj\u00eb mb\u00ebshtetje prej 10 mm. \u00cbsht\u00eb e rekomanduar q\u00eb pllakat e stiroporit t\u00eb ngjiten me t\u00eb pakt\u00ebn 6 fij\u00ebza p\u00ebr m\u00b2. Sip\u00ebrfaqja e mbuluar e pllak\u00ebs me ngjit\u00ebs duhet t\u00eb jet\u00eb m\u00eb shum\u00eb se 40%.<br \/>P\u00ebrpunimi: Pas ngjitjes s\u00eb pllakatave (pas 2 dit\u00ebsh), COOL SUPER ELASTIK ngjit\u00ebs aplikohet me shpatull metalike n\u00eb nj\u00eb trash\u00ebsi prej 2-3 mm me mb\u00ebshtetje prej 10 mm. L\u00ebreni q\u00eb shtresa t\u00eb thahet p\u00ebr 48 or\u00eb (n\u00eb kushte normale), pastaj p\u00ebrpunoni p\u00ebrfundimisht me malter dekorativ. Trash\u00ebsia totale e shtres\u00ebs s\u00eb ngjit\u00ebsit t\u00eb aplikuar nuk duhet t\u00eb kaloj\u00eb 4 mm.<br \/>Temperatura optimale e pun\u00ebs \u00ebsht\u00eb nga +5\u00b0C deri n\u00eb +30\u00b0C.      <\/p>\n<h3><strong>KONSUMI<\/strong><\/h3>\n<p>Ngjitje: stiropor 3,0-4,0 kg\/m\u00b2; nga 4-5 kg \u200b\u200b\/ m\u00b2 EPS; nga 6-7 kg \/ m\u00b2 p\u00ebr MV dhe p\u00ebrforcim.<\/p>\n<h3><strong>PAKIMI<\/strong><\/h3>\n<p>25 kg<\/p>\n<h3><strong>AFATI I P\u00cbRDORIMIT DHE RUHATJA<\/strong><\/h3>\n<p>P\u00ebrmbajtja e Cr (VI) t\u00eb tretsh\u00ebm n\u00eb produkt \u00ebsht\u00eb m\u00eb e vog\u00ebl se 0,0002% brenda periudh\u00ebs dhe kushteve t\u00eb ruajtjes q\u00eb p\u00ebrcakton prodhuesi. Duhet t\u00eb ruhet p\u00ebr t\u00eb pakt\u00ebn 12 muaj n\u00eb paketim t\u00eb mbyllur nga fabrika, n\u00eb ambiente t\u00eb thata dhe t\u00eb ventiluara, n\u00eb temperatur\u00eb nga +5\u00b0C deri n\u00eb +30\u00b0C. <\/p>\n<h3><strong>DOKUMENTACIONI<\/strong><\/h3>\n<div class=\"dokumentacija\">\n<p><a class=\"dugmeproizvod\" href=\"https:\/\/nevenacolor.co.rs\/wp-content\/uploads\/2024\/10\/Tehnicka-dokumentacija-super-elastik.pdf\" target=\"_blank\" rel=\"noopener\">DOKUMENTACIONI TEKNIK<\/a><\/p>\n<p><a class=\"dugmeproizvod\" href=\"https:\/\/nevenacolor.co.rs\/wp-content\/uploads\/2024\/10\/Bezbednosni-list-super-elastik.pdf\" target=\"_blank\" rel=\"noopener\">FLET\u00cbPAJISJE P\u00cbR SIGURI<\/a><\/p>\n<\/div>\n<p>&nbsp;<\/p>\n<p>&nbsp;<\/p>\n","protected":false},"excerpt":{"rendered":"<p>P\u00cbRSHKRIM DHE P\u00cbRDORIMI COOL SUPER ELASTIK \u00ebsht\u00eb ngjit\u00ebs i krijuar mbi baz\u00ebn e polimereve, \u00e7imentos dhe aditiv\u00ebve special\u00eb p\u00ebr ngjitjen<\/p>\n","protected":false},"featured_media":29860,"template":"","meta":{"_monsterinsights_skip_tracking":false,"_monsterinsights_sitenote_active":false,"_monsterinsights_sitenote_note":"","_monsterinsights_sitenote_category":0},"product_brand":[],"product_cat":[543,532],"product_tag":[],"class_list":{"0":"post-41356","1":"product","2":"type-product","3":"status-publish","4":"has-post-thumbnail","6":"product_cat-ngjites-per-fasade","7":"product_cat-veshje-ndertimi","9":"first","10":"instock","11":"shipping-taxable","12":"product-type-simple"},"_links":{"self":[{"href":"https:\/\/nevenacolor.co.rs\/sq\/wp-json\/wp\/v2\/product\/41356","targetHints":{"allow":["GET"]}}],"collection":[{"href":"https:\/\/nevenacolor.co.rs\/sq\/wp-json\/wp\/v2\/product"}],"about":[{"href":"https:\/\/nevenacolor.co.rs\/sq\/wp-json\/wp\/v2\/types\/product"}],"version-history":[{"count":0,"href":"https:\/\/nevenacolor.co.rs\/sq\/wp-json\/wp\/v2\/product\/41356\/revisions"}],"wp:featuredmedia":[{"embeddable":true,"href":"https:\/\/nevenacolor.co.rs\/sq\/wp-json\/wp\/v2\/media\/29860"}],"wp:attachment":[{"href":"https:\/\/nevenacolor.co.rs\/sq\/wp-json\/wp\/v2\/media?parent=41356"}],"wp:term":[{"taxonomy":"product_brand","embeddable":true,"href":"https:\/\/nevenacolor.co.rs\/sq\/wp-json\/wp\/v2\/product_brand?post=41356"},{"taxonomy":"product_cat","embeddable":true,"href":"https:\/\/nevenacolor.co.rs\/sq\/wp-json\/wp\/v2\/product_cat?post=41356"},{"taxonomy":"product_tag","embeddable":true,"href":"https:\/\/nevenacolor.co.rs\/sq\/wp-json\/wp\/v2\/product_tag?post=41356"}],"curies":[{"name":"wp","href":"https:\/\/api.w.org\/{rel}","templated":true}]}}