{"id":41357,"date":"2024-05-21T14:15:38","date_gmt":"2024-05-21T14:15:38","guid":{"rendered":"https:\/\/nevenacolor.co.rs\/proizvod\/cool-016-lepak-per-ploka-keramike-c2tes1\/"},"modified":"2024-05-21T14:15:38","modified_gmt":"2024-05-21T14:15:38","slug":"cool-016-lepak-per-ploka-keramike-c2tes1","status":"publish","type":"product","link":"https:\/\/nevenacolor.co.rs\/sq\/proizvod\/cool-016-lepak-per-ploka-keramike-c2tes1\/","title":{"rendered":"COOL 016 LEPAK P\u00cbR PLOKA KERAMIKE C2TES1"},"content":{"rendered":"<h3><strong>P\u00cbRSHKRIM DHE P\u00cbRDORIMI<\/strong><\/h3>\n<p>COOL 016 Lepak p\u00ebr pllaka keramik\u00eb \u00ebsht\u00eb ngjit\u00ebs elastic i prodhuar n\u00eb baz\u00eb t\u00eb lidh\u00ebsve hidraulik\u00eb, polimera sintetik\u00eb, aditivash t\u00eb ve\u00e7ant\u00eb dhe mbush\u00ebsish t\u00eb zgjedhur posa\u00e7\u00ebrisht. \u00cbsht\u00eb i destinuar p\u00ebr p\u00ebrdorim t\u00eb jasht\u00ebm dhe t\u00eb brendsh\u00ebm, p\u00ebr ngjitjen e pllaka mbi pllaka, p\u00ebr ngjitjen e keramik\u00ebs mbi sip\u00ebrfaqe t\u00eb forta, mure, dysheme dhe fasada (t\u00eb b\u00ebra nga lla\u00e7 i bazuar n\u00eb \u00e7imento, kalk dhe beton). <\/p>\n<h3><strong>UDH\u00cbZIME P\u00cbR P\u00cbRDORIM<\/strong><\/h3>\n<p>Sip\u00ebrfaqja ku do t\u00eb vendosen pllakat keramik\u00eb duhet t\u00eb jet\u00eb e fort\u00eb, e that\u00eb, e past\u00ebr, e pa ngrir\u00eb, mbajt\u00ebse, pa yndyrna dhe kripra. Sip\u00ebrfaqet e pasura duhet t\u00eb rregullohen. P\u00ebr sip\u00ebrfaqet thith\u00ebse, para aplikimit t\u00eb ngjit\u00ebsit, sip\u00ebrfaqet duhet t\u00eb grundohen patjet\u00ebr me **COOL akrilin n\u00eb baz\u00eb t\u00eb n\u00ebnshtrimit. P\u00ebr rregullimin e tualeteve t\u00eb vjetra ose pllaka p\u00ebrdoret COOL NC 016 impiant   <\/p>\n<p>P\u00ebrgatitja e mas\u00ebs: P\u00ebrmbajtja e \u00e7ant\u00ebs prej 25 kg duhet t\u00eb p\u00ebrzihet me rreth 7 litra uj\u00eb, duke p\u00ebrdorur nj\u00eb mikser elektrik ose dor\u00eb, deri sa masa t\u00eb b\u00ebhet homogjene dhe pa kokrra. Pluhuri duhet shtuar ngadal\u00eb duke vazhduar p\u00ebrzierjen. Lejoni q\u00eb p\u00ebrzierja t\u00eb pushoj\u00eb p\u00ebr rreth 10 minuta, pastaj p\u00ebrziejeni intensivisht dhe, n\u00ebse \u00ebsht\u00eb e nevojshme, shtoni uj\u00eb deri sa t\u00eb arrini konsistenc\u00ebn e duhur t\u00eb ngjit\u00ebsit. Ngjit\u00ebsi i p\u00ebrgatitur duhet t\u00eb shfryt\u00ebzohet brenda 2-3 or\u00ebve.    <\/p>\n<p class=\"p1\"><b>M\u00cbNYRA E APLIKIMIT:<\/b><\/p>\n<p class=\"p1\">COOL 016 Ngjit\u00ebsi p\u00ebr pllaka keramike aplikohet me shpatull me gishta t\u00eb thyer. Fillimisht, me an\u00ebn e drejt\u00eb t\u00eb shpatull\u00ebs aplikohet ngjit\u00ebsi, pastaj shtresa e aplikuar shp\u00ebrndahet me an\u00ebn e gishta t\u00eb thyer t\u00eb shpatull\u00ebs me thell\u00ebsi gishti prej 4-6 mm kur ngjiten pllaka me p\u00ebrmasa normale 10-20 cm. P\u00ebr ngjitjen e pllakatave me dimensione m\u00eb t\u00eb m\u00ebdha, p\u00ebrdoret mjeti me thell\u00ebsi gishti m\u00eb t\u00eb madhe. Sip\u00ebrfaqja e mbuluar me ngjit\u00ebs n\u00eb pllaka duhet t\u00eb jet\u00eb t\u00eb pakt\u00ebn 65%. Hap\u00ebsirat-fugat mes pllakatave t\u00eb murit mbushen pas 24 or\u00ebsh, nd\u00ebrsa ato t\u00eb dyshemes\u00eb pas 48 or\u00ebsh, me mas\u00eb p\u00ebr fugim COOL. Koha e hapur e ngjit\u00ebsit t\u00eb aplikuar n\u00eb kushte normale (23\u00b0C dhe lag\u00ebshtia relative e ajrit 60%) \u00ebsht\u00eb 30 minuta. Pllakatat e p\u00ebrthithshme dhe pllakatat standarde duhet t\u00eb p\u00ebrmbyten n\u00eb uj\u00eb para ngjitjes. Temperatura optimale e pun\u00ebs gjat\u00eb instalimit t\u00eb pllakatave duhet t\u00eb jet\u00eb n\u00eb intervalin +5\u00b0C deri n\u00eb +30\u00b0C. Lag\u00ebshtia e lart\u00eb dhe temperaturat e ul\u00ebta e zgjasin koh\u00ebn e tharjes dhe ngurt\u00ebsimit t\u00eb ngjit\u00ebsit. Pikat e dilatacionit duhet t\u00eb mbushen me mastik elastik t\u00eb p\u00ebrhersh\u00ebm. Koha e tharjes nga ngarkesa e leht\u00eb deri n\u00eb ngarkes\u00ebn e plot\u00eb \u00ebsht\u00eb nga 24 or\u00eb deri n\u00eb 8 dit\u00eb.          <\/p>\n<p class=\"p1\">Pasi t\u00eb vendoset pllaka, mjeti duhet t\u00eb lahet menj\u00ebher\u00eb me uj\u00eb.<\/p>\n<h3><strong>KONSUMI<\/strong><\/h3>\n<p>2.5-4.0 kg\/m<span class=\"s1\"><sup>\u00b2<\/sup><\/span> (varet nga cil\u00ebsia e baz\u00ebs, pllakat, teknika dhe trash\u00ebsia e nan\u00ebs).<\/p>\n<h3><strong>PAKIMI<\/strong><\/h3>\n<p>25 kg<\/p>\n<h3><strong>AFATI I P\u00cbRDORIMIT DHE RUHATJA<\/strong><\/h3>\n<p>12 muaj t\u00eb ruhet n\u00eb ambalazh origjinal, mir\u00eb t\u00eb mbyllur dhe t\u00eb pad\u00ebmtuar, n\u00eb temperatur\u00eb nga +5\u00baC deri n\u00eb +25\u00baC.<\/p>\n<h3><strong>DOKUMENTACIONI<\/strong><\/h3>\n<div class=\"dokumentacija\">\n<p><a class=\"dugmeproizvod\" href=\"https:\/\/nevenacolor.co.rs\/wp-content\/uploads\/2024\/10\/Tehnicka-dokumentacija.pdf\" target=\"_blank\" rel=\"noopener\">DOKUMENTACIONI TEKNIK<\/a><\/p>\n<p><a class=\"dugmeproizvod\" href=\"https:\/\/nevenacolor.co.rs\/wp-content\/uploads\/2024\/10\/Bezbedonosni-list.pdf\" target=\"_blank\" rel=\"noopener\">FLET\u00cbPAJISJE P\u00cbR SIGURI<\/a><\/p>\n<\/div>\n<p>&nbsp;<\/p>\n<p><iframe loading=\"lazy\" title=\"YouTube video player\" src=\"https:\/\/www.youtube.com\/embed\/rFXcVp5s2gc?si=oUTOltGkf311LsBG\" width=\"560\" height=\"415\" frameborder=\"0\" allowfullscreen=\"allowfullscreen\"><\/iframe><\/p>\n","protected":false},"excerpt":{"rendered":"<p>P\u00cbRSHKRIM DHE P\u00cbRDORIMI COOL 016 Lepak p\u00ebr pllaka keramik\u00eb \u00ebsht\u00eb ngjit\u00ebs elastic i prodhuar n\u00eb baz\u00eb t\u00eb lidh\u00ebsve hidraulik\u00eb, polimera<\/p>\n","protected":false},"featured_media":29498,"template":"","meta":{"_monsterinsights_skip_tracking":false,"_monsterinsights_sitenote_active":false,"_monsterinsights_sitenote_note":"","_monsterinsights_sitenote_category":0},"product_brand":[],"product_cat":[544,532],"product_tag":[],"class_list":{"0":"post-41357","1":"product","2":"type-product","3":"status-publish","4":"has-post-thumbnail","6":"product_cat-ngjites-per-vendosjen-e-plakave-qeramike","7":"product_cat-veshje-ndertimi","9":"first","10":"instock","11":"shipping-taxable","12":"product-type-simple"},"_links":{"self":[{"href":"https:\/\/nevenacolor.co.rs\/sq\/wp-json\/wp\/v2\/product\/41357","targetHints":{"allow":["GET"]}}],"collection":[{"href":"https:\/\/nevenacolor.co.rs\/sq\/wp-json\/wp\/v2\/product"}],"about":[{"href":"https:\/\/nevenacolor.co.rs\/sq\/wp-json\/wp\/v2\/types\/product"}],"version-history":[{"count":0,"href":"https:\/\/nevenacolor.co.rs\/sq\/wp-json\/wp\/v2\/product\/41357\/revisions"}],"wp:featuredmedia":[{"embeddable":true,"href":"https:\/\/nevenacolor.co.rs\/sq\/wp-json\/wp\/v2\/media\/29498"}],"wp:attachment":[{"href":"https:\/\/nevenacolor.co.rs\/sq\/wp-json\/wp\/v2\/media?parent=41357"}],"wp:term":[{"taxonomy":"product_brand","embeddable":true,"href":"https:\/\/nevenacolor.co.rs\/sq\/wp-json\/wp\/v2\/product_brand?post=41357"},{"taxonomy":"product_cat","embeddable":true,"href":"https:\/\/nevenacolor.co.rs\/sq\/wp-json\/wp\/v2\/product_cat?post=41357"},{"taxonomy":"product_tag","embeddable":true,"href":"https:\/\/nevenacolor.co.rs\/sq\/wp-json\/wp\/v2\/product_tag?post=41357"}],"curies":[{"name":"wp","href":"https:\/\/api.w.org\/{rel}","templated":true}]}}