{"id":41358,"date":"2024-05-21T14:13:05","date_gmt":"2024-05-21T14:13:05","guid":{"rendered":"https:\/\/nevenacolor.co.rs\/proizvod\/cool-011-lepak-per-pllakeza-keramike-c2te\/"},"modified":"2024-05-21T14:13:05","modified_gmt":"2024-05-21T14:13:05","slug":"cool-011-lepak-per-pllakeza-keramike-c2te","status":"publish","type":"product","link":"https:\/\/nevenacolor.co.rs\/sq\/proizvod\/cool-011-lepak-per-pllakeza-keramike-c2te\/","title":{"rendered":"COOL 011 Lepak p\u00ebr pllak\u00ebza keramike C2TE"},"content":{"rendered":"<h3><strong>P\u00cbRSHKRIM DHE P\u00cbRDORIMI<\/strong><\/h3>\n<p>COOL 011 ngjit\u00ebs p\u00ebr pllakata keramik\u00eb \u00ebsht\u00eb i formuluar mbi baz\u00ebn e lidh\u00ebsve hidraulik\u00eb, polimera sintetik\u00eb, aditiv\u00ebve t\u00eb ve\u00e7ant\u00eb dhe mbush\u00ebsve t\u00eb zgjedhur ve\u00e7an\u00ebrisht. Ky ngjit\u00ebs \u00ebsht\u00eb i destinuar p\u00ebr p\u00ebrdorim t\u00eb brendsh\u00ebm, p\u00ebr ngjitjen e pllakave jo-absorbuesh\u00ebm mbi sip\u00ebrfaqe t\u00eb forta muri dhe dyshemeje t\u00eb b\u00ebra nga lla\u00e7\u00eb me baz\u00eb cimenti, g\u00eblqere dhe beton, me forc\u00eb t\u00eb lart\u00eb dhe ngjitje t\u00eb mir\u00eb. <\/p>\n<h3><strong>UDH\u00cbZIME P\u00cbR P\u00cbRDORIM<\/strong><\/h3>\n<p class=\"p1\">Shtresa ku vendosen pllakat qeramike duhet t\u00eb jet\u00eb e fort\u00eb, e that\u00eb, e past\u00ebr, jo e ngrir\u00eb, mbajt\u00ebse, pa yndyr\u00eb dhe krip\u00ebra. Sip\u00ebrfaqet e pabarabarta duhet t\u00eb rregullohen. P\u00ebr sip\u00ebrfaqet thith\u00ebse, poroze, beton, para aplikimit t\u00eb ngjit\u00ebsit, sip\u00ebrfaqet duhet t\u00eb trajtohen me COOL IMPREGNIM (sipas rekomandimit t\u00eb prodhuesit).  <\/p>\n<p class=\"p1\"><b>P\u00ebrgatitja e mas\u00ebs:<\/b><\/p>\n<p class=\"p1\">P\u00ebrmbajtjen e thesit prej 25 kg p\u00ebrzieni me rreth 6,5 &#8211; 7 litra uj\u00eb, manualisht ose me mikser elektrik, derisa masa t\u00eb b\u00ebhet homogjene, pa kokrra. Shtoni pluhurin ngadal\u00eb dhe me p\u00ebrzierje t\u00eb vazhdueshme. Lini mas\u00ebn t\u00eb pushoj\u00eb p\u00ebr rreth 10 minuta dhe p\u00ebrzieni p\u00ebrs\u00ebri intensivisht, dhe n\u00ebse \u00ebsht\u00eb e nevojshme, shtoni uj\u00eb deri n\u00eb konsistenc\u00ebn e duhur t\u00eb ngjit\u00ebsit. P\u00ebrzierja e p\u00ebrgatitur duhet t\u00eb shfryt\u00ebzohet brenda 2-3 or\u00ebve, n\u00eb var\u00ebsi t\u00eb kushteve t\u00eb pun\u00ebs.    <\/p>\n<p class=\"p1\"><b>M\u00ebnyra e aplikimit:<\/b><\/p>\n<p class=\"p1\">COOL 011 ngjit\u00ebsi p\u00ebr pllaka keramik\u00eb aplikohet me gril\u00eb gletarice. Fillimisht, ngjit\u00ebsi aplikohet me an\u00ebn e shesht\u00eb t\u00eb gletaric\u00ebs, dhe pastaj masa e aplikuar shtrihet me an\u00ebn e thell\u00eb t\u00eb gletaric\u00ebs me nj\u00eb thell\u00ebsi prej 4 deri n\u00eb 6 mm kur ngjiten pllaka me p\u00ebrmasa normale nga 10 deri n\u00eb 20 cm. P\u00ebr ngjitjen e pllaka me p\u00ebrmasa m\u00eb t\u00eb m\u00ebdha, p\u00ebrdoret mjet me thell\u00ebsi m\u00eb t\u00eb madhe t\u00eb dh\u00ebmb\u00ebve. Sip\u00ebrfaqja e pllakes e mbuluar me ngjit\u00ebs duhet t\u00eb jet\u00eb t\u00eb pakt\u00ebn 65%. Hap\u00ebsirat &#8211; fugat midis pllaka t\u00eb murit pas 24 or\u00ebve, dhe t\u00eb dyshemes\u00eb pas 48 or\u00ebve, duhet t\u00eb mbushen me COOL mas\u00eb p\u00ebr fugim. Koha e hapur e ngjit\u00ebsit t\u00eb aplikuar n\u00eb kushte normale (23\u00b0C dhe lag\u00ebshti relative 60%) \u00ebsht\u00eb 30 minuta. Para ngjitjes, pllakat      <span class=\"Apple-converted-space\">  <\/span>keramike q\u00eb thithin duhet t\u00eb p\u00ebrmbyten n\u00eb uj\u00eb. Temperatura optimale e pun\u00ebs gjat\u00eb vendosjes s\u00eb pllaka duhet t\u00eb jet\u00eb n\u00eb intervalin nga +5\u00b0C deri n\u00eb +30\u00b0C. Lag\u00ebshti e lart\u00eb dhe temperatura t\u00eb ul\u00ebta i zgjasin koh\u00ebn e tharjes s\u00eb ngjit\u00ebsit. Bashk\u00ebtia t\u00eb dilatacioneve duhet t\u00eb mbushen me kit elastik t\u00eb p\u00ebrhersh\u00ebm. Koh\u00eb tharje nga ngarkesa e leht\u00eb deri n\u00eb ngarkes\u00ebn e plot\u00eb \u00ebsht\u00eb nga 24 or\u00eb deri n\u00eb 8 dit\u00eb. Pas vendosjes s\u00eb pllaka, mjetet duhet t\u00eb lahen menj\u00ebher\u00eb me uj\u00eb.     <\/p>\n<h3><strong>KONSUMI<\/strong><\/h3>\n<p>Ngjitja: 2.5-4.0 kg\/m<span class=\"s1\"><sup>\u00b2<\/sup><\/span> n\u00eb var\u00ebsi t\u00eb cil\u00ebsis\u00eb s\u00eb n\u00ebnkat\u00ebs, pllaka, teknik\u00ebs dhe trash\u00ebsis\u00eb s\u00eb shtres\u00ebs.<\/p>\n<h3><strong>PAKIMI<\/strong><\/h3>\n<p>25 kg<\/p>\n<h3><strong>AFATI I P\u00cbRDORIMIT DHE RUHATJA<\/strong><\/h3>\n<p>P\u00ebr nj\u00eb periudh\u00eb minimumi 12 muaj nga data e prodhimit, n\u00eb ambalazhin e mbyllur nga fabrika, n\u00eb hap\u00ebsira t\u00eb thata dhe t\u00eb ventiluara, n\u00eb temperatur\u00eb nga +5\u00b0C deri n\u00eb +30\u00b0C.<\/p>\n<h3><strong>DOKUMENTACIONI<\/strong><\/h3>\n<div class=\"dokumentacija\">\n<p><a class=\"dugmeproizvod\" href=\"https:\/\/nevenacolor.co.rs\/wp-content\/uploads\/2024\/12\/Tehnicka-dokumentacija-lepak11.pdf\" target=\"_blank\" rel=\"noopener\">DOKUMENTACIONI TEKNIK<\/a><\/p>\n<p><a class=\"dugmeproizvod\" href=\"https:\/\/nevenacolor.co.rs\/wp-content\/uploads\/2024\/10\/Bezbedonosni-list-1.pdf\" target=\"_blank\" rel=\"noopener\">FLET\u00cbPAJISJE P\u00cbR SIGURI<\/a><\/p>\n<\/div>\n<p>&nbsp;<\/p>\n<p><iframe loading=\"lazy\" title=\"YouTube video player\" src=\"https:\/\/www.youtube.com\/embed\/rFXcVp5s2gc?si=6OCuwBUA0idlpDja\" width=\"560\" height=\"315\" frameborder=\"0\" allowfullscreen=\"allowfullscreen\"><\/iframe><\/p>\n","protected":false},"excerpt":{"rendered":"<p>P\u00cbRSHKRIM DHE P\u00cbRDORIMI COOL 011 ngjit\u00ebs p\u00ebr pllakata keramik\u00eb \u00ebsht\u00eb i formuluar mbi baz\u00ebn e lidh\u00ebsve hidraulik\u00eb, polimera sintetik\u00eb, aditiv\u00ebve<\/p>\n","protected":false},"featured_media":29712,"template":"","meta":{"_monsterinsights_skip_tracking":false,"_monsterinsights_sitenote_active":false,"_monsterinsights_sitenote_note":"","_monsterinsights_sitenote_category":0},"product_brand":[],"product_cat":[544,532],"product_tag":[],"class_list":{"0":"post-41358","1":"product","2":"type-product","3":"status-publish","4":"has-post-thumbnail","6":"product_cat-ngjites-per-vendosjen-e-plakave-qeramike","7":"product_cat-veshje-ndertimi","9":"first","10":"instock","11":"featured","12":"shipping-taxable","13":"product-type-simple"},"_links":{"self":[{"href":"https:\/\/nevenacolor.co.rs\/sq\/wp-json\/wp\/v2\/product\/41358","targetHints":{"allow":["GET"]}}],"collection":[{"href":"https:\/\/nevenacolor.co.rs\/sq\/wp-json\/wp\/v2\/product"}],"about":[{"href":"https:\/\/nevenacolor.co.rs\/sq\/wp-json\/wp\/v2\/types\/product"}],"version-history":[{"count":0,"href":"https:\/\/nevenacolor.co.rs\/sq\/wp-json\/wp\/v2\/product\/41358\/revisions"}],"wp:featuredmedia":[{"embeddable":true,"href":"https:\/\/nevenacolor.co.rs\/sq\/wp-json\/wp\/v2\/media\/29712"}],"wp:attachment":[{"href":"https:\/\/nevenacolor.co.rs\/sq\/wp-json\/wp\/v2\/media?parent=41358"}],"wp:term":[{"taxonomy":"product_brand","embeddable":true,"href":"https:\/\/nevenacolor.co.rs\/sq\/wp-json\/wp\/v2\/product_brand?post=41358"},{"taxonomy":"product_cat","embeddable":true,"href":"https:\/\/nevenacolor.co.rs\/sq\/wp-json\/wp\/v2\/product_cat?post=41358"},{"taxonomy":"product_tag","embeddable":true,"href":"https:\/\/nevenacolor.co.rs\/sq\/wp-json\/wp\/v2\/product_tag?post=41358"}],"curies":[{"name":"wp","href":"https:\/\/api.w.org\/{rel}","templated":true}]}}