{"id":41617,"date":"2025-06-05T13:24:38","date_gmt":"2025-06-05T13:24:38","guid":{"rendered":"https:\/\/nevenacolor.co.rs\/proizvod\/nevenalux-lak-emalj\/"},"modified":"2025-10-02T12:52:15","modified_gmt":"2025-10-02T12:52:15","slug":"nevenalux-lak-emalj","status":"publish","type":"product","link":"https:\/\/nevenacolor.co.rs\/sq\/proizvod\/nevenalux-lak-emalj\/","title":{"rendered":"NEVENALUX Llaku me Emajl"},"content":{"rendered":"<h3><strong>T\u00cb DH\u00cbNA T\u00cb P\u00cbRGJITHSHME DHE Q\u00cbLLIMI:<\/strong><\/h3>\n<p class=\"p1\">Nevenalux lak emalj \u00ebsht\u00eb nj\u00eb material nj\u00ebkomponent\u00ebsh p\u00ebr lyerje, i bazuar n\u00eb lidh\u00ebs alkid t\u00eb cil\u00ebsis\u00eb s\u00eb lart\u00eb, pigmente organike dhe inorganike, tret\u00ebs dhe aditiv\u00eb p\u00ebrkat\u00ebs. P\u00ebrdoret p\u00ebr mbrojtje dekorative t\u00eb llojeve t\u00eb ndryshme t\u00eb sip\u00ebrfaqeve (metal, dru), p\u00ebr p\u00ebrdorim t\u00eb brendsh\u00ebm dhe t\u00eb jasht\u00ebm. <\/p>\n<h3><strong>UDH\u00cbZIME P\u00cbR PUN\u00cb<\/strong><\/h3>\n<p class=\"p1\">Aplikohet me fur\u00e7\u00eb, rulo ose me sp\u00ebrkatje n\u00eb dy shtresa. Sip\u00ebrfaqja ku do t\u00eb aplikohet duhet t\u00eb jet\u00eb e that\u00eb, e past\u00ebr, pa pluhur dhe pa yndyr\u00eb.  P\u00ebr hollim dhe pastrim t\u00eb veglave p\u00ebrdoret Tret\u00ebs Vajor.<\/p>\n<h3><strong>KONSUMI<\/strong><\/h3>\n<p>8\u201310 m\u00b2\/l p\u00ebr nj\u00eb shtres\u00eb.<\/p>\n<h3><strong>AMBALAZHIMI<\/strong><\/h3>\n<p class=\"p1\">0.2 l, 0.75 l, 2.5 l, 20 l<\/p>\n<h3><strong>AFATI I P\u00cbRDORIMIT DHE RUAJTJA<\/strong><\/h3>\n<p class=\"p1\">36 muaj nga data e shtypur n\u00eb paketim. T\u00eb ruhet n\u00eb ambalazhin origjinal, mir\u00eb t\u00eb mbyllur dhe t\u00eb pad\u00ebmtuar n\u00eb temperatur\u00eb nga +5\u00baC deri n\u00eb +25\u00baC. <\/p>\n<h3><strong data-start=\"891\" data-end=\"903\">NUANCAT<\/strong><\/h3>\n<p>RAL 9010, RAL 9005, RAL 9006, RAL 7016, RAL 7001, RAL 8017, RAL 8007, RAL 6005, RAL 6001, RAL 3000, RAL 5005, RAL 1018, Portokalli, Oker<\/p>\n<h3><strong>DOKUMENTACIONI<\/strong><\/h3>\n<div class=\"dokumentacija\">\n<p><a class=\"dugmeproizvod\" href=\"https:\/\/nevenacolor.co.rs\/wp-content\/uploads\/2025\/06\/Tehnicka-dokumentacija-1.pdf\" target=\"_blank\" rel=\"noopener\">DOKUMENTACIONI TEKNIK<\/a><\/p>\n<p><a class=\"dugmeproizvod\" href=\"https:\/\/nevenacolor.co.rs\/wp-content\/uploads\/2025\/06\/Bezbedonosni-list.pdf\" target=\"_blank\" rel=\"noopener\">FLETA E SIGURIS\u00cb<\/a><\/p>\n<\/div>\n<p>&nbsp;<\/p>\n<p><iframe loading=\"lazy\" title=\"YouTube video player\" src=\"https:\/\/www.youtube.com\/embed\/pX25fwFHLn4?si=TQMZGwIdtJlbGN7G\" width=\"560\" height=\"415\" frameborder=\"0\" allowfullscreen=\"allowfullscreen\" data-mce-fragment=\"1\"><span data-mce-type=\"bookmark\" style=\"display: inline-block; width: 0px; overflow: hidden; line-height: 0;\" class=\"mce_SELRES_start\"><\/span><\/iframe><\/p>\n","protected":false},"excerpt":{"rendered":"<h3><strong>KARTELA TONE<\/strong><\/h3>\n[elementor-template id=\"42649\"]\n<div><a class=\"tonkarta\" href=\"#nevenaluxemajllak-tonkarta\" rel=\"noopener\"><img decoding=\"async\" src=\"https:\/\/nevenacolor.co.rs\/wp-content\/uploads\/2024\/06\/pantone-color-scheme.png\" width=\"40px\"> KARTELA TONE<\/a><\/div>\n","protected":false},"featured_media":41573,"template":"","meta":{"_monsterinsights_skip_tracking":false,"_monsterinsights_sitenote_active":false,"_monsterinsights_sitenote_note":"","_monsterinsights_sitenote_category":0},"product_brand":[],"product_cat":[569,562,573],"product_tag":[],"class_list":{"0":"post-41617","1":"product","2":"type-product","3":"status-publish","4":"has-post-thumbnail","6":"product_cat-boje-mbarimi-per-metal","7":"product_cat-shtrese-per-metal","8":"product_cat-veshje-alkidi-me-baze-vaj-sq","10":"first","11":"instock","12":"shipping-taxable","13":"product-type-simple"},"_links":{"self":[{"href":"https:\/\/nevenacolor.co.rs\/sq\/wp-json\/wp\/v2\/product\/41617","targetHints":{"allow":["GET"]}}],"collection":[{"href":"https:\/\/nevenacolor.co.rs\/sq\/wp-json\/wp\/v2\/product"}],"about":[{"href":"https:\/\/nevenacolor.co.rs\/sq\/wp-json\/wp\/v2\/types\/product"}],"version-history":[{"count":4,"href":"https:\/\/nevenacolor.co.rs\/sq\/wp-json\/wp\/v2\/product\/41617\/revisions"}],"predecessor-version":[{"id":42759,"href":"https:\/\/nevenacolor.co.rs\/sq\/wp-json\/wp\/v2\/product\/41617\/revisions\/42759"}],"wp:featuredmedia":[{"embeddable":true,"href":"https:\/\/nevenacolor.co.rs\/sq\/wp-json\/wp\/v2\/media\/41573"}],"wp:attachment":[{"href":"https:\/\/nevenacolor.co.rs\/sq\/wp-json\/wp\/v2\/media?parent=41617"}],"wp:term":[{"taxonomy":"product_brand","embeddable":true,"href":"https:\/\/nevenacolor.co.rs\/sq\/wp-json\/wp\/v2\/product_brand?post=41617"},{"taxonomy":"product_cat","embeddable":true,"href":"https:\/\/nevenacolor.co.rs\/sq\/wp-json\/wp\/v2\/product_cat?post=41617"},{"taxonomy":"product_tag","embeddable":true,"href":"https:\/\/nevenacolor.co.rs\/sq\/wp-json\/wp\/v2\/product_tag?post=41617"}],"curies":[{"name":"wp","href":"https:\/\/api.w.org\/{rel}","templated":true}]}}