{"id":41620,"date":"2025-06-05T13:59:58","date_gmt":"2025-06-05T13:59:58","guid":{"rendered":"https:\/\/nevenacolor.co.rs\/?post_type=product&#038;p=41620"},"modified":"2025-06-09T11:28:04","modified_gmt":"2025-06-09T11:28:04","slug":"nevenalux-lak-emalj-%d0%ba%d0%be%d0%bf%d0%b8%d1%80%d0%b0%d1%98","status":"publish","type":"product","link":"https:\/\/nevenacolor.co.rs\/sq\/proizvod\/nevenalux-lak-emalj-%d0%ba%d0%be%d0%bf%d0%b8%d1%80%d0%b0%d1%98\/","title":{"rendered":"NEVENALUX Llaku p\u00ebr Radiator\u00eb"},"content":{"rendered":"<h3><strong>T\u00cb DH\u00cbNA T\u00cb P\u00cbRGJITHSHME DHE Q\u00cbLLIMI:<\/strong><\/h3>\n<p class=\"p1\">Nevenalux Lak p\u00ebr Radiator\u00eb \u00ebsht\u00eb nj\u00eb material nj\u00ebkomponent\u00ebsh p\u00ebr lyerje, i bazuar n\u00eb lidh\u00ebs alkid t\u00eb cil\u00ebsis\u00eb s\u00eb lart\u00eb, pigmente organike dhe inorganike, tret\u00ebs dhe aditiv\u00eb p\u00ebrkat\u00ebs. P\u00ebrdoret p\u00ebr mbrojtje dekorative t\u00eb radiator\u00ebve. P\u00ebrballon temperatur\u00ebn q\u00eb arrin radiatori (80\u00b0C \u2013 120\u00b0C).  <\/p>\n<h3><strong>UDH\u00cbZIME P\u00cbR PUN\u00cb<\/strong><\/h3>\n<p class=\"p1\">Aplikohet n\u00eb nj\u00eb ose dy shtresa me fur\u00e7\u00eb, rul, sp\u00ebrkatje ose zhytje. Shtresa tjet\u00ebr aplikohet pas 12 or\u00ebsh. <br data-start=\"571\" data-end=\"574\">P\u00ebr hollim dhe pastrim t\u00eb veglave p\u00ebrdoret Tret\u00ebs Vajor.<\/p>\n<h3><strong>KONSUMI<\/strong><\/h3>\n<p>Me 1 lit\u00ebr boj\u00eb mund t\u00eb lyhen 8\u201310 m\u00b2 n\u00eb nj\u00eb shtres\u00eb.<\/p>\n<h3><strong>AMBALAZHIMI<\/strong><\/h3>\n<p class=\"p1\">0.75 l, 20 l<\/p>\n<h3><strong>AFATI I P\u00cbRDORIMIT DHE RUAJTJA<\/strong><\/h3>\n<p class=\"p1\">36 muaj nga data e shtypur n\u00eb ambalazh. T\u00eb ruhet n\u00eb paketimin origjinal, mir\u00eb t\u00eb mbyllur dhe t\u00eb pad\u00ebmtuar, n\u00eb temperatur\u00eb nga +5\u00baC deri n\u00eb +25\u00baC. <\/p>\n<p>&nbsp;<\/p>\n<h3><strong>DOKUMENTACIONI<\/strong><\/h3>\n<div class=\"dokumentacija\">\n<p><a class=\"dugmeproizvod\" href=\"https:\/\/nevenacolor.co.rs\/wp-content\/uploads\/2025\/06\/Tehnicka-dokumentacija-2.pdf\" target=\"_blank\" rel=\"noopener\">DOKUMENTACIONI TEKNIK<\/a><\/p>\n<p><a class=\"dugmeproizvod\" href=\"https:\/\/nevenacolor.co.rs\/wp-content\/uploads\/2025\/06\/Bezbedonosni-list-1.pdf\" target=\"_blank\" rel=\"noopener\">FLETA E SIGURIS\u00cb<\/a><\/p>\n<\/div>\n<p>&nbsp;<\/p>\n","protected":false},"excerpt":{"rendered":"<h3><strong>KARTELA TONE<\/strong><\/h3>\n[elementor-template id=\"30332\"]\n<div><a class=\"tonkarta\" href=\"#nevenaluxemajllak-tonkarta\" rel=\"noopener\"><img decoding=\"async\" src=\"https:\/\/nevenacolor.co.rs\/wp-content\/uploads\/2024\/06\/pantone-color-scheme.png\" width=\"40px\" \/> KARTELA TONE<\/a><\/div>\n","protected":false},"featured_media":41622,"template":"","meta":{"_monsterinsights_skip_tracking":false,"_monsterinsights_sitenote_active":false,"_monsterinsights_sitenote_note":"","_monsterinsights_sitenote_category":0},"product_brand":[],"product_cat":[569,562,573],"product_tag":[],"class_list":{"0":"post-41620","1":"product","2":"type-product","3":"status-publish","4":"has-post-thumbnail","6":"product_cat-boje-mbarimi-per-metal","7":"product_cat-shtrese-per-metal","8":"product_cat-veshje-alkidi-me-baze-vaj-sq","10":"first","11":"instock","12":"shipping-taxable","13":"product-type-simple"},"_links":{"self":[{"href":"https:\/\/nevenacolor.co.rs\/sq\/wp-json\/wp\/v2\/product\/41620","targetHints":{"allow":["GET"]}}],"collection":[{"href":"https:\/\/nevenacolor.co.rs\/sq\/wp-json\/wp\/v2\/product"}],"about":[{"href":"https:\/\/nevenacolor.co.rs\/sq\/wp-json\/wp\/v2\/types\/product"}],"version-history":[{"count":3,"href":"https:\/\/nevenacolor.co.rs\/sq\/wp-json\/wp\/v2\/product\/41620\/revisions"}],"predecessor-version":[{"id":42085,"href":"https:\/\/nevenacolor.co.rs\/sq\/wp-json\/wp\/v2\/product\/41620\/revisions\/42085"}],"wp:featuredmedia":[{"embeddable":true,"href":"https:\/\/nevenacolor.co.rs\/sq\/wp-json\/wp\/v2\/media\/41622"}],"wp:attachment":[{"href":"https:\/\/nevenacolor.co.rs\/sq\/wp-json\/wp\/v2\/media?parent=41620"}],"wp:term":[{"taxonomy":"product_brand","embeddable":true,"href":"https:\/\/nevenacolor.co.rs\/sq\/wp-json\/wp\/v2\/product_brand?post=41620"},{"taxonomy":"product_cat","embeddable":true,"href":"https:\/\/nevenacolor.co.rs\/sq\/wp-json\/wp\/v2\/product_cat?post=41620"},{"taxonomy":"product_tag","embeddable":true,"href":"https:\/\/nevenacolor.co.rs\/sq\/wp-json\/wp\/v2\/product_tag?post=41620"}],"curies":[{"name":"wp","href":"https:\/\/api.w.org\/{rel}","templated":true}]}}