{"id":41689,"date":"2025-06-05T14:20:59","date_gmt":"2025-06-05T14:20:59","guid":{"rendered":"https:\/\/nevenacolor.co.rs\/proizvod\/nevenalux-boje-vajore-per-dru\/"},"modified":"2025-06-09T11:08:50","modified_gmt":"2025-06-09T11:08:50","slug":"nevenalux-boje-vajore-per-dru","status":"publish","type":"product","link":"https:\/\/nevenacolor.co.rs\/sq\/proizvod\/nevenalux-boje-vajore-per-dru\/","title":{"rendered":"NEVENALUX BOJ\u00cb VAJI P\u00cbR DRU"},"content":{"rendered":"<h3><strong>T\u00cb DH\u00cbNA T\u00cb P\u00cbRGJITHSHME DHE Q\u00cbLLIMI:<\/strong><\/h3>\n<p class=\"p1\">Nevenalux boj\u00eb vajore p\u00ebr dru \u00ebsht\u00eb nj\u00eb material nj\u00ebkomponent\u00ebsh p\u00ebr lyerje me baz\u00eb lidh\u00ebs alkid t\u00eb cil\u00ebsis\u00eb s\u00eb lart\u00eb, pigmente, mbush\u00ebs, aditiv\u00eb dhe tret\u00ebs. Boja profesionale vajore Cool p\u00ebr dru p\u00ebrdoret si shtres\u00eb baz\u00eb mbi sip\u00ebrfaqe druri para aplikimit t\u00eb shtres\u00ebs p\u00ebrfundimtare me Nevenalux boj\u00eb llak. Karakterizohet me mbulim t\u00eb mir\u00eb, ngjitje t\u00eb mir\u00eb dhe fort\u00ebsi. G\u00ebrryhet (lyhet me let\u00ebr g\u00ebrryese) shum\u00eb mir\u00eb.   <\/p>\n<h3><strong>UDH\u00cbZIME P\u00cbR PUN\u00cb<\/strong><\/h3>\n<p class=\"p1\">P\u00ebrziejeni mir\u00eb para p\u00ebrdorimit. Sip\u00ebrfaqja duhet t\u00eb jet\u00eb e that\u00eb, pa yndyr\u00eb dhe pa papast\u00ebrti t\u00eb tjera. Aplikohet me fur\u00e7\u00eb, rul, sp\u00ebrkatje ose zhytje n\u00eb nj\u00eb apo dy shtresa. \u00cbsht\u00eb e nevojshme t\u00eb g\u00ebrryhet para aplikimit t\u00eb shtres\u00ebs p\u00ebrfundimtare. Shtresa e dyt\u00eb aplikohet pas 12 or\u00ebsh. P\u00ebr hollim dhe pastrim t\u00eb veglave p\u00ebrdoret tret\u00ebs vajor Cool.     <\/p>\n<h3><strong>KONSUMI<\/strong><\/h3>\n<p class=\"p1\">Me 1 kg boj\u00eb mund t\u00eb lyhen rreth 6\u20138 m\u00b2 n\u00eb nj\u00eb shtres\u00eb.<\/p>\n<h3><strong>AMBALAZHIMI<\/strong><\/h3>\n<p class=\"p1\">0.9 l, 3.5 l dhe 25 l<\/p>\n<h3><strong>AFATI I P\u00cbRDORIMIT DHE RUAJTJA<\/strong><\/h3>\n<p class=\"p1\">36 muaj nga data e shtypur n\u00eb ambalazh. T\u00eb ruhet n\u00eb paketim origjinal, mir\u00eb t\u00eb mbyllur dhe t\u00eb pad\u00ebmtuar, n\u00eb temperatur\u00eb prej +5\u00baC deri n\u00eb +25\u00baC. <\/p>\n<h3><strong>DOKUMENTACIONI<\/strong><\/h3>\n<div class=\"dokumentacija\">\n<p><a class=\"dugmeproizvod\" href=\"https:\/\/nevenacolor.co.rs\/wp-content\/uploads\/2025\/06\/Tehnicka-dokumentacija-4.pdf\" target=\"_blank\" rel=\"noopener\">DOKUMENTACIONI TEKNIK<\/a><\/p>\n<p><a class=\"dugmeproizvod\" href=\"https:\/\/nevenacolor.co.rs\/wp-content\/uploads\/2025\/06\/Bezbedonosni-list-2.pdf\" target=\"_blank\" rel=\"noopener\">FLETA E SIGURIS\u00cb<\/a><\/p>\n<\/div>\n<p>&nbsp;<\/p>\n<p><iframe loading=\"lazy\" title=\"YouTube video player\" src=\"https:\/\/www.youtube.com\/embed\/pMJUKnWVNP8?si=Q19AkbVxtclNKJZs\" width=\"560\" height=\"415\" frameborder=\"0\" allowfullscreen=\"allowfullscreen\" data-mce-fragment=\"1\"><\/iframe><\/p>\n","protected":false},"excerpt":{"rendered":"<p>T\u00cb DH\u00cbNA T\u00cb P\u00cbRGJITHSHME DHE Q\u00cbLLIMI: Nevenalux boj\u00eb vajore p\u00ebr dru \u00ebsht\u00eb nj\u00eb material nj\u00ebkomponent\u00ebsh p\u00ebr lyerje me baz\u00eb lidh\u00ebs<\/p>\n","protected":false},"featured_media":41671,"template":"","meta":{"_monsterinsights_skip_tracking":false,"_monsterinsights_sitenote_active":false,"_monsterinsights_sitenote_note":"","_monsterinsights_sitenote_category":0},"product_brand":[],"product_cat":[584,548,585],"product_tag":[],"class_list":{"0":"post-41689","1":"product","2":"type-product","3":"status-publish","4":"has-post-thumbnail","6":"product_cat-mbrojtja-themelore-e-drurit","7":"product_cat-shtrese-per-drure","8":"product_cat-veshje-nitro-sq-2","10":"first","11":"instock","12":"shipping-taxable","13":"product-type-simple"},"_links":{"self":[{"href":"https:\/\/nevenacolor.co.rs\/sq\/wp-json\/wp\/v2\/product\/41689","targetHints":{"allow":["GET"]}}],"collection":[{"href":"https:\/\/nevenacolor.co.rs\/sq\/wp-json\/wp\/v2\/product"}],"about":[{"href":"https:\/\/nevenacolor.co.rs\/sq\/wp-json\/wp\/v2\/types\/product"}],"version-history":[{"count":2,"href":"https:\/\/nevenacolor.co.rs\/sq\/wp-json\/wp\/v2\/product\/41689\/revisions"}],"predecessor-version":[{"id":42081,"href":"https:\/\/nevenacolor.co.rs\/sq\/wp-json\/wp\/v2\/product\/41689\/revisions\/42081"}],"wp:featuredmedia":[{"embeddable":true,"href":"https:\/\/nevenacolor.co.rs\/sq\/wp-json\/wp\/v2\/media\/41671"}],"wp:attachment":[{"href":"https:\/\/nevenacolor.co.rs\/sq\/wp-json\/wp\/v2\/media?parent=41689"}],"wp:term":[{"taxonomy":"product_brand","embeddable":true,"href":"https:\/\/nevenacolor.co.rs\/sq\/wp-json\/wp\/v2\/product_brand?post=41689"},{"taxonomy":"product_cat","embeddable":true,"href":"https:\/\/nevenacolor.co.rs\/sq\/wp-json\/wp\/v2\/product_cat?post=41689"},{"taxonomy":"product_tag","embeddable":true,"href":"https:\/\/nevenacolor.co.rs\/sq\/wp-json\/wp\/v2\/product_tag?post=41689"}],"curies":[{"name":"wp","href":"https:\/\/api.w.org\/{rel}","templated":true}]}}