{"id":41690,"date":"2025-06-05T14:13:03","date_gmt":"2025-06-05T14:13:03","guid":{"rendered":"https:\/\/nevenacolor.co.rs\/proizvod\/nevenalux-boje-baze-per-metal\/"},"modified":"2025-06-09T11:10:39","modified_gmt":"2025-06-09T11:10:39","slug":"nevenalux-boje-baze-per-metal","status":"publish","type":"product","link":"https:\/\/nevenacolor.co.rs\/sq\/proizvod\/nevenalux-boje-baze-per-metal\/","title":{"rendered":"NEVENALUX BOJ\u00cb BAZ\u00cb P\u00cbR METAL"},"content":{"rendered":"<h3><strong>T\u00cb DH\u00cbNA T\u00cb P\u00cbRGJITHSHME DHE Q\u00cbLLIMI:<\/strong><\/h3>\n<p class=\"p1\">Nevenalux boj\u00eb baz\u00eb p\u00ebr metal \u00ebsht\u00eb nj\u00eb material nj\u00ebkomponent\u00ebsh p\u00ebr lyerje me baz\u00eb lidh\u00ebs alkid t\u00eb cil\u00ebsis\u00eb s\u00eb lart\u00eb, pigmente antikorrozive, aditiv\u00eb dhe tret\u00ebs. P\u00ebrdoret p\u00ebr mbrojtje t\u00eb sip\u00ebrfaqeve metalike nga korrozioni si shtres\u00eb baz\u00eb. <\/p>\n<h3><strong>UDH\u00cbZIME P\u00cbR PUN\u00cb<\/strong><\/h3>\n<p class=\"p1\">Aplikohet me fur\u00e7\u00eb, rul ose me pistolet\u00eb mbi sip\u00ebrfaqe t\u00eb that\u00eb, t\u00eb past\u00ebr dhe t\u00eb yndyr\u00ebzuar n\u00eb dy shtresa. Sip\u00ebrfaqja thahet n\u00eb prekje pas 4\u20136 or\u00ebsh. Para aplikimit t\u00eb shtres\u00ebs tjet\u00ebr, t\u00eb priten 24 or\u00eb. P\u00ebr hollim dhe pastrim t\u00eb veglave p\u00ebrdoret tret\u00ebs vajor.   P\u00ebr hollim dhe pastrim t\u00eb veglave p\u00ebrdoret Tret\u00ebs Vajor.<\/p>\n<h3><strong>KONSUMI<\/strong><\/h3>\n<p class=\"p1\">Me 1 kg boj\u00eb mund t\u00eb mbulohen 6\u20138 m\u00b2 n\u00eb nj\u00eb shtres\u00eb.<\/p>\n<h3><strong>AMBALAZHIMI<\/strong><\/h3>\n<p class=\"p1\">0.9 kg, 3.5 kg, 25 kg<\/p>\n<h3><strong>AFATI I P\u00cbRDORIMIT DHE RUAJTJA<\/strong><\/h3>\n<p class=\"p1\">36 muaj nga data e shtypur n\u00eb ambalazh. T\u00eb ruhet n\u00eb paketimin origjinal, mir\u00eb t\u00eb mbyllur dhe t\u00eb pad\u00ebmtuar, n\u00eb temperatur\u00eb nga +5\u00baC deri n\u00eb +25\u00baC. <\/p>\n<h3><strong>NUANCAT<\/strong><\/h3>\n<p class=\"p1\">Gri, E kuqe, E zez\u00eb<\/p>\n<h3><strong>DOKUMENTACIONI<\/strong><\/h3>\n<div class=\"dokumentacija\">\n<p><a class=\"dugmeproizvod\" href=\"https:\/\/nevenacolor.co.rs\/wp-content\/uploads\/2025\/06\/Tehnicka-dokumentacija-3.pdf\" target=\"_blank\" rel=\"noopener\">DOKUMENTACIONI TEKNIK<\/a><\/p>\n<p><a class=\"dugmeproizvod\" href=\"https:\/\/nevenacolor.co.rs\/wp-content\/uploads\/2025\/06\/Bezbednonsni-list.pdf\" target=\"_blank\" rel=\"noopener\">FLETA E SIGURIS\u00cb<\/a><\/p>\n<p>&nbsp;<\/p>\n<\/div>\n<p><iframe loading=\"lazy\" title=\"YouTube video player\" src=\"https:\/\/www.youtube.com\/embed\/pX25fwFHLn4?si=XASz9WTzWUgK122i\" width=\"560\" height=\"415\" frameborder=\"0\" allowfullscreen=\"allowfullscreen\" data-mce-fragment=\"1\"><\/iframe><\/p>\n","protected":false},"excerpt":{"rendered":"<p>T\u00cb DH\u00cbNA T\u00cb P\u00cbRGJITHSHME DHE Q\u00cbLLIMI: Nevenalux boj\u00eb baz\u00eb p\u00ebr metal \u00ebsht\u00eb nj\u00eb material nj\u00ebkomponent\u00ebsh p\u00ebr lyerje me baz\u00eb lidh\u00ebs<\/p>\n","protected":false},"featured_media":41662,"template":"","meta":{"_monsterinsights_skip_tracking":false,"_monsterinsights_sitenote_active":false,"_monsterinsights_sitenote_note":"","_monsterinsights_sitenote_category":0},"product_brand":[],"product_cat":[563,562,566],"product_tag":[],"class_list":{"0":"post-41690","1":"product","2":"type-product","3":"status-publish","4":"has-post-thumbnail","6":"product_cat-mbrojtja-themelore-e-metalit","7":"product_cat-shtrese-per-metal","8":"product_cat-veshje-alkidi-me-baze-vaj","10":"first","11":"instock","12":"shipping-taxable","13":"product-type-simple"},"_links":{"self":[{"href":"https:\/\/nevenacolor.co.rs\/sq\/wp-json\/wp\/v2\/product\/41690","targetHints":{"allow":["GET"]}}],"collection":[{"href":"https:\/\/nevenacolor.co.rs\/sq\/wp-json\/wp\/v2\/product"}],"about":[{"href":"https:\/\/nevenacolor.co.rs\/sq\/wp-json\/wp\/v2\/types\/product"}],"version-history":[{"count":2,"href":"https:\/\/nevenacolor.co.rs\/sq\/wp-json\/wp\/v2\/product\/41690\/revisions"}],"predecessor-version":[{"id":42082,"href":"https:\/\/nevenacolor.co.rs\/sq\/wp-json\/wp\/v2\/product\/41690\/revisions\/42082"}],"wp:featuredmedia":[{"embeddable":true,"href":"https:\/\/nevenacolor.co.rs\/sq\/wp-json\/wp\/v2\/media\/41662"}],"wp:attachment":[{"href":"https:\/\/nevenacolor.co.rs\/sq\/wp-json\/wp\/v2\/media?parent=41690"}],"wp:term":[{"taxonomy":"product_brand","embeddable":true,"href":"https:\/\/nevenacolor.co.rs\/sq\/wp-json\/wp\/v2\/product_brand?post=41690"},{"taxonomy":"product_cat","embeddable":true,"href":"https:\/\/nevenacolor.co.rs\/sq\/wp-json\/wp\/v2\/product_cat?post=41690"},{"taxonomy":"product_tag","embeddable":true,"href":"https:\/\/nevenacolor.co.rs\/sq\/wp-json\/wp\/v2\/product_tag?post=41690"}],"curies":[{"name":"wp","href":"https:\/\/api.w.org\/{rel}","templated":true}]}}