{"id":41716,"date":"2025-06-05T14:34:52","date_gmt":"2025-06-05T14:34:52","guid":{"rendered":"https:\/\/nevenacolor.co.rs\/proizvod\/nevenalux-lluster-per-varka\/"},"modified":"2025-06-09T11:15:20","modified_gmt":"2025-06-09T11:15:20","slug":"nevenalux-lluster-per-varka","status":"publish","type":"product","link":"https:\/\/nevenacolor.co.rs\/sq\/proizvod\/nevenalux-lluster-per-varka\/","title":{"rendered":"NEVENALUX LLUST\u00cbR P\u00cbR VARKA"},"content":{"rendered":"<h3><strong>T\u00cb DH\u00cbNA T\u00cb P\u00cbRGJITHSHME DHE Q\u00cbLLIMI:<\/strong><\/h3>\n<p class=\"p1\">Nevenalux llust\u00ebr p\u00ebr varka \u00ebsht\u00eb nj\u00eb mbules\u00eb nj\u00ebkomponent\u00ebshe pa ngjyr\u00eb, e bazuar n\u00eb lidh\u00ebs sintetik\u00eb, aditiv\u00eb dhe tret\u00ebs, q\u00eb thahet n\u00eb aj\u00ebr. P\u00ebrdoret p\u00ebr dekorimin dhe mbrojtjen e sip\u00ebrfaqeve prej druri. Filmi i that\u00eb karakterizohet nga shk\u00eblqim i lart\u00eb, elasticitet i mir\u00eb, fort\u00ebsi, \u00ebsht\u00eb i l\u00ebmuar, pa rrudha apo parregullsi. \u00cbsht\u00eb rezistent ndaj ndikimeve atmosferike.   <\/p>\n<h3><strong>UDH\u00cbZIME P\u00cbR P\u00cbRDORIM<\/strong><\/h3>\n<p class=\"p1\">Aplikohet me penel, rul, zhytje ose me sp\u00ebrkatje mbi nj\u00eb sip\u00ebrfaqe t\u00eb that\u00eb, t\u00eb past\u00ebr dhe t\u00eb g\u00ebrryer n\u00eb 2\u20133 shtresa.<\/p>\n<h3><strong>KONSUMI<\/strong><\/h3>\n<p class=\"p1\">Me 1 lit\u00ebr llust\u00ebr mund t\u00eb lyhen 10\u201312 m\u00b2 n\u00eb nj\u00eb shtres\u00eb.<\/p>\n<h3><strong>AMBALAZHIMI<\/strong><\/h3>\n<p class=\"p1\">0,75 litra<\/p>\n<h3><strong>AFATI I P\u00cbRDORIMIT DHE RUAJTJA<\/strong><\/h3>\n<p class=\"p1\">36 muaj nga data e shtypur n\u00eb ambalazh. T\u00eb ruhet n\u00eb ambalazhin origjinal, t\u00eb mbyllur mir\u00eb dhe t\u00eb pad\u00ebmtuar, n\u00eb temperatur\u00eb nga +5\u00baC deri +25\u00baC. <\/p>\n<h3><strong>DOKUMENTACIONI<\/strong><\/h3>\n<div class=\"dokumentacija\">\n<p><a class=\"dugmeproizvod\" href=\"https:\/\/nevenacolor.co.rs\/wp-content\/uploads\/2025\/06\/Tehnicka-dokumentacija-5.pdf\" target=\"_blank\" rel=\"noopener\">DOKUMENTACIONI TEKNIK<\/a><\/p>\n<p><a class=\"dugmeproizvod\" href=\"https:\/\/nevenacolor.co.rs\/wp-content\/uploads\/2025\/06\/Bezbedonosni-list-3.pdf\" target=\"_blank\" rel=\"noopener\">FLETA E SIGURIS\u00cb<\/a><\/p>\n<p>&nbsp;<\/p>\n<\/div>\n","protected":false},"excerpt":{"rendered":"<p>T\u00cb DH\u00cbNA T\u00cb P\u00cbRGJITHSHME DHE Q\u00cbLLIMI: Nevenalux llust\u00ebr p\u00ebr varka \u00ebsht\u00eb nj\u00eb mbules\u00eb nj\u00ebkomponent\u00ebshe pa ngjyr\u00eb, e bazuar n\u00eb lidh\u00ebs<\/p>\n","protected":false},"featured_media":41711,"template":"","meta":{"_monsterinsights_skip_tracking":false,"_monsterinsights_sitenote_active":false,"_monsterinsights_sitenote_note":"","_monsterinsights_sitenote_category":0},"product_brand":[],"product_cat":[552,548,575],"product_tag":[],"class_list":{"0":"post-41716","1":"product","2":"type-product","3":"status-publish","4":"has-post-thumbnail","6":"product_cat-lakeret","7":"product_cat-shtrese-per-drure","8":"product_cat-veshje-alkidi-me-baze-vaj-sq-2","10":"first","11":"instock","12":"shipping-taxable","13":"product-type-simple"},"_links":{"self":[{"href":"https:\/\/nevenacolor.co.rs\/sq\/wp-json\/wp\/v2\/product\/41716","targetHints":{"allow":["GET"]}}],"collection":[{"href":"https:\/\/nevenacolor.co.rs\/sq\/wp-json\/wp\/v2\/product"}],"about":[{"href":"https:\/\/nevenacolor.co.rs\/sq\/wp-json\/wp\/v2\/types\/product"}],"version-history":[{"count":2,"href":"https:\/\/nevenacolor.co.rs\/sq\/wp-json\/wp\/v2\/product\/41716\/revisions"}],"predecessor-version":[{"id":42084,"href":"https:\/\/nevenacolor.co.rs\/sq\/wp-json\/wp\/v2\/product\/41716\/revisions\/42084"}],"wp:featuredmedia":[{"embeddable":true,"href":"https:\/\/nevenacolor.co.rs\/sq\/wp-json\/wp\/v2\/media\/41711"}],"wp:attachment":[{"href":"https:\/\/nevenacolor.co.rs\/sq\/wp-json\/wp\/v2\/media?parent=41716"}],"wp:term":[{"taxonomy":"product_brand","embeddable":true,"href":"https:\/\/nevenacolor.co.rs\/sq\/wp-json\/wp\/v2\/product_brand?post=41716"},{"taxonomy":"product_cat","embeddable":true,"href":"https:\/\/nevenacolor.co.rs\/sq\/wp-json\/wp\/v2\/product_cat?post=41716"},{"taxonomy":"product_tag","embeddable":true,"href":"https:\/\/nevenacolor.co.rs\/sq\/wp-json\/wp\/v2\/product_tag?post=41716"}],"curies":[{"name":"wp","href":"https:\/\/api.w.org\/{rel}","templated":true}]}}