{"id":41779,"date":"2025-06-06T07:39:38","date_gmt":"2025-06-06T07:39:38","guid":{"rendered":"https:\/\/nevenacolor.co.rs\/proizvod\/nevenalux-classic-lazura\/"},"modified":"2025-06-09T11:07:49","modified_gmt":"2025-06-09T11:07:49","slug":"nevenalux-classic-lazura","status":"publish","type":"product","link":"https:\/\/nevenacolor.co.rs\/sq\/proizvod\/nevenalux-classic-lazura\/","title":{"rendered":"NEVENALUX CLASSIC LAZURA"},"content":{"rendered":"<h3><strong>T\u00cb DH\u00cbNA T\u00cb P\u00cbRGJITHSHME DHE Q\u00cbLLIMI:<\/strong><\/h3>\n<p class=\"p1\">NEVENALUX classic lazura mbron drurin nga ndikimet atmosferike, e ngjyros at\u00eb n\u00eb m\u00ebnyr\u00eb dekorative dhe e zbukuron sip\u00ebrfaqen e tij. I jep drurit pamje natyrale dhe e l\u00eb t\u00eb dukshme struktur\u00ebn e tij. <\/p>\n<h3><strong>UDH\u00cbZIME P\u00cbR P\u00cbRDORIM<\/strong><\/h3>\n<p class=\"p1\">Produkti nuk hollohet. Aplikohet n\u00eb nj\u00eb sip\u00ebrfaqe t\u00eb that\u00eb, t\u00eb l\u00ebmuar dhe t\u00eb pastruar n\u00eb nj\u00eb ose dy shtresa me penel, rul ose zhytje. Koha e tharjes \u00ebsht\u00eb 12 or\u00eb, nd\u00ebrsa 24 or\u00eb rekomandohen p\u00ebr aplikimin e shtres\u00ebs s\u00eb dyt\u00eb. P\u00ebr pastrimin e veglave p\u00ebrdorni holluesin vajor Cool.   <\/p>\n<h3><strong>KONSUMI<\/strong><\/h3>\n<p class=\"p1\">1 lit\u00ebr mund t\u00eb mbuloj\u00eb 10\u201312 m\u00b2 n\u00eb nj\u00eb shtres\u00eb.<\/p>\n<h3><strong>AMBALAZHIMI<\/strong><\/h3>\n<p class=\"p1\">0.75 l, 2.5 l dhe 20 l.<\/p>\n<h3><strong>NUANCAT<\/strong><\/h3>\n<p>Pa ngjyr\u00eb, pishe, tik, arr\u00eb, blu, mahagoni, lis, palisand\u00ebr, g\u00ebshtenj\u00eb, e kuqe, eben, jeshile, pishe e kuqe, pishe e art\u00eb, konjak, lis i \u00e7el\u00ebt dhe kungull.<\/p>\n<h3><strong>AFATI I P\u00cbRDORIMIT DHE RUAJTJA<\/strong><\/h3>\n<p class=\"p1\">36 muaj nga data e shtypur n\u00eb ambalazh. T\u00eb ruhet n\u00eb ambalazhin origjinal, t\u00eb mbyllur mir\u00eb dhe t\u00eb pad\u00ebmtuar n\u00eb temperatur\u00eb nga +5\u00baC deri n\u00eb +25\u00baC. <\/p>\n<h3><strong>DOKUMENTACIONI<\/strong><\/h3>\n<div class=\"dokumentacija\">\n<p><a class=\"dugmeproizvod\" href=\"https:\/\/nevenacolor.co.rs\/wp-content\/uploads\/2025\/06\/Tehnicka-dokumentacija-6.pdf\" target=\"_blank\" rel=\"noopener\">DOKUMENTACIONI TEKNIK<\/a><\/p>\n<p><a class=\"dugmeproizvod\" href=\"https:\/\/nevenacolor.co.rs\/wp-content\/uploads\/2025\/06\/Bezbedonosni-list-4.pdf\" target=\"_blank\" rel=\"noopener\">FLETA E SIGURIS\u00cb<\/a><\/p>\n<p>&nbsp;<\/p>\n<\/div>\n","protected":false},"excerpt":{"rendered":"<p>T\u00cb DH\u00cbNA T\u00cb P\u00cbRGJITHSHME DHE Q\u00cbLLIMI: NEVENALUX classic lazura mbron drurin nga ndikimet atmosferike, e ngjyros at\u00eb n\u00eb m\u00ebnyr\u00eb dekorative<\/p>\n","protected":false},"featured_media":41720,"template":"","meta":{"_monsterinsights_skip_tracking":false,"_monsterinsights_sitenote_active":false,"_monsterinsights_sitenote_note":"","_monsterinsights_sitenote_category":0},"product_brand":[],"product_cat":[581,548,582],"product_tag":[],"class_list":{"0":"post-41779","1":"product","2":"type-product","3":"status-publish","4":"has-post-thumbnail","6":"product_cat-laze-sq","7":"product_cat-shtrese-per-drure","8":"product_cat-veshje-alkidi-me-baze-vaj-sq-5","10":"first","11":"instock","12":"shipping-taxable","13":"product-type-simple"},"_links":{"self":[{"href":"https:\/\/nevenacolor.co.rs\/sq\/wp-json\/wp\/v2\/product\/41779","targetHints":{"allow":["GET"]}}],"collection":[{"href":"https:\/\/nevenacolor.co.rs\/sq\/wp-json\/wp\/v2\/product"}],"about":[{"href":"https:\/\/nevenacolor.co.rs\/sq\/wp-json\/wp\/v2\/types\/product"}],"version-history":[{"count":3,"href":"https:\/\/nevenacolor.co.rs\/sq\/wp-json\/wp\/v2\/product\/41779\/revisions"}],"predecessor-version":[{"id":42080,"href":"https:\/\/nevenacolor.co.rs\/sq\/wp-json\/wp\/v2\/product\/41779\/revisions\/42080"}],"wp:featuredmedia":[{"embeddable":true,"href":"https:\/\/nevenacolor.co.rs\/sq\/wp-json\/wp\/v2\/media\/41720"}],"wp:attachment":[{"href":"https:\/\/nevenacolor.co.rs\/sq\/wp-json\/wp\/v2\/media?parent=41779"}],"wp:term":[{"taxonomy":"product_brand","embeddable":true,"href":"https:\/\/nevenacolor.co.rs\/sq\/wp-json\/wp\/v2\/product_brand?post=41779"},{"taxonomy":"product_cat","embeddable":true,"href":"https:\/\/nevenacolor.co.rs\/sq\/wp-json\/wp\/v2\/product_cat?post=41779"},{"taxonomy":"product_tag","embeddable":true,"href":"https:\/\/nevenacolor.co.rs\/sq\/wp-json\/wp\/v2\/product_tag?post=41779"}],"curies":[{"name":"wp","href":"https:\/\/api.w.org\/{rel}","templated":true}]}}