{"id":41809,"date":"2025-06-06T07:57:42","date_gmt":"2025-06-06T07:57:42","guid":{"rendered":"https:\/\/nevenacolor.co.rs\/proizvod\/nevenalux-lak-lazura\/"},"modified":"2025-06-09T11:07:22","modified_gmt":"2025-06-09T11:07:22","slug":"nevenalux-lak-lazura","status":"publish","type":"product","link":"https:\/\/nevenacolor.co.rs\/sq\/proizvod\/nevenalux-lak-lazura\/","title":{"rendered":"NEVENALUX LAK LAZURA"},"content":{"rendered":"<h3><strong>T\u00cb DH\u00cbNA T\u00cb P\u00cbRGJITHSHME DHE Q\u00cbLLIMI:<\/strong><\/h3>\n<p class=\"p1\">Nevenalux lak lazura mbron drurin nga ndikimet atmosferike, e ngjyros n\u00eb m\u00ebnyr\u00eb dekorative dhe e pasuron sip\u00ebrfaqen e tij. I jep drurit pamje natyrale dhe e l\u00eb t\u00eb dukshme struktur\u00ebn e tij. <\/p>\n<h3><strong>UDH\u00cbZIME P\u00cbR P\u00cbRDORIM<\/strong><\/h3>\n<p class=\"p1\">Nuk hollohet. Aplikohet mbi nj\u00eb sip\u00ebrfaqe t\u00eb that\u00eb, t\u00eb l\u00ebmuar dhe t\u00eb pastruar n\u00eb nj\u00eb ose dy shtresa me penel, rul ose zhytje. Koha e tharjes \u00ebsht\u00eb 12 or\u00eb. Shtresa tjet\u00ebr aplikohet pas 24 or\u00ebsh. P\u00ebr pastrimin e veglave p\u00ebrdorni holluesin vajor Cool.    <\/p>\n<h3><strong>KONSUMI<\/strong><\/h3>\n<p class=\"p1\">Me 1 lit\u00ebr llust\u00ebr mund t\u00eb lyhen 10\u201312 m\u00b2 n\u00eb nj\u00eb shtres\u00eb.<\/p>\n<h3><strong>AMBALAZHIMI<\/strong><\/h3>\n<p class=\"p1\">0.75 l, 2.5 l dhe 20 l.<\/p>\n<h3><strong>NUANCAT<\/strong><\/h3>\n<p>Pa ngjyr\u00eb, pishe, tik, arr\u00eb, blu, mahagoni, lis, palisand\u00ebr, g\u00ebshtenj\u00eb, e kuqe, eben, jeshile, pishe e kuqe, konjak, pishe e art\u00eb, lis i \u00e7el\u00ebt dhe kungull.<\/p>\n<h3><strong>AFATI I P\u00cbRDORIMIT DHE RUAJTJA<\/strong><\/h3>\n<p class=\"p1\">36 muaj nga data e shtypur n\u00eb ambalazh. Ruhet n\u00eb paketimin origjinal, mir\u00eb t\u00eb mbyllur dhe t\u00eb pad\u00ebmtuar, n\u00eb temperatur\u00eb nga +5\u00baC deri n\u00eb +25\u00baC. <\/p>\n<h3><strong>DOKUMENTACIONI<\/strong><\/h3>\n<div class=\"dokumentacija\">\n<p><a class=\"dugmeproizvod\" href=\"https:\/\/nevenacolor.co.rs\/wp-content\/uploads\/2025\/06\/Tehnicka-dokumentacija-8-1.pdf\" target=\"_blank\" rel=\"noopener\">DOKUMENTACIONI TEKNIK<\/a><\/p>\n<p><a class=\"dugmeproizvod\" href=\"https:\/\/nevenacolor.co.rs\/wp-content\/uploads\/2025\/06\/Bezbedonosni-list-4.pdf\" target=\"_blank\" rel=\"noopener\">FLETA E SIGURIS\u00cb<\/a><\/p>\n<p>&nbsp;<\/p>\n<\/div>\n","protected":false},"excerpt":{"rendered":"<p>T\u00cb DH\u00cbNA T\u00cb P\u00cbRGJITHSHME DHE Q\u00cbLLIMI: Nevenalux lak lazura mbron drurin nga ndikimet atmosferike, e ngjyros n\u00eb m\u00ebnyr\u00eb dekorative dhe<\/p>\n","protected":false},"featured_media":41732,"template":"","meta":{"_monsterinsights_skip_tracking":false,"_monsterinsights_sitenote_active":false,"_monsterinsights_sitenote_note":"","_monsterinsights_sitenote_category":0},"product_brand":[],"product_cat":[581,548,582],"product_tag":[],"class_list":{"0":"post-41809","1":"product","2":"type-product","3":"status-publish","4":"has-post-thumbnail","6":"product_cat-laze-sq","7":"product_cat-shtrese-per-drure","8":"product_cat-veshje-alkidi-me-baze-vaj-sq-5","10":"first","11":"instock","12":"shipping-taxable","13":"product-type-simple"},"_links":{"self":[{"href":"https:\/\/nevenacolor.co.rs\/sq\/wp-json\/wp\/v2\/product\/41809","targetHints":{"allow":["GET"]}}],"collection":[{"href":"https:\/\/nevenacolor.co.rs\/sq\/wp-json\/wp\/v2\/product"}],"about":[{"href":"https:\/\/nevenacolor.co.rs\/sq\/wp-json\/wp\/v2\/types\/product"}],"version-history":[{"count":2,"href":"https:\/\/nevenacolor.co.rs\/sq\/wp-json\/wp\/v2\/product\/41809\/revisions"}],"predecessor-version":[{"id":42079,"href":"https:\/\/nevenacolor.co.rs\/sq\/wp-json\/wp\/v2\/product\/41809\/revisions\/42079"}],"wp:featuredmedia":[{"embeddable":true,"href":"https:\/\/nevenacolor.co.rs\/sq\/wp-json\/wp\/v2\/media\/41732"}],"wp:attachment":[{"href":"https:\/\/nevenacolor.co.rs\/sq\/wp-json\/wp\/v2\/media?parent=41809"}],"wp:term":[{"taxonomy":"product_brand","embeddable":true,"href":"https:\/\/nevenacolor.co.rs\/sq\/wp-json\/wp\/v2\/product_brand?post=41809"},{"taxonomy":"product_cat","embeddable":true,"href":"https:\/\/nevenacolor.co.rs\/sq\/wp-json\/wp\/v2\/product_cat?post=41809"},{"taxonomy":"product_tag","embeddable":true,"href":"https:\/\/nevenacolor.co.rs\/sq\/wp-json\/wp\/v2\/product_tag?post=41809"}],"curies":[{"name":"wp","href":"https:\/\/api.w.org\/{rel}","templated":true}]}}