{"id":41826,"date":"2025-06-06T08:07:49","date_gmt":"2025-06-06T08:07:49","guid":{"rendered":"https:\/\/nevenacolor.co.rs\/proizvod\/nevenalux-nitro-boje-baze-per-metal\/"},"modified":"2025-06-09T11:06:57","modified_gmt":"2025-06-09T11:06:57","slug":"nevenalux-nitro-boje-baze-per-metal","status":"publish","type":"product","link":"https:\/\/nevenacolor.co.rs\/sq\/proizvod\/nevenalux-nitro-boje-baze-per-metal\/","title":{"rendered":"NEVENALUX NITRO BOJ\u00cb BAZ\u00cb P\u00cbR METAL"},"content":{"rendered":"<h3><strong>T\u00cb DH\u00cbNA T\u00cb P\u00cbRGJITHSHME DHE Q\u00cbLLIMI:<\/strong><\/h3>\n<p class=\"p1\">Nevenalux nitro boja baz\u00eb p\u00ebr metal p\u00ebrdoret p\u00ebr mbrojtje antikorozive t\u00eb sip\u00ebrfaqeve metalike n\u00eb ambiente t\u00eb brendshme dhe t\u00eb jashtme. Karakterizohet nga tharje e shpejt\u00eb, ngjitje e mir\u00eb, fort\u00ebsi dhe elasticitet. \u00cbsht\u00eb prodhuar n\u00eb baz\u00eb t\u00eb lidh\u00ebsve sintetik\u00eb n\u00eb kombinim me nitroceluloz\u00eb, pigmente, mbush\u00ebs, tret\u00ebs dhe aditiv\u00eb special\u00eb.  <\/p>\n<h3><strong>UDH\u00cbZIME P\u00cbR P\u00cbRDORIM<\/strong><\/h3>\n<p class=\"p1\">P\u00ebrpara p\u00ebrdorimit p\u00ebrziejeni mir\u00eb. Aplikohet me fur\u00e7\u00eb, rul ose me sp\u00ebrkatje n\u00eb dy shtresa. Sip\u00ebrfaqja p\u00ebr aplikim duhet t\u00eb jet\u00eb e that\u00eb, e past\u00ebr, pa pluhur dhe pa yndyr\u00eb. P\u00ebr hollim dhe pastrim t\u00eb veglave p\u00ebrdorni holluesin Nitro.   <\/p>\n<h3><strong>KONSUMI<\/strong><\/h3>\n<p class=\"p1\">8\u201310 m\u00b2\/kg n\u00eb nj\u00eb shtres\u00eb.<\/p>\n<h3><strong>AMBALAZHIMI<\/strong><\/h3>\n<p class=\"p1\">0.9 kg, 3.5 kg dhe 25 kg.<\/p>\n<h3><strong>NUANCAT<\/strong><\/h3>\n<p>Gri, e kuqe dhe e zez\u00eb.<\/p>\n<h3><strong>AFATI I P\u00cbRDORIMIT DHE RUAJTJA<\/strong><\/h3>\n<p class=\"p1\">36 muaj nga data e shtypur n\u00eb ambalazh. T\u00eb ruhet n\u00eb ambalazhin origjinal, t\u00eb mbyllur mir\u00eb dhe t\u00eb pad\u00ebmtuar n\u00eb temperatur\u00eb nga +5\u00baC deri n\u00eb +25\u00baC. <\/p>\n<h3><strong>DOKUMENTACIONI<\/strong><\/h3>\n<div class=\"dokumentacija\">\n<p><a class=\"dugmeproizvod\" href=\"https:\/\/nevenacolor.co.rs\/wp-content\/uploads\/2025\/06\/Tehnickadokumenatcija.pdf\" target=\"_blank\" rel=\"noopener\">DOKUMENTACIONI TEKNIK<\/a><\/p>\n<p><a class=\"dugmeproizvod\" href=\"https:\/\/nevenacolor.co.rs\/wp-content\/uploads\/2025\/06\/Bezbedonosni-list-7.pdf\" target=\"_blank\" rel=\"noopener\">FLETA E SIGURIS\u00cb<\/a><\/p>\n<p>&nbsp;<\/p>\n<\/div>\n","protected":false},"excerpt":{"rendered":"<p>T\u00cb DH\u00cbNA T\u00cb P\u00cbRGJITHSHME DHE Q\u00cbLLIMI: Nevenalux nitro boja baz\u00eb p\u00ebr metal p\u00ebrdoret p\u00ebr mbrojtje antikorozive t\u00eb sip\u00ebrfaqeve metalike n\u00eb<\/p>\n","protected":false},"featured_media":41744,"template":"","meta":{"_monsterinsights_skip_tracking":false,"_monsterinsights_sitenote_active":false,"_monsterinsights_sitenote_note":"","_monsterinsights_sitenote_category":0},"product_brand":[],"product_cat":[563,562,565],"product_tag":[],"class_list":{"0":"post-41826","1":"product","2":"type-product","3":"status-publish","4":"has-post-thumbnail","6":"product_cat-mbrojtja-themelore-e-metalit","7":"product_cat-shtrese-per-metal","8":"product_cat-veshje-nitro","10":"first","11":"instock","12":"shipping-taxable","13":"product-type-simple"},"_links":{"self":[{"href":"https:\/\/nevenacolor.co.rs\/sq\/wp-json\/wp\/v2\/product\/41826","targetHints":{"allow":["GET"]}}],"collection":[{"href":"https:\/\/nevenacolor.co.rs\/sq\/wp-json\/wp\/v2\/product"}],"about":[{"href":"https:\/\/nevenacolor.co.rs\/sq\/wp-json\/wp\/v2\/types\/product"}],"version-history":[{"count":2,"href":"https:\/\/nevenacolor.co.rs\/sq\/wp-json\/wp\/v2\/product\/41826\/revisions"}],"predecessor-version":[{"id":42078,"href":"https:\/\/nevenacolor.co.rs\/sq\/wp-json\/wp\/v2\/product\/41826\/revisions\/42078"}],"wp:featuredmedia":[{"embeddable":true,"href":"https:\/\/nevenacolor.co.rs\/sq\/wp-json\/wp\/v2\/media\/41744"}],"wp:attachment":[{"href":"https:\/\/nevenacolor.co.rs\/sq\/wp-json\/wp\/v2\/media?parent=41826"}],"wp:term":[{"taxonomy":"product_brand","embeddable":true,"href":"https:\/\/nevenacolor.co.rs\/sq\/wp-json\/wp\/v2\/product_brand?post=41826"},{"taxonomy":"product_cat","embeddable":true,"href":"https:\/\/nevenacolor.co.rs\/sq\/wp-json\/wp\/v2\/product_cat?post=41826"},{"taxonomy":"product_tag","embeddable":true,"href":"https:\/\/nevenacolor.co.rs\/sq\/wp-json\/wp\/v2\/product_tag?post=41826"}],"curies":[{"name":"wp","href":"https:\/\/api.w.org\/{rel}","templated":true}]}}