{"id":41842,"date":"2025-06-06T08:19:26","date_gmt":"2025-06-06T08:19:26","guid":{"rendered":"https:\/\/nevenacolor.co.rs\/proizvod\/nevenalux-nitro-grund-boje-baze-per-dru\/"},"modified":"2025-06-09T11:05:49","modified_gmt":"2025-06-09T11:05:49","slug":"nevenalux-nitro-grund-boje-baze-per-dru","status":"publish","type":"product","link":"https:\/\/nevenacolor.co.rs\/sq\/proizvod\/nevenalux-nitro-grund-boje-baze-per-dru\/","title":{"rendered":"NEVENALUX NITRO GRUND \u2013 boj\u00eb baz\u00eb p\u00ebr dru"},"content":{"rendered":"<h3><strong>T\u00cb DH\u00cbNA T\u00cb P\u00cbRGJITHSHME DHE Q\u00cbLLIMI:<\/strong><\/h3>\n<p class=\"p1\">Nevenalux nitro boj\u00eb baz\u00eb p\u00ebr dru (GRUND) \u00ebsht\u00eb nj\u00eb shtres\u00eb baz\u00eb nj\u00ebkomponent\u00ebshe, e prodhuar n\u00eb baz\u00eb t\u00eb nj\u00eb kombinimi t\u00eb p\u00ebrshtatsh\u00ebm t\u00eb nitroceluloz\u00ebs, rr\u00ebshirave sintetike, mbush\u00ebsve dhe pigmenteve. Karakterizohet nga tharja e shpejt\u00eb, ngjitja e mir\u00eb, fort\u00ebsia, elasticiteti dhe leht\u00ebsia p\u00ebr t\u2019u l\u00ebmuar. P\u00ebrdoret si baz\u00eb p\u00ebr dru dhe elemente prej druri.  <\/p>\n<h3><strong>UDH\u00cbZIME P\u00cbR P\u00cbRDORIM<\/strong><\/h3>\n<p class=\"p1\">E destinuar p\u00ebr lyerjen paraprake t\u00eb sip\u00ebrfaqeve prej druri si baz\u00eb p\u00ebr aplikimin e boj\u00ebs nitro, poliuretanit dhe t\u00eb tjera. Sip\u00ebrfaqja duhet t\u00eb jet\u00eb e that\u00eb, e past\u00ebr, pa yndyr\u00eb dhe e l\u00ebmuar. P\u00ebrziejeni mir\u00eb para p\u00ebrdorimit. P\u00ebr hollim t\u00eb boj\u00ebs dhe pastrim t\u00eb veglave p\u00ebrdorni holluesin nitro.   <\/p>\n<h3><strong>KONSUMI<\/strong><\/h3>\n<p class=\"p1\">6\u20138 m\u00b2\/kg<\/p>\n<h3><strong>AMBALAZHIMI<\/strong><\/h3>\n<p class=\"p1\">0.9 kg, 3.5 kg, 25 kg<\/p>\n<h3><strong>AFATI I P\u00cbRDORIMIT DHE RUAJTJA<\/strong><\/h3>\n<p class=\"p1\">36 muaj nga data e shtypur n\u00eb ambalazh. Ruhet n\u00eb paketimin origjinal, mir\u00eb t\u00eb mbyllur dhe t\u00eb pad\u00ebmtuar, n\u00eb temperatur\u00eb nga +5\u00baC deri n\u00eb +25\u00baC. <\/p>\n<h3><strong>DOKUMENTACIONI<\/strong><\/h3>\n<div class=\"dokumentacija\">\n<p><a class=\"dugmeproizvod\" href=\"https:\/\/nevenacolor.co.rs\/wp-content\/uploads\/2025\/06\/Tehnicka-dokumentacija-9.pdf\" target=\"_blank\" rel=\"noopener\">DOKUMENTACIONI TEKNIK<\/a><\/p>\n<p><a class=\"dugmeproizvod\" href=\"https:\/\/nevenacolor.co.rs\/wp-content\/uploads\/2025\/06\/Bezbedonosni-list-8.pdf\" target=\"_blank\" rel=\"noopener\">FLETA E SIGURIS\u00cb<\/a><\/p>\n<p>&nbsp;<\/p>\n<\/div>\n","protected":false},"excerpt":{"rendered":"<p>T\u00cb DH\u00cbNA T\u00cb P\u00cbRGJITHSHME DHE Q\u00cbLLIMI: Nevenalux nitro boj\u00eb baz\u00eb p\u00ebr dru (GRUND) \u00ebsht\u00eb nj\u00eb shtres\u00eb baz\u00eb nj\u00ebkomponent\u00ebshe, e prodhuar<\/p>\n","protected":false},"featured_media":41726,"template":"","meta":{"_monsterinsights_skip_tracking":false,"_monsterinsights_sitenote_active":false,"_monsterinsights_sitenote_note":"","_monsterinsights_sitenote_category":0},"product_brand":[],"product_cat":[584,548,585],"product_tag":[],"class_list":{"0":"post-41842","1":"product","2":"type-product","3":"status-publish","4":"has-post-thumbnail","6":"product_cat-mbrojtja-themelore-e-drurit","7":"product_cat-shtrese-per-drure","8":"product_cat-veshje-nitro-sq-2","10":"first","11":"instock","12":"shipping-taxable","13":"product-type-simple"},"_links":{"self":[{"href":"https:\/\/nevenacolor.co.rs\/sq\/wp-json\/wp\/v2\/product\/41842","targetHints":{"allow":["GET"]}}],"collection":[{"href":"https:\/\/nevenacolor.co.rs\/sq\/wp-json\/wp\/v2\/product"}],"about":[{"href":"https:\/\/nevenacolor.co.rs\/sq\/wp-json\/wp\/v2\/types\/product"}],"version-history":[{"count":2,"href":"https:\/\/nevenacolor.co.rs\/sq\/wp-json\/wp\/v2\/product\/41842\/revisions"}],"predecessor-version":[{"id":42077,"href":"https:\/\/nevenacolor.co.rs\/sq\/wp-json\/wp\/v2\/product\/41842\/revisions\/42077"}],"wp:featuredmedia":[{"embeddable":true,"href":"https:\/\/nevenacolor.co.rs\/sq\/wp-json\/wp\/v2\/media\/41726"}],"wp:attachment":[{"href":"https:\/\/nevenacolor.co.rs\/sq\/wp-json\/wp\/v2\/media?parent=41842"}],"wp:term":[{"taxonomy":"product_brand","embeddable":true,"href":"https:\/\/nevenacolor.co.rs\/sq\/wp-json\/wp\/v2\/product_brand?post=41842"},{"taxonomy":"product_cat","embeddable":true,"href":"https:\/\/nevenacolor.co.rs\/sq\/wp-json\/wp\/v2\/product_cat?post=41842"},{"taxonomy":"product_tag","embeddable":true,"href":"https:\/\/nevenacolor.co.rs\/sq\/wp-json\/wp\/v2\/product_tag?post=41842"}],"curies":[{"name":"wp","href":"https:\/\/api.w.org\/{rel}","templated":true}]}}